{"id":159582,"date":"2025-07-31T17:01:18","date_gmt":"2025-07-31T15:01:18","guid":{"rendered":"https:\/\/www.budream.com\/shop\/royal-queen-seeds-white-widow-fem\/"},"modified":"2026-04-09T11:46:25","modified_gmt":"2026-04-09T09:46:25","slug":"royal-queen-seeds-white-widow-fem","status":"publish","type":"product","link":"https:\/\/www.budream.com\/de\/shop\/royal-queen-seeds-white-widow-fem\/","title":{"rendered":"ROYAL QUEEN SEEDS &#8211; WHITE WIDOW FEM"},"content":{"rendered":"<p>Obwohl die genauen Urspr\u00fcnge dieser Sorte in Geheimnisse geh\u00fcllt sind, k\u00f6nnen wir garantieren, dass die urspr\u00fcngliche <em>White Widow<\/em> ein niederl\u00e4ndischer Klassiker ist, der zuerst in den Niederlanden angebaut wurde.<\/p>\n<p>Die urspr\u00fcngliche <em>White Widow<\/em> wurde geboren, als eine einheimische Sativa aus Brasilien von einem Indica-Hybriden aus S\u00fcdindien best\u00e4ubt wurde. Der Legende nach war <em>WW<\/em> das Ergebnis jahrelanger Selektion und Hybridisierung in den Bergen von Kerala, um harzreiche Marihuanapflanzen zu erzeugen.<\/p>\n<h2><strong>Eigenschaften White Widow Royal Queen Seeds:<\/strong><\/h2>\n<ul style=\"list-style-type: disc\">\n<li><strong>Gattung:<\/strong> Feminisiert<\/li>\n<li><strong>Genotyp:<\/strong> 50% Sativa \/ 50% Indica-Hybrid<\/li>\n<li><strong>Genetik<\/strong>: Wei\u00dfe Witwe S1<\/li>\n<li><strong>Tage:<\/strong> 56-70<\/li>\n<\/ul>\n<p><em><strong>ACHTUNG:<\/strong> Hanfsamen fallen nicht unter den Rechtsbegriff Cannabis, was bedeutet, dass sie nicht als Bet\u00e4ubungsmittel gelten (L. 412 von 1974, Art. 1, Absatz 1, Buchstabe B; Einheits\u00fcbereinkommen \u00fcber Bet\u00e4ubungsmittel von New York von 1961 und Tabelle II des Ministerialerlasses vom 27.7.1992). In Italien ist der Anbau von Hanf verboten (Artikel 28 und 73 des Pr\u00e4sidialdekrets 309\/90), es sei denn, es liegt eine Sondergenehmigung vor (Artikel 17 des Pr\u00e4sidialdekrets 309\/90). In Ermangelung einer solchen Genehmigung darf das Saatgut nur f\u00fcr andere Zwecke verwendet werden (zootechnische Zwecke, Sammeln usw.). Das Saatgut wird unter dem Vorbehalt verkauft, dass es nicht von Dritten im Widerspruch zu den gesetzlichen Bestimmungen verwendet wird.<\/em><\/p>\n","protected":false},"excerpt":{"rendered":"<p>\ud83c\udf3f WHITE WIDOW von ROYAL QUEEN SEEDS \u00b7 \ud83e\uddec Indica \/ Sativa \u00b7 \ud83d\udcaa THC hoch (Hoch (15\u201319\u202f%)) \u00b7 \ud83c\udfc6 Ertrag XXL.<\/p>\n","protected":false},"featured_media":159571,"comment_status":"open","ping_status":"closed","template":"","meta":[],"product_brand":[],"product_cat":[7952],"product_tag":[10126,10125,10128,9931,8510,8609,8511,10127,10140,8540],"class_list":{"0":"post-159582","1":"product","2":"type-product","3":"status-publish","4":"has-post-thumbnail","6":"product_cat-seedshop-de","7":"product_tag-cannabis-samen","8":"product_tag-ertrag-xxl","9":"product_tag-feminisierte-samen","10":"product_tag-hybrid","11":"product_tag-indica","12":"product_tag-royal-queen-seeds","13":"product_tag-sativa","14":"product_tag-scharf","15":"product_tag-thc-hoch","16":"product_tag-white-widow","18":"first","19":"instock","20":"taxable","21":"shipping-taxable","22":"purchasable","23":"product-type-variable"},"aioseo_notices":[],"_links":{"self":[{"href":"https:\/\/www.budream.com\/de\/wp-json\/wp\/v2\/product\/159582","targetHints":{"allow":["GET"]}}],"collection":[{"href":"https:\/\/www.budream.com\/de\/wp-json\/wp\/v2\/product"}],"about":[{"href":"https:\/\/www.budream.com\/de\/wp-json\/wp\/v2\/types\/product"}],"replies":[{"embeddable":true,"href":"https:\/\/www.budream.com\/de\/wp-json\/wp\/v2\/comments?post=159582"}],"version-history":[{"count":2,"href":"https:\/\/www.budream.com\/de\/wp-json\/wp\/v2\/product\/159582\/revisions"}],"predecessor-version":[{"id":260050,"href":"https:\/\/www.budream.com\/de\/wp-json\/wp\/v2\/product\/159582\/revisions\/260050"}],"wp:featuredmedia":[{"embeddable":true,"href":"https:\/\/www.budream.com\/de\/wp-json\/wp\/v2\/media\/159571"}],"wp:attachment":[{"href":"https:\/\/www.budream.com\/de\/wp-json\/wp\/v2\/media?parent=159582"}],"wp:term":[{"taxonomy":"product_brand","embeddable":true,"href":"https:\/\/www.budream.com\/de\/wp-json\/wp\/v2\/product_brand?post=159582"},{"taxonomy":"product_cat","embeddable":true,"href":"https:\/\/www.budream.com\/de\/wp-json\/wp\/v2\/product_cat?post=159582"},{"taxonomy":"product_tag","embeddable":true,"href":"https:\/\/www.budream.com\/de\/wp-json\/wp\/v2\/product_tag?post=159582"}],"curies":[{"name":"wp","href":"https:\/\/api.w.org\/{rel}","templated":true}]}}