{"id":159793,"date":"2025-07-31T17:09:48","date_gmt":"2025-07-31T15:09:48","guid":{"rendered":"https:\/\/www.budream.com\/shop\/royal-queen-seeds-chocolate-haze-fem\/"},"modified":"2026-03-30T20:13:03","modified_gmt":"2026-03-30T18:13:03","slug":"royal-queen-seeds-chocolate-haze-fem","status":"publish","type":"product","link":"https:\/\/www.budream.com\/de\/shop\/royal-queen-seeds-chocolate-haze-fem\/","title":{"rendered":"ROYAL QUEEN SEEDS &#8211; CHOCOLATE HAZE FEM"},"content":{"rendered":"<p>Diese Pflanze stammt von OG Chocolate Thai, kombiniert mit Cannalope Haze. Chocolate Haze ist ein Mitglied der Haze-Familie und ist daher sativadominiert, 95% Sativa und 5% Indica. Haze-Sorten entstanden in den 1970er Jahren in Kalifornien und erlangten sp\u00e4ter internationalen Ruhm in den Amsterdamer Coffeeshops.<\/p>\n<h2><strong>Eigenschaften Chocolate Haze Royal Queen Seeds:<\/strong><\/h2>\n<ul style=\"list-style-type: disc\">\n<li><strong>Gattung:<\/strong> Feminisiert<\/li>\n<li><strong>Genotyp:<\/strong> 5% Sativa \/ 95% Indica-Hybrid<\/li>\n<li><strong>Genetik:<\/strong> OG Chocolate Thai x Cannalope Haze<\/li>\n<li><strong>Tage:<\/strong> 63-70<\/li>\n<\/ul>\n<p><em><strong>WARNUNG:<\/strong> Hanfsamen sind vom gesetzlichen Begriff Cannabis ausgenommen, was bedeutet, dass sie nicht als Bet\u00e4ubungsmittel gelten (L. 412 von 1974, Art. 1, Komma 1, Buchstabe B; Einheits\u00fcbereinkommen \u00fcber Bet\u00e4ubungsmittel von New York von 1961 und Tabelle II des Ministerialerlasses 27\/7\/1992). In Italien ist der Anbau von Hanf verboten (Artikel 28 und 73 des Pr\u00e4sidialdekrets 309\/90), es sei denn, es liegt eine Sondergenehmigung vor (Artikel 17 des Pr\u00e4sidialdekrets 309\/90). In Ermangelung einer solchen Genehmigung darf das Saatgut nur f\u00fcr andere Zwecke verwendet werden (zootechnische Zwecke, Sammeln usw.). Das Saatgut wird unter dem Vorbehalt verkauft, dass es nicht von Dritten im Widerspruch zu den gesetzlichen Bestimmungen verwendet wird.<\/em><\/p>\n","protected":false},"excerpt":{"rendered":"<p>\ud83c\udf3f CHOCOLATE HAZE von ROYAL QUEEN SEEDS \u00b7 \ud83e\uddec Sativa (90%+) \u00b7 \ud83d\udcaa THC hoch (Hoch (15\u201319\u202f%)) \u00b7 \ud83d\udce6 Ertrag XL.<\/p>\n","protected":false},"featured_media":159782,"comment_status":"open","ping_status":"closed","template":"","meta":[],"product_brand":[],"product_cat":[7952],"product_tag":[10126,10128,10140,10147,8511,8609,8827],"class_list":{"0":"post-159793","1":"product","2":"type-product","3":"status-publish","4":"has-post-thumbnail","6":"product_cat-seedshop-de","7":"product_tag-cannabis-samen","8":"product_tag-feminisierte-samen","9":"product_tag-thc-hoch","10":"product_tag-erdiger","11":"product_tag-sativa","12":"product_tag-royal-queen-seeds","13":"product_tag-chocolate-haze","15":"first","16":"instock","17":"sale","18":"taxable","19":"shipping-taxable","20":"purchasable","21":"product-type-variable"},"aioseo_notices":[],"_links":{"self":[{"href":"https:\/\/www.budream.com\/de\/wp-json\/wp\/v2\/product\/159793","targetHints":{"allow":["GET"]}}],"collection":[{"href":"https:\/\/www.budream.com\/de\/wp-json\/wp\/v2\/product"}],"about":[{"href":"https:\/\/www.budream.com\/de\/wp-json\/wp\/v2\/types\/product"}],"replies":[{"embeddable":true,"href":"https:\/\/www.budream.com\/de\/wp-json\/wp\/v2\/comments?post=159793"}],"version-history":[{"count":2,"href":"https:\/\/www.budream.com\/de\/wp-json\/wp\/v2\/product\/159793\/revisions"}],"predecessor-version":[{"id":261671,"href":"https:\/\/www.budream.com\/de\/wp-json\/wp\/v2\/product\/159793\/revisions\/261671"}],"wp:featuredmedia":[{"embeddable":true,"href":"https:\/\/www.budream.com\/de\/wp-json\/wp\/v2\/media\/159782"}],"wp:attachment":[{"href":"https:\/\/www.budream.com\/de\/wp-json\/wp\/v2\/media?parent=159793"}],"wp:term":[{"taxonomy":"product_brand","embeddable":true,"href":"https:\/\/www.budream.com\/de\/wp-json\/wp\/v2\/product_brand?post=159793"},{"taxonomy":"product_cat","embeddable":true,"href":"https:\/\/www.budream.com\/de\/wp-json\/wp\/v2\/product_cat?post=159793"},{"taxonomy":"product_tag","embeddable":true,"href":"https:\/\/www.budream.com\/de\/wp-json\/wp\/v2\/product_tag?post=159793"}],"curies":[{"name":"wp","href":"https:\/\/api.w.org\/{rel}","templated":true}]}}