{"id":161338,"date":"2025-07-31T18:16:08","date_gmt":"2025-07-31T16:16:08","guid":{"rendered":"https:\/\/www.budream.com\/shop\/green-house-seed-co-nevilles-haze-fem\/"},"modified":"2026-03-21T14:30:28","modified_gmt":"2026-03-21T12:30:28","slug":"green-house-seed-co-nevilles-haze-fem","status":"publish","type":"product","link":"https:\/\/www.budream.com\/de\/shop\/green-house-seed-co-nevilles-haze-fem\/","title":{"rendered":"GREEN HOUSE SEED CO. &#8211; NEVILLE&#8217;S HAZE FEM"},"content":{"rendered":"<p><strong>NEVILLE&#8217;S HAZE<\/strong> ist eine \u00fcberwiegend Sativa-Sorte, energisch und stimulierend von GREEN HOUSE SEED CO.. Verf\u00fcgbar in Packungen mit 1 Samen feminisiert. Mit sehr hohem THC-Gehalt (Sehr hoch (20\u202f%+)), diese Pflanze richtet sich an erfahrene Z\u00fcchter. Im Anbau, erfordert eine l\u00e4ngere Bl\u00fctezeit (13+ Wochen), belohnt mit au\u00dfergew\u00f6hnlicher Qualit\u00e4t und bietet au\u00dfergew\u00f6hnlich reichlich Ertr\u00e4ge. In der Nase und am Gaumen zeichnet sich sein \ud83c\udf3f Scharf-Aroma aus.<\/p>\n","protected":false},"excerpt":{"rendered":"<p>\ud83c\udf3f NEVILLE&#8217;S HAZE von GREEN HOUSE SEED CO. \u00b7 \ud83e\uddec Sativa (90%+) \u00b7 \ud83d\udd25 THC sehr hoch (Sehr hoch (20\u202f%+)) \u00b7 \ud83c\udfc6 Ertrag XXL.<\/p>\n","protected":false},"featured_media":225813,"comment_status":"open","ping_status":"closed","template":"","meta":[],"product_brand":[],"product_cat":[7952],"product_tag":[10127,10128,8511,8533,8855,10124,10125,10126],"class_list":{"0":"post-161338","1":"product","2":"type-product","3":"status-publish","4":"has-post-thumbnail","6":"product_cat-seedshop-de","7":"product_tag-scharf","8":"product_tag-feminisierte-samen","9":"product_tag-sativa","10":"product_tag-green-house-seed-co","11":"product_tag-nevilles-haze","12":"product_tag-thc-sehr-hoch","13":"product_tag-ertrag-xxl","14":"product_tag-cannabis-samen","16":"first","17":"instock","18":"sale","19":"taxable","20":"shipping-taxable","21":"purchasable","22":"product-type-variable"},"aioseo_notices":[],"_links":{"self":[{"href":"https:\/\/www.budream.com\/de\/wp-json\/wp\/v2\/product\/161338","targetHints":{"allow":["GET"]}}],"collection":[{"href":"https:\/\/www.budream.com\/de\/wp-json\/wp\/v2\/product"}],"about":[{"href":"https:\/\/www.budream.com\/de\/wp-json\/wp\/v2\/types\/product"}],"replies":[{"embeddable":true,"href":"https:\/\/www.budream.com\/de\/wp-json\/wp\/v2\/comments?post=161338"}],"version-history":[{"count":1,"href":"https:\/\/www.budream.com\/de\/wp-json\/wp\/v2\/product\/161338\/revisions"}],"predecessor-version":[{"id":258998,"href":"https:\/\/www.budream.com\/de\/wp-json\/wp\/v2\/product\/161338\/revisions\/258998"}],"wp:featuredmedia":[{"embeddable":true,"href":"https:\/\/www.budream.com\/de\/wp-json\/wp\/v2\/media\/225813"}],"wp:attachment":[{"href":"https:\/\/www.budream.com\/de\/wp-json\/wp\/v2\/media?parent=161338"}],"wp:term":[{"taxonomy":"product_brand","embeddable":true,"href":"https:\/\/www.budream.com\/de\/wp-json\/wp\/v2\/product_brand?post=161338"},{"taxonomy":"product_cat","embeddable":true,"href":"https:\/\/www.budream.com\/de\/wp-json\/wp\/v2\/product_cat?post=161338"},{"taxonomy":"product_tag","embeddable":true,"href":"https:\/\/www.budream.com\/de\/wp-json\/wp\/v2\/product_tag?post=161338"}],"curies":[{"name":"wp","href":"https:\/\/api.w.org\/{rel}","templated":true}]}}