{"id":161608,"date":"2025-07-31T18:28:19","date_gmt":"2025-07-31T16:28:19","guid":{"rendered":"https:\/\/www.budream.com\/shop\/royal-queen-seeds-do-si-dos-automatic-fem\/"},"modified":"2026-03-21T14:31:57","modified_gmt":"2026-03-21T12:31:57","slug":"royal-queen-seeds-do-si-dos-automatic-fem","status":"publish","type":"product","link":"https:\/\/www.budream.com\/de\/shop\/royal-queen-seeds-do-si-dos-automatic-fem\/","title":{"rendered":"ROYAL QUEEN SEEDS &#8211; DO-SI-DOS AUTOMATIC FEM"},"content":{"rendered":"<p><strong>DO-SI-DOS AUTOMATIC<\/strong> ist ein Indica-dominanter Hybrid, der k\u00f6rperliche Entspannung mit reichlich Ertr\u00e4gen verbindet von ROYAL QUEEN SEEDS. Verf\u00fcgbar in Packungen mit 1 Samen feminisiert. Mit gutem THC-Gehalt (Hoch (15\u201319\u202f%)), diese Pflanze richtet sich an diejenigen, die Potenz und Qualit\u00e4t suchen. Im Anbau, bl\u00fcht schnell in 7-9 Wochen und produziert gro\u00dfz\u00fcgige Ertr\u00e4ge. In der Nase und am Gaumen zeichnet sich sein \ud83c\udf4b Zitrusartig-Aroma aus.<\/p>\n","protected":false},"excerpt":{"rendered":"<p>\ud83c\udf3f DO-SI-DOS AUTOMATIC von ROYAL QUEEN SEEDS \u00b7 \ud83e\uddec Indica Dominant (60%+) \u00b7 \ud83d\udcaa THC hoch (Hoch (15\u201319\u202f%)).<\/p>\n","protected":false},"featured_media":161597,"comment_status":"open","ping_status":"closed","template":"","meta":[],"product_brand":[],"product_cat":[7952],"product_tag":[8510,8609,8861,10126,10128,10140,10150],"class_list":{"0":"post-161608","1":"product","2":"type-product","3":"status-publish","4":"has-post-thumbnail","6":"product_cat-seedshop-de","7":"product_tag-indica","8":"product_tag-royal-queen-seeds","9":"product_tag-do-si-dos-automatic","10":"product_tag-cannabis-samen","11":"product_tag-feminisierte-samen","12":"product_tag-thc-hoch","13":"product_tag-zitrusartig","15":"first","16":"instock","17":"sale","18":"taxable","19":"shipping-taxable","20":"purchasable","21":"product-type-variable"},"aioseo_notices":[],"_links":{"self":[{"href":"https:\/\/www.budream.com\/de\/wp-json\/wp\/v2\/product\/161608","targetHints":{"allow":["GET"]}}],"collection":[{"href":"https:\/\/www.budream.com\/de\/wp-json\/wp\/v2\/product"}],"about":[{"href":"https:\/\/www.budream.com\/de\/wp-json\/wp\/v2\/types\/product"}],"replies":[{"embeddable":true,"href":"https:\/\/www.budream.com\/de\/wp-json\/wp\/v2\/comments?post=161608"}],"version-history":[{"count":1,"href":"https:\/\/www.budream.com\/de\/wp-json\/wp\/v2\/product\/161608\/revisions"}],"predecessor-version":[{"id":259004,"href":"https:\/\/www.budream.com\/de\/wp-json\/wp\/v2\/product\/161608\/revisions\/259004"}],"wp:featuredmedia":[{"embeddable":true,"href":"https:\/\/www.budream.com\/de\/wp-json\/wp\/v2\/media\/161597"}],"wp:attachment":[{"href":"https:\/\/www.budream.com\/de\/wp-json\/wp\/v2\/media?parent=161608"}],"wp:term":[{"taxonomy":"product_brand","embeddable":true,"href":"https:\/\/www.budream.com\/de\/wp-json\/wp\/v2\/product_brand?post=161608"},{"taxonomy":"product_cat","embeddable":true,"href":"https:\/\/www.budream.com\/de\/wp-json\/wp\/v2\/product_cat?post=161608"},{"taxonomy":"product_tag","embeddable":true,"href":"https:\/\/www.budream.com\/de\/wp-json\/wp\/v2\/product_tag?post=161608"}],"curies":[{"name":"wp","href":"https:\/\/api.w.org\/{rel}","templated":true}]}}