{"id":161773,"date":"2025-07-31T18:34:01","date_gmt":"2025-07-31T16:34:01","guid":{"rendered":"https:\/\/www.budream.com\/shop\/royal-queen-seeds-royal-cheese-automatic\/"},"modified":"2026-03-27T15:12:59","modified_gmt":"2026-03-27T13:12:59","slug":"royal-queen-seeds-royal-cheese-automatic","status":"publish","type":"product","link":"https:\/\/www.budream.com\/de\/shop\/royal-queen-seeds-royal-cheese-automatic\/","title":{"rendered":"ROYAL QUEEN SEEDS &#8211; ROYAL CHEESE AUTOMATIC"},"content":{"rendered":"<p>Cheese ist nicht nur eine sehr begehrte Sorte in allen Teilen der Welt, sie hat auch eine r\u00e4tselhafte Geschichte. Mit ihrem betr\u00e4chtlichen Einfluss auf die britische Rave-Szene der 1990er Jahre und mit einem der markantesten Terpenprofile \u00fcberhaupt war es nur eine Frage der Zeit, bis diese Legende mit einer robusten autoflowering Sorte aktualisiert wurde.<\/p>\n<h2><strong>Eigenschaften Royal Cheese Automatic Royal Queen Seeds:<\/strong><\/h2>\n<ul style=\"list-style-type: disc\">\n<li><strong>Gattung:<\/strong> Feminisiert Autoflowering<\/li>\n<li><strong>Genotyp:<\/strong> Hybrid 30% Sativa 50% Indica 20% Ruderalis<\/li>\n<li><strong>Genetik<\/strong>: Cheese x Royal Critical Automatic<\/li>\n<li><strong>Tage:<\/strong> 50-60<\/li>\n<\/ul>\n<p><em><strong>WARNUNG:<\/strong> Hanfsamen sind vom gesetzlichen Begriff Cannabis ausgenommen, was bedeutet, dass sie nicht als Bet\u00e4ubungsmittel gelten (L. 412 von 1974, Art. 1, Komma 1, Buchstabe B; Einheits\u00fcbereinkommen \u00fcber Bet\u00e4ubungsmittel von New York von 1961 und Tabelle II des Ministerialerlasses 27\/7\/1992). In Italien ist der Anbau von Hanf verboten (Artikel 28 und 73 des Pr\u00e4sidialdekrets 309\/90), es sei denn, es liegt eine Sondergenehmigung vor (Artikel 17 des Pr\u00e4sidialdekrets 309\/90). In Ermangelung einer solchen Genehmigung darf das Saatgut nur f\u00fcr andere Zwecke verwendet werden (zootechnische Zwecke, Sammeln usw.). Das Saatgut wird unter dem Vorbehalt verkauft, dass es nicht von Dritten im Widerspruch zu den gesetzlichen Bestimmungen verwendet wird.<\/em><\/p>\n","protected":false},"excerpt":{"rendered":"<p>\ud83c\udf3f ROYAL CHEESE AUTOMATIC von ROYAL QUEEN SEEDS \u00b7 \ud83e\uddec Indica Dominant (60%+) \u00b7 \ud83d\udcaa THC hoch (Hoch (15\u201319\u202f%)) \u00b7 \ud83c\udfc6 Ertrag XXL.<\/p>\n","protected":false},"featured_media":161762,"comment_status":"open","ping_status":"closed","template":"","meta":[],"product_brand":[],"product_cat":[1175],"product_tag":[8510,8609,8864,10125,10126,10127,10128,10140],"class_list":{"0":"post-161773","1":"product","2":"type-product","3":"status-publish","4":"has-post-thumbnail","6":"product_cat-seedshop","7":"product_tag-indica","8":"product_tag-royal-queen-seeds","9":"product_tag-royal-cheese-automatic","10":"product_tag-ertrag-xxl","11":"product_tag-cannabis-samen","12":"product_tag-scharf","13":"product_tag-feminisierte-samen","14":"product_tag-thc-hoch","16":"first","17":"instock","18":"taxable","19":"shipping-taxable","20":"purchasable","21":"product-type-variable"},"aioseo_notices":[],"_links":{"self":[{"href":"https:\/\/www.budream.com\/de\/wp-json\/wp\/v2\/product\/161773","targetHints":{"allow":["GET"]}}],"collection":[{"href":"https:\/\/www.budream.com\/de\/wp-json\/wp\/v2\/product"}],"about":[{"href":"https:\/\/www.budream.com\/de\/wp-json\/wp\/v2\/types\/product"}],"replies":[{"embeddable":true,"href":"https:\/\/www.budream.com\/de\/wp-json\/wp\/v2\/comments?post=161773"}],"version-history":[{"count":2,"href":"https:\/\/www.budream.com\/de\/wp-json\/wp\/v2\/product\/161773\/revisions"}],"predecessor-version":[{"id":260505,"href":"https:\/\/www.budream.com\/de\/wp-json\/wp\/v2\/product\/161773\/revisions\/260505"}],"wp:featuredmedia":[{"embeddable":true,"href":"https:\/\/www.budream.com\/de\/wp-json\/wp\/v2\/media\/161762"}],"wp:attachment":[{"href":"https:\/\/www.budream.com\/de\/wp-json\/wp\/v2\/media?parent=161773"}],"wp:term":[{"taxonomy":"product_brand","embeddable":true,"href":"https:\/\/www.budream.com\/de\/wp-json\/wp\/v2\/product_brand?post=161773"},{"taxonomy":"product_cat","embeddable":true,"href":"https:\/\/www.budream.com\/de\/wp-json\/wp\/v2\/product_cat?post=161773"},{"taxonomy":"product_tag","embeddable":true,"href":"https:\/\/www.budream.com\/de\/wp-json\/wp\/v2\/product_tag?post=161773"}],"curies":[{"name":"wp","href":"https:\/\/api.w.org\/{rel}","templated":true}]}}