{"id":161948,"date":"2025-07-31T18:41:25","date_gmt":"2025-07-31T16:41:25","guid":{"rendered":"https:\/\/www.budream.com\/shop\/royal-queen-seeds-royal-jack-automatic-fem-2\/"},"modified":"2026-03-27T14:03:58","modified_gmt":"2026-03-27T12:03:58","slug":"royal-queen-seeds-royal-jack-automatic-fem-2","status":"publish","type":"product","link":"https:\/\/www.budream.com\/de\/shop\/royal-queen-seeds-royal-jack-automatic-fem-2\/","title":{"rendered":"ROYAL QUEEN SEEDS &#8211; ROYAL JACK AUTOMATIC FEM"},"content":{"rendered":"<p>Jack Herer ist eine au\u00dfergew\u00f6hnliche Sorte, die nach einer ebenso au\u00dfergew\u00f6hnlichen Person benannt ist: dem unerm\u00fcdlichen Pro-Legalisierungsaktivisten und Autor des Buches &#8222;Der Kaiser tr\u00e4gt keine Kleider&#8220;, das auch als &#8222;Hanf-Bibel&#8220; bezeichnet wird. Die urspr\u00fcngliche photoperiodische Sorte wurde von Cannabiskennern auf der ganzen Welt gesch\u00e4tzt und ist nun in einem einfacher zu z\u00fcchtenden autoflowering Format erh\u00e4ltlich: Royal Jack Automatic.<\/p>\n<h2><strong>Eigenschaften Royal Jack Automatic Royal Queen Seeds:<\/strong><\/h2>\n<ul style=\"list-style-type: disc\">\n<li><strong>Gattung:<\/strong> Feminisiert Autoflowering<\/li>\n<li><strong>Genotyp:<\/strong> Hybrid 40% Sativa 30% Indica 30% Ruderalis<\/li>\n<li><strong>Genetik:<\/strong> Jack Herer x Ruderalis<\/li>\n<li><strong>Tage:<\/strong> 60-70<\/li>\n<\/ul>\n<p><em><strong>WARNUNG:<\/strong> Hanfsamen sind vom gesetzlichen Begriff Cannabis ausgenommen, was bedeutet, dass sie nicht als Bet\u00e4ubungsmittel gelten (L. 412 von 1974, Art. 1, Absatz 1, Buchstabe B; Einheits\u00fcbereinkommen \u00fcber Bet\u00e4ubungsmittel von New York von 1961 und Tabelle II des Ministerialerlasses 27\/7\/1992). In Italien ist der Anbau von Hanf verboten (Artikel 28 und 73 des Pr\u00e4sidialdekrets 309\/90), es sei denn, es liegt eine Sondergenehmigung vor (Artikel 17 des Pr\u00e4sidialdekrets 309\/90). In Ermangelung einer solchen Genehmigung darf das Saatgut nur f\u00fcr andere Zwecke verwendet werden (zootechnische Zwecke, Sammeln usw.). Das Saatgut wird unter dem Vorbehalt verkauft, dass es nicht von Dritten im Widerspruch zu den gesetzlichen Bestimmungen verwendet wird.<\/em><\/p>\n","protected":false},"excerpt":{"rendered":"<p>\ud83c\udf3f ROYAL JACK AUTOMATIC von ROYAL QUEEN SEEDS \u00b7 \ud83e\uddec Sativa Dominant (60%+) \u00b7 \ud83d\udcaa THC hoch (Hoch (15\u201319\u202f%)) \u00b7 \ud83d\udce6 Ertrag XL.<\/p>\n","protected":false},"featured_media":161928,"comment_status":"open","ping_status":"closed","template":"","meta":[],"product_brand":[],"product_cat":[7952],"product_tag":[10126,10128,8867,8609,8511,10127,10140],"class_list":{"0":"post-161948","1":"product","2":"type-product","3":"status-publish","4":"has-post-thumbnail","6":"product_cat-seedshop-de","7":"product_tag-cannabis-samen","8":"product_tag-feminisierte-samen","9":"product_tag-royal-jack-automatic","10":"product_tag-royal-queen-seeds","11":"product_tag-sativa","12":"product_tag-scharf","13":"product_tag-thc-hoch","15":"first","16":"instock","17":"taxable","18":"shipping-taxable","19":"purchasable","20":"product-type-variable"},"aioseo_notices":[],"_links":{"self":[{"href":"https:\/\/www.budream.com\/de\/wp-json\/wp\/v2\/product\/161948","targetHints":{"allow":["GET"]}}],"collection":[{"href":"https:\/\/www.budream.com\/de\/wp-json\/wp\/v2\/product"}],"about":[{"href":"https:\/\/www.budream.com\/de\/wp-json\/wp\/v2\/types\/product"}],"replies":[{"embeddable":true,"href":"https:\/\/www.budream.com\/de\/wp-json\/wp\/v2\/comments?post=161948"}],"version-history":[{"count":2,"href":"https:\/\/www.budream.com\/de\/wp-json\/wp\/v2\/product\/161948\/revisions"}],"predecessor-version":[{"id":260651,"href":"https:\/\/www.budream.com\/de\/wp-json\/wp\/v2\/product\/161948\/revisions\/260651"}],"wp:featuredmedia":[{"embeddable":true,"href":"https:\/\/www.budream.com\/de\/wp-json\/wp\/v2\/media\/161928"}],"wp:attachment":[{"href":"https:\/\/www.budream.com\/de\/wp-json\/wp\/v2\/media?parent=161948"}],"wp:term":[{"taxonomy":"product_brand","embeddable":true,"href":"https:\/\/www.budream.com\/de\/wp-json\/wp\/v2\/product_brand?post=161948"},{"taxonomy":"product_cat","embeddable":true,"href":"https:\/\/www.budream.com\/de\/wp-json\/wp\/v2\/product_cat?post=161948"},{"taxonomy":"product_tag","embeddable":true,"href":"https:\/\/www.budream.com\/de\/wp-json\/wp\/v2\/product_tag?post=161948"}],"curies":[{"name":"wp","href":"https:\/\/api.w.org\/{rel}","templated":true}]}}