{"id":162008,"date":"2025-07-31T18:43:35","date_gmt":"2025-07-31T16:43:35","guid":{"rendered":"https:\/\/www.budream.com\/shop\/royal-queen-seeds-royal-kush-automatic-fem\/"},"modified":"2026-03-27T14:38:35","modified_gmt":"2026-03-27T12:38:35","slug":"royal-queen-seeds-royal-kush-automatic-fem","status":"publish","type":"product","link":"https:\/\/www.budream.com\/de\/shop\/royal-queen-seeds-royal-kush-automatic-fem\/","title":{"rendered":"ROYAL QUEEN SEEDS &#8211; ROYAL KUSH AUTOMATIC FEM"},"content":{"rendered":"<p>So schnell und einfach wie alle unsere autoflowering Sorten, f\u00fcgt Royal Kush Automatic einen Hauch von Kush zu einer bereits bew\u00e4hrten autoflowering Mischung hinzu. Der stechende Geruch der perfekt gebr\u00e4unten Kush-Knospen nimmt die berauschende, stimulierende Wirkung vorweg, die folgt.<\/p>\n<h2><strong>Eigenschaften Royal Kush Automatic Royal Queen Seeds:<\/strong><\/h2>\n<ul style=\"list-style-type: disc\">\n<li><strong>Gattung:<\/strong> Feminisierte Autoflowering<\/li>\n<li><strong>Genotyp:<\/strong> Hybrid 55% Sativa 10% Indica 35% Ruderalis<\/li>\n<li><strong>Genetik<\/strong>: Kush x Ruderalis<\/li>\n<li><strong>Tage:<\/strong> 35-50<\/li>\n<\/ul>\n<p><em><strong>WARNUNG:<\/strong> Hanfsamen sind vom gesetzlichen Begriff Cannabis ausgenommen, was bedeutet, dass sie nicht als Bet\u00e4ubungsmittel gelten (L. 412 von 1974, Art. 1, Absatz 1, Buchstabe B; Einheits\u00fcbereinkommen \u00fcber Bet\u00e4ubungsmittel von New York von 1961 und Tabelle II des Ministerialerlasses 27\/7\/1992). In Italien ist der Anbau von Hanf verboten (Artikel 28 und 73 des Pr\u00e4sidialdekrets 309\/90), es sei denn, es liegt eine Sondergenehmigung vor (Artikel 17 des Pr\u00e4sidialdekrets 309\/90). In Ermangelung einer solchen Genehmigung darf das Saatgut nur f\u00fcr andere Zwecke verwendet werden (zootechnische Zwecke, Sammeln usw.). Das Saatgut wird unter dem Vorbehalt verkauft, dass es nicht von Dritten im Widerspruch zu den gesetzlichen Bestimmungen verwendet wird.<\/em><\/p>\n","protected":false},"excerpt":{"rendered":"<p>\ud83c\udf3f ROYAL KUSH AUTOMATIC von ROYAL QUEEN SEEDS \u00b7 \ud83e\uddec Indica Dominant (60%+) \u00b7 \u2696\ufe0f THC mittel (Mittel (10\u201314\u202f%)) \u00b7 \ud83d\udce6 Ertrag XL.<\/p>\n","protected":false},"featured_media":161993,"comment_status":"open","ping_status":"closed","template":"","meta":[],"product_brand":[],"product_cat":[7952],"product_tag":[8609,8868,10126,10127,10128,10129,8510],"class_list":{"0":"post-162008","1":"product","2":"type-product","3":"status-publish","4":"has-post-thumbnail","6":"product_cat-seedshop-de","7":"product_tag-royal-queen-seeds","8":"product_tag-royal-kush-automatic","9":"product_tag-cannabis-samen","10":"product_tag-scharf","11":"product_tag-feminisierte-samen","12":"product_tag-thc-mittel","13":"product_tag-indica","15":"first","16":"instock","17":"sale","18":"taxable","19":"shipping-taxable","20":"purchasable","21":"product-type-variable"},"aioseo_notices":[],"_links":{"self":[{"href":"https:\/\/www.budream.com\/de\/wp-json\/wp\/v2\/product\/162008","targetHints":{"allow":["GET"]}}],"collection":[{"href":"https:\/\/www.budream.com\/de\/wp-json\/wp\/v2\/product"}],"about":[{"href":"https:\/\/www.budream.com\/de\/wp-json\/wp\/v2\/types\/product"}],"replies":[{"embeddable":true,"href":"https:\/\/www.budream.com\/de\/wp-json\/wp\/v2\/comments?post=162008"}],"version-history":[{"count":2,"href":"https:\/\/www.budream.com\/de\/wp-json\/wp\/v2\/product\/162008\/revisions"}],"predecessor-version":[{"id":261166,"href":"https:\/\/www.budream.com\/de\/wp-json\/wp\/v2\/product\/162008\/revisions\/261166"}],"wp:featuredmedia":[{"embeddable":true,"href":"https:\/\/www.budream.com\/de\/wp-json\/wp\/v2\/media\/161993"}],"wp:attachment":[{"href":"https:\/\/www.budream.com\/de\/wp-json\/wp\/v2\/media?parent=162008"}],"wp:term":[{"taxonomy":"product_brand","embeddable":true,"href":"https:\/\/www.budream.com\/de\/wp-json\/wp\/v2\/product_brand?post=162008"},{"taxonomy":"product_cat","embeddable":true,"href":"https:\/\/www.budream.com\/de\/wp-json\/wp\/v2\/product_cat?post=162008"},{"taxonomy":"product_tag","embeddable":true,"href":"https:\/\/www.budream.com\/de\/wp-json\/wp\/v2\/product_tag?post=162008"}],"curies":[{"name":"wp","href":"https:\/\/api.w.org\/{rel}","templated":true}]}}