{"id":162273,"date":"2025-07-31T18:51:28","date_gmt":"2025-07-31T16:51:28","guid":{"rendered":"https:\/\/www.budream.com\/shop\/barneys-farm-amnesia-haze-auto-fem\/"},"modified":"2026-04-21T11:10:33","modified_gmt":"2026-04-21T09:10:33","slug":"barneys-farm-amnesia-haze-auto-fem","status":"publish","type":"product","link":"https:\/\/www.budream.com\/de\/shop\/barneys-farm-amnesia-haze-auto-fem\/","title":{"rendered":"BARNEY&#8217;S FARM &#8211; AMNESIA HAZE AUTO FEM"},"content":{"rendered":"<p>AMNESIA HAZE AUTO&trade; ist wahrscheinlich eine der aufregendsten Ver\u00f6ffentlichungen, die Barney&#8217;s Farm seit langem herausgebracht hat, eine lang erwartete und lang ersehnte Evolution eines echten Klassikers. Die Abstammung der AMNESIA HAZE Genetik ist wirklich atemberaubend, die Kreuzung von einheimischen s\u00fcdostasiatischen Sorten (Thai, Kambodscha, Laotien) und einer Prise jamaikanischer Haze-Sorten, erg\u00e4nzt mit dem Beschleuniger der afghanisch-hawaiianischen Genetik. Vor fast zwei Jahrzehnten \u00fcbergab Soma einen seiner besten AMNESIA HAZE-Ph\u00e4notypen an Barneys Farm Labs. Diese legend\u00e4re Genetik, die die Amsterdamer Szene dominiert hat, seit Barney&#8217;s den High Times Cup im Jahr 2004 gewonnen hat, ist still im Hintergrund geblieben und hat eine komplexe Fusion mit unserer BF Super Auto #1 ertragen.<\/p>\n<h2><strong>Eigenschaften Amnesia Haze Auto Fem:<\/strong><\/h2>\n<ul style=\"list-style-type: disc\">\n<li><strong>Gattung:<\/strong> Feminisierte Autoflowering<\/li>\n<li><strong>Genotyp:<\/strong> 20% Indica \/ 80% Sativa<\/li>\n<li><strong>Genetik:<\/strong> Amnesia Haze x BF Super Auto #1<\/li>\n<li>Tage<strong>:<\/strong> 65 Tage<\/li>\n<\/ul>\n<p><span style=\"font-size: 11pt\"><em><strong>WARNUNG:<\/strong> Hanfsamen sind vom gesetzlichen Begriff Cannabis ausgenommen, was bedeutet, dass sie nicht als Bet\u00e4ubungsmittel gelten (L. 412 von 1974, Art. 1, Absatz 1, Buchstabe B; Einheits\u00fcbereinkommen \u00fcber Bet\u00e4ubungsmittel von New York von 1961 und Tabelle II des Ministerialerlasses 27\/7\/1992). In Italien ist der Anbau von Hanf verboten (Artikel 28 und 73 des Pr\u00e4sidialdekrets 309\/90), es sei denn, es liegt eine Sondergenehmigung vor (Artikel 17 des Pr\u00e4sidialdekrets 309\/90). In Ermangelung einer solchen Genehmigung darf das Saatgut nur f\u00fcr andere Zwecke verwendet werden (zootechnische Zwecke, Sammeln usw.). Das Saatgut wird unter dem Vorbehalt verkauft, dass es nicht von Dritten im Widerspruch zu den gesetzlichen Bestimmungen verwendet wird.<\/em><\/span><\/p>\n","protected":false},"excerpt":{"rendered":"<p>\ud83c\udf3f AMNESIA HAZE AUTO von BARNEY&#8217;S FARM \u00b7 \ud83e\uddec Sativa Dominant (60%+) \u00b7 \u2696\ufe0f THC mittel (Mittel (10\u201314\u202f%)).<\/p>\n","protected":false},"featured_media":162262,"comment_status":"open","ping_status":"closed","template":"","meta":[],"product_brand":[],"product_cat":[7952],"product_tag":[8511,8645,8869,10126,10128,10129,10150],"class_list":{"0":"post-162273","1":"product","2":"type-product","3":"status-publish","4":"has-post-thumbnail","6":"product_cat-seedshop-de","7":"product_tag-sativa","8":"product_tag-barneys-farm","9":"product_tag-amnesia-haze-auto","10":"product_tag-cannabis-samen","11":"product_tag-feminisierte-samen","12":"product_tag-thc-mittel","13":"product_tag-zitrusartig","15":"first","16":"instock","17":"taxable","18":"shipping-taxable","19":"purchasable","20":"product-type-variable"},"aioseo_notices":[],"_links":{"self":[{"href":"https:\/\/www.budream.com\/de\/wp-json\/wp\/v2\/product\/162273","targetHints":{"allow":["GET"]}}],"collection":[{"href":"https:\/\/www.budream.com\/de\/wp-json\/wp\/v2\/product"}],"about":[{"href":"https:\/\/www.budream.com\/de\/wp-json\/wp\/v2\/types\/product"}],"replies":[{"embeddable":true,"href":"https:\/\/www.budream.com\/de\/wp-json\/wp\/v2\/comments?post=162273"}],"version-history":[{"count":2,"href":"https:\/\/www.budream.com\/de\/wp-json\/wp\/v2\/product\/162273\/revisions"}],"predecessor-version":[{"id":259966,"href":"https:\/\/www.budream.com\/de\/wp-json\/wp\/v2\/product\/162273\/revisions\/259966"}],"wp:featuredmedia":[{"embeddable":true,"href":"https:\/\/www.budream.com\/de\/wp-json\/wp\/v2\/media\/162262"}],"wp:attachment":[{"href":"https:\/\/www.budream.com\/de\/wp-json\/wp\/v2\/media?parent=162273"}],"wp:term":[{"taxonomy":"product_brand","embeddable":true,"href":"https:\/\/www.budream.com\/de\/wp-json\/wp\/v2\/product_brand?post=162273"},{"taxonomy":"product_cat","embeddable":true,"href":"https:\/\/www.budream.com\/de\/wp-json\/wp\/v2\/product_cat?post=162273"},{"taxonomy":"product_tag","embeddable":true,"href":"https:\/\/www.budream.com\/de\/wp-json\/wp\/v2\/product_tag?post=162273"}],"curies":[{"name":"wp","href":"https:\/\/api.w.org\/{rel}","templated":true}]}}