{"id":162329,"date":"2025-07-31T18:53:12","date_gmt":"2025-07-31T16:53:12","guid":{"rendered":"https:\/\/www.budream.com\/shop\/barneys-farm-moby-dick-auto-fem-2\/"},"modified":"2026-04-16T12:00:30","modified_gmt":"2026-04-16T10:00:30","slug":"barneys-farm-moby-dick-auto-fem-2","status":"publish","type":"product","link":"https:\/\/www.budream.com\/de\/shop\/barneys-farm-moby-dick-auto-fem-2\/","title":{"rendered":"BARNEY&#8217;S FARM &#8211; MOBY DICK AUTO FEM"},"content":{"rendered":"<div style=\"text-align: justify\">Barneys Farm&#8217;s Moby Dick wurde aus White Widow, einer der weltweit beliebtesten Sorten der letzten zwei Jahrzehnte, kreiert und dann mit unserem Cup-Gewinner G13 Haze gekreuzt. Mit diesen beiden legend\u00e4ren Sorten, die von Barneys Farm fachm\u00e4nnisch fusioniert wurden, hat sich MOBY DICK noch einmal weiterentwickelt, jetzt gekreuzt mit unserer BF Super Auto #1.<\/div>\n<p><\/p>\n<h2><strong>Eigenschaften Moby Dick Auto Fem:<\/strong><\/h2>\n<ul style=\"list-style-type: disc\">\n<li><strong>Gattung:<\/strong> Autoflowering Feminisiert<\/li>\n<li><strong>Genotyp:<\/strong> 30% Indica \/ 70% Sativa<\/li>\n<li><strong>Genetik:<\/strong> Moby Dick x BF Super Auto #1<\/li>\n<li>Tage<strong>:<\/strong> 65 Tage<\/li>\n<\/ul>\n<p><\/p>\n<div style=\"text-align: justify\"><span style=\"font-size: 11pt\"><em><strong>WARNUNG:<\/strong> Hanfsamen sind vom gesetzlichen Begriff Cannabis ausgenommen, was bedeutet, dass sie nicht als Bet\u00e4ubungsmittel gelten (L. 412 von 1974, Art. 1, Komma 1, Buchstabe B; Einheits\u00fcbereinkommen \u00fcber Bet\u00e4ubungsmittel von New York von 1961 und Tabelle II des Ministerialdekrets 27\/7\/1992). In Italien ist der Anbau von Hanf verboten (Artikel 28 und 73 des Pr\u00e4sidialdekrets 309\/90), es sei denn, es liegt eine Sondergenehmigung vor (Artikel 17 des Pr\u00e4sidialdekrets 309\/90). In Ermangelung einer solchen Genehmigung darf das Saatgut nur f\u00fcr andere Zwecke verwendet werden (zootechnische Zwecke, Sammeln usw.). Das Saatgut wird unter dem Vorbehalt verkauft, dass es nicht von Dritten im Widerspruch zu den gesetzlichen Bestimmungen verwendet wird.<\/em><\/span><\/div>\n","protected":false},"excerpt":{"rendered":"<p>\ud83c\udf3f MOBY DICK AUTO von BARNEY&#8217;S FARM \u00b7 \ud83e\uddec Sativa Dominant (60%+) \u00b7 \ud83d\udcaa THC hoch (Hoch (15\u201319\u202f%)).<\/p>\n","protected":false},"featured_media":162313,"comment_status":"open","ping_status":"closed","template":"","meta":[],"product_brand":[],"product_cat":[7952],"product_tag":[8511,8645,8870,10126,10128,10140,10150],"class_list":{"0":"post-162329","1":"product","2":"type-product","3":"status-publish","4":"has-post-thumbnail","6":"product_cat-seedshop-de","7":"product_tag-sativa","8":"product_tag-barneys-farm","9":"product_tag-moby-dick-auto","10":"product_tag-cannabis-samen","11":"product_tag-feminisierte-samen","12":"product_tag-thc-hoch","13":"product_tag-zitrusartig","15":"first","16":"instock","17":"sale","18":"taxable","19":"shipping-taxable","20":"purchasable","21":"product-type-variable"},"aioseo_notices":[],"_links":{"self":[{"href":"https:\/\/www.budream.com\/de\/wp-json\/wp\/v2\/product\/162329","targetHints":{"allow":["GET"]}}],"collection":[{"href":"https:\/\/www.budream.com\/de\/wp-json\/wp\/v2\/product"}],"about":[{"href":"https:\/\/www.budream.com\/de\/wp-json\/wp\/v2\/types\/product"}],"replies":[{"embeddable":true,"href":"https:\/\/www.budream.com\/de\/wp-json\/wp\/v2\/comments?post=162329"}],"version-history":[{"count":2,"href":"https:\/\/www.budream.com\/de\/wp-json\/wp\/v2\/product\/162329\/revisions"}],"predecessor-version":[{"id":259888,"href":"https:\/\/www.budream.com\/de\/wp-json\/wp\/v2\/product\/162329\/revisions\/259888"}],"wp:featuredmedia":[{"embeddable":true,"href":"https:\/\/www.budream.com\/de\/wp-json\/wp\/v2\/media\/162313"}],"wp:attachment":[{"href":"https:\/\/www.budream.com\/de\/wp-json\/wp\/v2\/media?parent=162329"}],"wp:term":[{"taxonomy":"product_brand","embeddable":true,"href":"https:\/\/www.budream.com\/de\/wp-json\/wp\/v2\/product_brand?post=162329"},{"taxonomy":"product_cat","embeddable":true,"href":"https:\/\/www.budream.com\/de\/wp-json\/wp\/v2\/product_cat?post=162329"},{"taxonomy":"product_tag","embeddable":true,"href":"https:\/\/www.budream.com\/de\/wp-json\/wp\/v2\/product_tag?post=162329"}],"curies":[{"name":"wp","href":"https:\/\/api.w.org\/{rel}","templated":true}]}}