{"id":162376,"date":"2025-07-31T18:54:47","date_gmt":"2025-07-31T16:54:47","guid":{"rendered":"https:\/\/www.budream.com\/shop\/barneys-farm-erdbeerkaesekuchen-auto-fem\/"},"modified":"2026-04-22T10:50:25","modified_gmt":"2026-04-22T08:50:25","slug":"barneys-farm-erdbeerkaesekuchen-auto-fem","status":"publish","type":"product","link":"https:\/\/www.budream.com\/de\/shop\/barneys-farm-erdbeerkaesekuchen-auto-fem\/","title":{"rendered":"BARNEY&#8217;S FARM &#8211; ERDBEERK\u00c4SEKUCHEN AUTO FEM"},"content":{"rendered":"<div style=\"text-align: justify\">Mit unserer Strawberry Cheesecake Auto setzt die Barneys Farm ihre Forschung zur Schaffung bahnbrechender Genetik mit einer absolut einzigartigen Wendung fort. Nach ausgiebiger selektiver Z\u00fcchtung mit unseren verschiedenen terpenreichen Erdbeersorten haben wir uns f\u00fcr einen verlockenden Strawberry Pie-Ph\u00e4notyp entschieden. Das Labor kreuzte diesen dann mit einem seltenen Afghan OG-Schnitt. Die Kreuzung dieser Kreation mit unserer BF Super Auto #1 bedeutet, dass Strawberry Cheesecake Auto auch in k\u00fchleren Klimazonen gedeihen kann.<\/p>\n<\/div>\n<h2><strong>Eigenschaften Strawberry Cheesecake Auto Fem:<\/strong><\/h2>\n<ul style=\"list-style-type: disc\">\n<li><strong>Gattung:<\/strong> Feminisierte Autoflowering<\/li>\n<li><strong>Genotyp:<\/strong> 70% Indica \/ 30% Sativa<\/li>\n<li><strong>Genetik:<\/strong> Sreawberry Pie x Afghan OG x BF Super Auto #1<\/li>\n<li>Tage<strong>:<\/strong> 65 Tage<\/li>\n<\/ul>\n<p><\/p>\n<div style=\"text-align: justify\"><span style=\"font-size: 11pt\"><em><strong>WARNUNG:<\/strong> Hanfsamen sind vom gesetzlichen Begriff Cannabis ausgenommen, was bedeutet, dass sie nicht als Bet\u00e4ubungsmittel gelten (L. 412 von 1974, Art. 1, Absatz 1, Buchstabe B; Einheits\u00fcbereinkommen \u00fcber Bet\u00e4ubungsmittel von New York von 1961 und Tabelle II des Ministerialerlasses 27\/7\/1992). In Italien ist der Anbau von Hanf verboten (Artikel 28 und 73 des Pr\u00e4sidialdekrets 309\/90), es sei denn, es liegt eine Sondergenehmigung vor (Artikel 17 des Pr\u00e4sidialdekrets 309\/90). In Ermangelung einer solchen Genehmigung darf das Saatgut nur f\u00fcr andere Zwecke verwendet werden (zootechnische Zwecke, Sammeln usw.). Das Saatgut wird unter dem Vorbehalt verkauft, dass es nicht von Dritten im Widerspruch zu den gesetzlichen Bestimmungen verwendet wird.<\/em><\/span><\/div>\n","protected":false},"excerpt":{"rendered":"<p>\ud83c\udf3f ERDBEERK\u00c4SEKUCHEN AUTO von BARNEY&#8217;S FARM \u00b7 \ud83e\uddec Indica Dominant (60%+) \u00b7 \ud83d\udcaa THC hoch (Hoch (15\u201319\u202f%)) \u00b7 \ud83d\udce6 Ertrag XL.<\/p>\n","protected":false},"featured_media":162361,"comment_status":"open","ping_status":"closed","template":"","meta":[],"product_brand":[],"product_cat":[1175],"product_tag":[10147,10297,8510,8645,10126,10128,10140],"class_list":{"0":"post-162376","1":"product","2":"type-product","3":"status-publish","4":"has-post-thumbnail","6":"product_cat-seedshop","7":"product_tag-erdiger","8":"product_tag-erdbeerkaesekuchen-auto","9":"product_tag-indica","10":"product_tag-barneys-farm","11":"product_tag-cannabis-samen","12":"product_tag-feminisierte-samen","13":"product_tag-thc-hoch","15":"first","16":"instock","17":"taxable","18":"shipping-taxable","19":"purchasable","20":"product-type-variable"},"aioseo_notices":[],"_links":{"self":[{"href":"https:\/\/www.budream.com\/de\/wp-json\/wp\/v2\/product\/162376","targetHints":{"allow":["GET"]}}],"collection":[{"href":"https:\/\/www.budream.com\/de\/wp-json\/wp\/v2\/product"}],"about":[{"href":"https:\/\/www.budream.com\/de\/wp-json\/wp\/v2\/types\/product"}],"replies":[{"embeddable":true,"href":"https:\/\/www.budream.com\/de\/wp-json\/wp\/v2\/comments?post=162376"}],"version-history":[{"count":2,"href":"https:\/\/www.budream.com\/de\/wp-json\/wp\/v2\/product\/162376\/revisions"}],"predecessor-version":[{"id":260020,"href":"https:\/\/www.budream.com\/de\/wp-json\/wp\/v2\/product\/162376\/revisions\/260020"}],"wp:featuredmedia":[{"embeddable":true,"href":"https:\/\/www.budream.com\/de\/wp-json\/wp\/v2\/media\/162361"}],"wp:attachment":[{"href":"https:\/\/www.budream.com\/de\/wp-json\/wp\/v2\/media?parent=162376"}],"wp:term":[{"taxonomy":"product_brand","embeddable":true,"href":"https:\/\/www.budream.com\/de\/wp-json\/wp\/v2\/product_brand?post=162376"},{"taxonomy":"product_cat","embeddable":true,"href":"https:\/\/www.budream.com\/de\/wp-json\/wp\/v2\/product_cat?post=162376"},{"taxonomy":"product_tag","embeddable":true,"href":"https:\/\/www.budream.com\/de\/wp-json\/wp\/v2\/product_tag?post=162376"}],"curies":[{"name":"wp","href":"https:\/\/api.w.org\/{rel}","templated":true}]}}