{"id":162423,"date":"2025-07-31T18:56:37","date_gmt":"2025-07-31T16:56:37","guid":{"rendered":"https:\/\/www.budream.com\/shop\/royal-queen-seeds-sherbet-queen-automatic-fem\/"},"modified":"2026-03-27T14:15:27","modified_gmt":"2026-03-27T12:15:27","slug":"royal-queen-seeds-sherbet-queen-automatic-fem","status":"publish","type":"product","link":"https:\/\/www.budream.com\/de\/shop\/royal-queen-seeds-sherbet-queen-automatic-fem\/","title":{"rendered":"ROYAL QUEEN SEEDS &#8211; SHERBET QUEEN AUTOMATIC FEM"},"content":{"rendered":"<p>Sherbet Queen wurde als ein Tagtraum geboren. Unser Team von Z\u00fcchtern wollte die Standards der autoflowering Genetik erh\u00f6hen. Um dieses Ziel zu erreichen, w\u00e4hlten sie ein von Pink Panties abstammendes Exemplar aus zwei w\u00fcrzigen Kush-Sorten aus und kreuzten es mit Cookies Auto, um seine S\u00fc\u00dfe zu verbessern und dem Mix autoflowering Gene hinzuzuf\u00fcgen.<\/p>\n<p>Nachdem sie diese Verbindung \u00fcber mehrere Generationen hinweg perfektioniert hatten, wurde schlie\u00dflich Sherbet Queen Automatic mit einem Genpool von 65% Indica-Genen, 30% Sativa-Genen und 5% Ruderalis-Genen geboren.<\/p>\n<p><\/p>\n<h2><strong>Merkmale Sherbet Queen Automatic Royal Queen Seeds:<\/strong><\/h2>\n<ul style=\"list-style-type: disc\">\n<li><strong>Gattung:<\/strong> Feminisierte Autoflowering<\/li>\n<li><strong>Genotyp:<\/strong> Hybrid 30% Sativa 65% Indica 35% Ruderalis<\/li>\n<li><strong>Genetik:<\/strong> Pink Panties x Cookies Auto<\/li>\n<li><strong>Tage:<\/strong> 56 &#8211; 63<\/li>\n<\/ul>\n<p><em><strong>WARNUNG:<\/strong> Hanfsamen sind vom gesetzlichen Begriff Cannabis ausgenommen, was bedeutet, dass sie nicht als Bet\u00e4ubungsmittel gelten (L. 412 von 1974, Art. 1, Absatz 1, Buchstabe B; Einheits\u00fcbereinkommen \u00fcber Bet\u00e4ubungsmittel von New York von 1961 und Tabelle II des Ministerialerlasses 27\/7\/1992). In Italien ist der Anbau von Hanf verboten (Artikel 28 und 73 des Pr\u00e4sidialdekrets 309\/90), es sei denn, es liegt eine Sondergenehmigung vor (Artikel 17 des Pr\u00e4sidialdekrets 309\/90). In Ermangelung einer solchen Genehmigung darf das Saatgut nur f\u00fcr andere Zwecke verwendet werden (zootechnische Zwecke, Sammeln usw.). Das Saatgut wird unter dem Vorbehalt verkauft, dass es nicht von Dritten im Widerspruch zu den gesetzlichen Bestimmungen verwendet wird.<\/em><\/p>\n","protected":false},"excerpt":{"rendered":"<p>\ud83c\udf3f SHERBET QUEEN AUTOMATIC von ROYAL QUEEN SEEDS \u00b7 \ud83e\uddec Indica Dominant (60%+) \u00b7 \ud83d\udd25 THC sehr hoch (Sehr hoch (20\u202f%+)) \u00b7 \ud83d\udce6 Ertrag XL.<\/p>\n","protected":false},"featured_media":162412,"comment_status":"open","ping_status":"closed","template":"","meta":[],"product_brand":[],"product_cat":[7952],"product_tag":[8510,8609,8872,10124,10126,10128,10171],"class_list":{"0":"post-162423","1":"product","2":"type-product","3":"status-publish","4":"has-post-thumbnail","6":"product_cat-seedshop-de","7":"product_tag-indica","8":"product_tag-royal-queen-seeds","9":"product_tag-sherbet-queen-automatic","10":"product_tag-thc-sehr-hoch","11":"product_tag-cannabis-samen","12":"product_tag-feminisierte-samen","13":"product_tag-suess-fruchtig","15":"first","16":"instock","17":"sale","18":"taxable","19":"shipping-taxable","20":"purchasable","21":"product-type-variable"},"aioseo_notices":[],"_links":{"self":[{"href":"https:\/\/www.budream.com\/de\/wp-json\/wp\/v2\/product\/162423","targetHints":{"allow":["GET"]}}],"collection":[{"href":"https:\/\/www.budream.com\/de\/wp-json\/wp\/v2\/product"}],"about":[{"href":"https:\/\/www.budream.com\/de\/wp-json\/wp\/v2\/types\/product"}],"replies":[{"embeddable":true,"href":"https:\/\/www.budream.com\/de\/wp-json\/wp\/v2\/comments?post=162423"}],"version-history":[{"count":2,"href":"https:\/\/www.budream.com\/de\/wp-json\/wp\/v2\/product\/162423\/revisions"}],"predecessor-version":[{"id":261555,"href":"https:\/\/www.budream.com\/de\/wp-json\/wp\/v2\/product\/162423\/revisions\/261555"}],"wp:featuredmedia":[{"embeddable":true,"href":"https:\/\/www.budream.com\/de\/wp-json\/wp\/v2\/media\/162412"}],"wp:attachment":[{"href":"https:\/\/www.budream.com\/de\/wp-json\/wp\/v2\/media?parent=162423"}],"wp:term":[{"taxonomy":"product_brand","embeddable":true,"href":"https:\/\/www.budream.com\/de\/wp-json\/wp\/v2\/product_brand?post=162423"},{"taxonomy":"product_cat","embeddable":true,"href":"https:\/\/www.budream.com\/de\/wp-json\/wp\/v2\/product_cat?post=162423"},{"taxonomy":"product_tag","embeddable":true,"href":"https:\/\/www.budream.com\/de\/wp-json\/wp\/v2\/product_tag?post=162423"}],"curies":[{"name":"wp","href":"https:\/\/api.w.org\/{rel}","templated":true}]}}