{"id":162472,"date":"2025-07-31T18:58:43","date_gmt":"2025-07-31T16:58:43","guid":{"rendered":"https:\/\/www.budream.com\/shop\/royal-queen-seeds-sweet-skunk-automatic-fem\/"},"modified":"2026-03-27T14:55:07","modified_gmt":"2026-03-27T12:55:07","slug":"royal-queen-seeds-sweet-skunk-automatic-fem","status":"publish","type":"product","link":"https:\/\/www.budream.com\/de\/shop\/royal-queen-seeds-sweet-skunk-automatic-fem\/","title":{"rendered":"ROYAL QUEEN SEEDS &#8211; SWEET SKUNK AUTOMATIC FEM"},"content":{"rendered":"<p>Sweet Skunk Automatic ist der beliebten spanischen Sorte Critical Domina sehr \u00e4hnlich, ist aber selbstbl\u00fchend, so dass sie praktisch \u00fcberall angebaut werden kann. Diese neue Sorte ist eine fantastische Kreuzung zwischen der &#8222;Elite&#8220;-Klonsorte Sweet Skunk und der selbstbl\u00fchenden Skunk Critical Auto, die einige Generationen lang r\u00fcckgekreuzt und stabilisiert wurde, um die Kreuzung zu perfektionieren.<\/p>\n<h2><strong>Merkmale Sweet Skunk Automatic Royal Queen Seeds:<\/strong><\/h2>\n<ul style=\"list-style-type: disc\">\n<li><strong>Gattung:<\/strong> Feminisiert Autoflowering<\/li>\n<li><strong>Genotyp:<\/strong> Hybrid 10% Sativa 60% Indica 30% Ruderalis<\/li>\n<li><strong>Genetik:<\/strong> Big Devil 2 x Green Poison<\/li>\n<li><strong>Tage:<\/strong> 55-65<\/li>\n<\/ul>\n<p><em><strong>WARNUNG:<\/strong> Hanfsamen sind vom gesetzlichen Begriff Cannabis ausgenommen, was bedeutet, dass sie nicht als Bet\u00e4ubungsmittel gelten (L. 412 von 1974, Art. 1, Absatz 1, Buchstabe B; Einheits\u00fcbereinkommen \u00fcber Bet\u00e4ubungsmittel von New York von 1961 und Tabelle II des Ministerialerlasses 27\/7\/1992). In Italien ist der Anbau von Hanf verboten (Artikel 28 und 73 des Pr\u00e4sidialdekrets 309\/90), es sei denn, es liegt eine Sondergenehmigung vor (Artikel 17 des Pr\u00e4sidialdekrets 309\/90). In Ermangelung einer solchen Genehmigung darf das Saatgut nur f\u00fcr andere Zwecke verwendet werden (zootechnische Zwecke, Sammeln usw.). Das Saatgut wird unter dem Vorbehalt verkauft, dass es nicht von Dritten im Widerspruch zu den gesetzlichen Bestimmungen verwendet wird.<\/em><\/p>\n","protected":false},"excerpt":{"rendered":"<p>\ud83c\udf3f SWEET SKUNK AUTOMATIC von ROYAL QUEEN SEEDS \u00b7 \ud83e\uddec Indica Dominant (60%+) \u00b7 \ud83d\udcaa THC hoch (Hoch (15\u201319\u202f%)).<\/p>\n","protected":false},"featured_media":162461,"comment_status":"open","ping_status":"closed","template":"","meta":[],"product_brand":[],"product_cat":[7952],"product_tag":[10128,10140,8510,8609,8873,10126],"class_list":{"0":"post-162472","1":"product","2":"type-product","3":"status-publish","4":"has-post-thumbnail","6":"product_cat-seedshop-de","7":"product_tag-feminisierte-samen","8":"product_tag-thc-hoch","9":"product_tag-indica","10":"product_tag-royal-queen-seeds","11":"product_tag-sweet-skunk-automatic","12":"product_tag-cannabis-samen","14":"first","15":"instock","16":"sale","17":"taxable","18":"shipping-taxable","19":"purchasable","20":"product-type-variable"},"aioseo_notices":[],"_links":{"self":[{"href":"https:\/\/www.budream.com\/de\/wp-json\/wp\/v2\/product\/162472","targetHints":{"allow":["GET"]}}],"collection":[{"href":"https:\/\/www.budream.com\/de\/wp-json\/wp\/v2\/product"}],"about":[{"href":"https:\/\/www.budream.com\/de\/wp-json\/wp\/v2\/types\/product"}],"replies":[{"embeddable":true,"href":"https:\/\/www.budream.com\/de\/wp-json\/wp\/v2\/comments?post=162472"}],"version-history":[{"count":2,"href":"https:\/\/www.budream.com\/de\/wp-json\/wp\/v2\/product\/162472\/revisions"}],"predecessor-version":[{"id":260508,"href":"https:\/\/www.budream.com\/de\/wp-json\/wp\/v2\/product\/162472\/revisions\/260508"}],"wp:featuredmedia":[{"embeddable":true,"href":"https:\/\/www.budream.com\/de\/wp-json\/wp\/v2\/media\/162461"}],"wp:attachment":[{"href":"https:\/\/www.budream.com\/de\/wp-json\/wp\/v2\/media?parent=162472"}],"wp:term":[{"taxonomy":"product_brand","embeddable":true,"href":"https:\/\/www.budream.com\/de\/wp-json\/wp\/v2\/product_brand?post=162472"},{"taxonomy":"product_cat","embeddable":true,"href":"https:\/\/www.budream.com\/de\/wp-json\/wp\/v2\/product_cat?post=162472"},{"taxonomy":"product_tag","embeddable":true,"href":"https:\/\/www.budream.com\/de\/wp-json\/wp\/v2\/product_tag?post=162472"}],"curies":[{"name":"wp","href":"https:\/\/api.w.org\/{rel}","templated":true}]}}