{"id":162529,"date":"2025-07-31T19:01:10","date_gmt":"2025-07-31T17:01:10","guid":{"rendered":"https:\/\/www.budream.com\/shop\/royal-queen-seeds-watermelon-automatic-fem-usa-premium\/"},"modified":"2026-03-27T15:08:29","modified_gmt":"2026-03-27T13:08:29","slug":"royal-queen-seeds-watermelon-automatic-fem-usa-premium","status":"publish","type":"product","link":"https:\/\/www.budream.com\/de\/shop\/royal-queen-seeds-watermelon-automatic-fem-usa-premium\/","title":{"rendered":"ROYAL QUEEN SEEDS &#8211; WATERMELON AUTOMATIC FEM (USA PREMIUM)"},"content":{"rendered":"<p>Unsere erfahrenen Z\u00fcchter wollten eine Sorte f\u00fcr alle Geschm\u00e4cker schaffen. Um ein so attraktives Terpenprofil zu erreichen, w\u00e4hlten sie zwei der Sorten aus: Tropicanna Cookies und Lemon OG. Diese beiden Elternteile sind reich an Limonen, Myrcen und anderen fruchtigen und erdigen Molek\u00fclen.<\/p>\n<p>Nach der Kreuzung und Stabilisierung dieser Sorten \u00fcber mehrere Generationen hinweg wurde Watermelon Automatic geboren, eine Pflanze mit einer genetischen Zusammensetzung von 75% Indica, 25% Sativa und 5% Ruderalis. Diese schnelle autoflowering Sorte hat es geschafft, all die k\u00f6stlichen Terpene ihrer Vorfahren zu erben.<\/p>\n<p><\/p>\n<h2><strong>Merkmale Watermelon Automatic Royal Queen Seeds:<\/strong><\/h2>\n<ul style=\"list-style-type: disc\">\n<li><strong>Gattung:<\/strong> Feminisierte Autoflowering<\/li>\n<li><strong>Genotyp:<\/strong> Hybrid 25% Sativa 75% Indica 5% Ruderalis<\/li>\n<li><strong>Genetik:<\/strong> Tropicanna Cookies x Lemon OG x Ruderalis<\/li>\n<li><strong>Tage:<\/strong> 56 &#8211; 63<\/li>\n<\/ul>\n<p><em><strong>WARNUNG:<\/strong> Hanfsamen sind vom gesetzlichen Begriff Cannabis ausgenommen, was bedeutet, dass sie nicht als Bet\u00e4ubungsmittel gelten (L. 412 von 1974, Art. 1, Absatz 1, Buchstabe B; Einheits\u00fcbereinkommen \u00fcber Bet\u00e4ubungsmittel von New York von 1961 und Tabelle II des Ministerialerlasses 27\/7\/1992). In Italien ist der Anbau von Hanf verboten (Artikel 28 und 73 des Pr\u00e4sidialdekrets 309\/90), es sei denn, es liegt eine Sondergenehmigung vor (Artikel 17 des Pr\u00e4sidialdekrets 309\/90). In Ermangelung einer solchen Genehmigung darf das Saatgut nur f\u00fcr andere Zwecke verwendet werden (zootechnische Zwecke, Sammeln usw.). Das Saatgut wird unter dem Vorbehalt verkauft, dass es nicht von Dritten im Widerspruch zu den gesetzlichen Bestimmungen verwendet wird.<\/em><\/p>\n","protected":false},"excerpt":{"rendered":"<p>\ud83c\udf3f WATERMELON AUTOMATIC FEM (USA PREMIUM) von ROYAL QUEEN SEEDS \u00b7 \ud83e\uddec Indica Dominant (60%+) \u00b7 \ud83d\udd25 THC sehr hoch (Sehr hoch (20\u202f%+)).<\/p>\n","protected":false},"featured_media":162518,"comment_status":"open","ping_status":"closed","template":"","meta":[],"product_brand":[],"product_cat":[7952],"product_tag":[10124,10126,10128,10171,8510,8609,8874],"class_list":{"0":"post-162529","1":"product","2":"type-product","3":"status-publish","4":"has-post-thumbnail","6":"product_cat-seedshop-de","7":"product_tag-thc-sehr-hoch","8":"product_tag-cannabis-samen","9":"product_tag-feminisierte-samen","10":"product_tag-suess-fruchtig","11":"product_tag-indica","12":"product_tag-royal-queen-seeds","13":"product_tag-watermelon-automatic-fem-usa-premium","15":"first","16":"instock","17":"sale","18":"taxable","19":"shipping-taxable","20":"purchasable","21":"product-type-variable"},"aioseo_notices":[],"_links":{"self":[{"href":"https:\/\/www.budream.com\/de\/wp-json\/wp\/v2\/product\/162529","targetHints":{"allow":["GET"]}}],"collection":[{"href":"https:\/\/www.budream.com\/de\/wp-json\/wp\/v2\/product"}],"about":[{"href":"https:\/\/www.budream.com\/de\/wp-json\/wp\/v2\/types\/product"}],"replies":[{"embeddable":true,"href":"https:\/\/www.budream.com\/de\/wp-json\/wp\/v2\/comments?post=162529"}],"version-history":[{"count":2,"href":"https:\/\/www.budream.com\/de\/wp-json\/wp\/v2\/product\/162529\/revisions"}],"predecessor-version":[{"id":261570,"href":"https:\/\/www.budream.com\/de\/wp-json\/wp\/v2\/product\/162529\/revisions\/261570"}],"wp:featuredmedia":[{"embeddable":true,"href":"https:\/\/www.budream.com\/de\/wp-json\/wp\/v2\/media\/162518"}],"wp:attachment":[{"href":"https:\/\/www.budream.com\/de\/wp-json\/wp\/v2\/media?parent=162529"}],"wp:term":[{"taxonomy":"product_brand","embeddable":true,"href":"https:\/\/www.budream.com\/de\/wp-json\/wp\/v2\/product_brand?post=162529"},{"taxonomy":"product_cat","embeddable":true,"href":"https:\/\/www.budream.com\/de\/wp-json\/wp\/v2\/product_cat?post=162529"},{"taxonomy":"product_tag","embeddable":true,"href":"https:\/\/www.budream.com\/de\/wp-json\/wp\/v2\/product_tag?post=162529"}],"curies":[{"name":"wp","href":"https:\/\/api.w.org\/{rel}","templated":true}]}}