{"id":162675,"date":"2025-07-31T19:07:31","date_gmt":"2025-07-31T17:07:31","guid":{"rendered":"https:\/\/www.budream.com\/shop\/royal-queen-seeds-candy-kush-express-fast-fem\/"},"modified":"2026-03-25T16:10:54","modified_gmt":"2026-03-25T14:10:54","slug":"royal-queen-seeds-candy-kush-express-fast-fem","status":"publish","type":"product","link":"https:\/\/www.budream.com\/de\/shop\/royal-queen-seeds-candy-kush-express-fast-fem\/","title":{"rendered":"ROYAL QUEEN SEEDS &#8211; CANDY KUSH EXPRESS FAST FEM"},"content":{"rendered":"<p>Candy Kush Express (Fast Flowering) ist einzigartig unter den Hybriden, denn sie besteht <em>zu 40% aus Sativa und zu 60% aus Indica<\/em>, was sie zu der Sorte macht, die einem reinen Hybriden am n\u00e4chsten kommt. Dies macht ihre Wirkung sowohl Indica als auch Sativa.<\/p>\n<h2><strong>Eigenschaften Candy Kush Express Fast Royal Queen Seeds:<\/strong><\/h2>\n<ul style=\"list-style-type: disc\">\n<li><strong>Gattung:<\/strong> Feminisierte Fast<\/li>\n<li><strong>Genotyp:<\/strong> 40% Sativa \/ 60% Indica-Hybrid<\/li>\n<li><strong>Genetik<\/strong>: Sweet Special x Royal Kush<\/li>\n<li><strong>Tage:<\/strong> 49<\/li>\n<\/ul>\n<p><em><strong>WARNUNG:<\/strong> Hanfsamen sind vom gesetzlichen Begriff Cannabis ausgenommen, was bedeutet, dass sie nicht als Bet\u00e4ubungsmittel gelten (L. 412 von 1974, Art. 1, Absatz 1, Buchstabe B; Einheits\u00fcbereinkommen \u00fcber Bet\u00e4ubungsmittel von New York von 1961 und Tabelle II des Ministerialerlasses 27\/7\/1992). In Italien ist der Anbau von Hanf verboten (Artikel 28 und 73 des Pr\u00e4sidialdekrets 309\/90), es sei denn, es liegt eine Sondergenehmigung vor (Artikel 17 des Pr\u00e4sidialdekrets 309\/90). In Ermangelung einer solchen Genehmigung darf das Saatgut nur f\u00fcr andere Zwecke verwendet werden (zootechnische Zwecke, Sammeln usw.). Das Saatgut wird unter dem Vorbehalt verkauft, dass es nicht von Dritten im Widerspruch zu den gesetzlichen Bestimmungen verwendet wird.<\/em><\/p>\n","protected":false},"excerpt":{"rendered":"<p>\ud83c\udf3f CANDY KUSH EXPRESS FAST von ROYAL QUEEN SEEDS \u00b7 \ud83e\uddec Indica Dominant (60%+) \u00b7 \ud83d\udcaa THC hoch (Hoch (15\u201319\u202f%)) \u00b7 \ud83d\udce6 Ertrag XL.<\/p>\n","protected":false},"featured_media":162664,"comment_status":"open","ping_status":"closed","template":"","meta":[],"product_brand":[],"product_cat":[7952],"product_tag":[8609,8877,10126,10128,10140,10171,8510],"class_list":{"0":"post-162675","1":"product","2":"type-product","3":"status-publish","4":"has-post-thumbnail","6":"product_cat-seedshop-de","7":"product_tag-royal-queen-seeds","8":"product_tag-candy-kush-express-fast","9":"product_tag-cannabis-samen","10":"product_tag-feminisierte-samen","11":"product_tag-thc-hoch","12":"product_tag-suess-fruchtig","13":"product_tag-indica","15":"first","16":"instock","17":"sale","18":"taxable","19":"shipping-taxable","20":"purchasable","21":"product-type-variable"},"aioseo_notices":[],"_links":{"self":[{"href":"https:\/\/www.budream.com\/de\/wp-json\/wp\/v2\/product\/162675","targetHints":{"allow":["GET"]}}],"collection":[{"href":"https:\/\/www.budream.com\/de\/wp-json\/wp\/v2\/product"}],"about":[{"href":"https:\/\/www.budream.com\/de\/wp-json\/wp\/v2\/types\/product"}],"replies":[{"embeddable":true,"href":"https:\/\/www.budream.com\/de\/wp-json\/wp\/v2\/comments?post=162675"}],"version-history":[{"count":2,"href":"https:\/\/www.budream.com\/de\/wp-json\/wp\/v2\/product\/162675\/revisions"}],"predecessor-version":[{"id":260917,"href":"https:\/\/www.budream.com\/de\/wp-json\/wp\/v2\/product\/162675\/revisions\/260917"}],"wp:featuredmedia":[{"embeddable":true,"href":"https:\/\/www.budream.com\/de\/wp-json\/wp\/v2\/media\/162664"}],"wp:attachment":[{"href":"https:\/\/www.budream.com\/de\/wp-json\/wp\/v2\/media?parent=162675"}],"wp:term":[{"taxonomy":"product_brand","embeddable":true,"href":"https:\/\/www.budream.com\/de\/wp-json\/wp\/v2\/product_brand?post=162675"},{"taxonomy":"product_cat","embeddable":true,"href":"https:\/\/www.budream.com\/de\/wp-json\/wp\/v2\/product_cat?post=162675"},{"taxonomy":"product_tag","embeddable":true,"href":"https:\/\/www.budream.com\/de\/wp-json\/wp\/v2\/product_tag?post=162675"}],"curies":[{"name":"wp","href":"https:\/\/api.w.org\/{rel}","templated":true}]}}