{"id":166271,"date":"2025-07-31T21:38:11","date_gmt":"2025-07-31T19:38:11","guid":{"rendered":"https:\/\/www.budream.com\/shop\/hollaendische-leidenschaft-auto-mimosen-punsch\/"},"modified":"2026-03-30T22:39:17","modified_gmt":"2026-03-30T20:39:17","slug":"hollaendische-leidenschaft-auto-mimosen-punsch","status":"publish","type":"product","link":"https:\/\/www.budream.com\/de\/shop\/hollaendische-leidenschaft-auto-mimosen-punsch\/","title":{"rendered":"HOLL\u00c4NDISCHE LEIDENSCHAFT &#8211; AUTO-MIMOSEN-PUNSCH"},"content":{"rendered":"<div style=\"text-align: justify\">Wenn Sie auf der Suche nach einer hochwertigen autoflowering Sorte sind, basiert der neue autoflowering Star unseres Teams auf der preisgekr\u00f6nten Genetik der ber\u00fchmten &#8218;Mimosa&#8216;, einem reinen Klonschnitt aus Nordamerika. Mimosa wurde urspr\u00fcnglich durch Kreuzung von Clementine mit Purple Punch erschaffen. Das Dutch Passion-Z\u00fcchterteam kreuzte diese Sorte mit einer autoflowering Purple Punch.<\/p>\n<\/div>\n<h2><strong>Eigenschaften Auto Mimosa Punch Fem:<\/strong><\/h2>\n<ul style=\"list-style-type: disc\">\n<li><strong>Gattung:<\/strong> Feminisiert<\/li>\n<li><strong>Genotyp:<\/strong> Indica\/Sativa-Hybrid<\/li>\n<li><strong>Genetik:<\/strong> Mimosa (Clementine X Purple Punch) X Auto Purple Punch<\/li>\n<li><strong>Tage:<\/strong> 70-84 Tage<\/li>\n<\/ul>\n<p><\/p>\n<div style=\"text-align: justify\"><span style=\"font-size: 11pt\"><em><strong>ACHTUNG:<\/strong> Hanfsamen sind vom gesetzlichen Begriff Cannabis ausgenommen, was bedeutet, dass sie nicht als Bet\u00e4ubungsmittel gelten (Gesetz 412 von 1974, Art. 1, Absatz 1, Buchstabe B; Einheits\u00fcbereinkommen \u00fcber Bet\u00e4ubungsmittel von New York von 1961 und Tabelle II des Ministerialerlasses 27\/7\/1992). In Italien ist der Anbau von Hanf verboten (Artikel 28 und 73 des Pr\u00e4sidialdekrets 309\/90), es sei denn, es liegt eine Sondergenehmigung vor (Artikel 17 des Pr\u00e4sidialdekrets 309\/90). In Ermangelung einer solchen Genehmigung darf das Saatgut nur f\u00fcr andere Zwecke verwendet werden (zootechnische Zwecke, Sammeln usw.). Das Saatgut wird unter dem Vorbehalt verkauft, dass es nicht von Dritten im Widerspruch zu den gesetzlichen Bestimmungen verwendet wird.<\/em><\/span><\/div>\n","protected":false},"excerpt":{"rendered":"<p>\ud83c\udf3f AUTO-MIMOSEN-PUNSCH von DUTCH PASSION \u00b7 \ud83e\uddec Indica \/ Sativa \u00b7 \ud83d\udcaa THC hoch (Hoch (15\u201319\u202f%)).<\/p>\n","protected":false},"featured_media":166260,"comment_status":"open","ping_status":"closed","template":"","meta":[],"product_brand":[],"product_cat":[7952],"product_tag":[10301,8508,8510,8511,9931,10126,10128,10140,10147],"class_list":{"0":"post-166271","1":"product","2":"type-product","3":"status-publish","4":"has-post-thumbnail","6":"product_cat-seedshop-de","7":"product_tag-auto-mimosen-punsch","8":"product_tag-dutch-passion","9":"product_tag-indica","10":"product_tag-sativa","11":"product_tag-hybrid","12":"product_tag-cannabis-samen","13":"product_tag-feminisierte-samen","14":"product_tag-thc-hoch","15":"product_tag-erdiger","17":"first","18":"instock","19":"taxable","20":"shipping-taxable","21":"purchasable","22":"product-type-variable"},"aioseo_notices":[],"_links":{"self":[{"href":"https:\/\/www.budream.com\/de\/wp-json\/wp\/v2\/product\/166271","targetHints":{"allow":["GET"]}}],"collection":[{"href":"https:\/\/www.budream.com\/de\/wp-json\/wp\/v2\/product"}],"about":[{"href":"https:\/\/www.budream.com\/de\/wp-json\/wp\/v2\/types\/product"}],"replies":[{"embeddable":true,"href":"https:\/\/www.budream.com\/de\/wp-json\/wp\/v2\/comments?post=166271"}],"version-history":[{"count":2,"href":"https:\/\/www.budream.com\/de\/wp-json\/wp\/v2\/product\/166271\/revisions"}],"predecessor-version":[{"id":261184,"href":"https:\/\/www.budream.com\/de\/wp-json\/wp\/v2\/product\/166271\/revisions\/261184"}],"wp:featuredmedia":[{"embeddable":true,"href":"https:\/\/www.budream.com\/de\/wp-json\/wp\/v2\/media\/166260"}],"wp:attachment":[{"href":"https:\/\/www.budream.com\/de\/wp-json\/wp\/v2\/media?parent=166271"}],"wp:term":[{"taxonomy":"product_brand","embeddable":true,"href":"https:\/\/www.budream.com\/de\/wp-json\/wp\/v2\/product_brand?post=166271"},{"taxonomy":"product_cat","embeddable":true,"href":"https:\/\/www.budream.com\/de\/wp-json\/wp\/v2\/product_cat?post=166271"},{"taxonomy":"product_tag","embeddable":true,"href":"https:\/\/www.budream.com\/de\/wp-json\/wp\/v2\/product_tag?post=166271"}],"curies":[{"name":"wp","href":"https:\/\/api.w.org\/{rel}","templated":true}]}}