{"id":168523,"date":"2025-07-31T23:08:30","date_gmt":"2025-07-31T21:08:30","guid":{"rendered":"https:\/\/www.budream.com\/shop\/barneys-farm-runtz-x-layer-cake-fem\/"},"modified":"2026-04-28T12:09:25","modified_gmt":"2026-04-28T10:09:25","slug":"barneys-farm-runtz-x-layer-cake-fem","status":"publish","type":"product","link":"https:\/\/www.budream.com\/de\/shop\/barneys-farm-runtz-x-layer-cake-fem\/","title":{"rendered":"BARNEY&#8217;S FARM &#8211; RUNTZ x LAYER CAKE FEM"},"content":{"rendered":"<div style=\"text-align: justify\">Die Einf\u00fchrung von RUNTZ X LAYER CAKE&trade; von Barney&#8217;s Farm wird die Sorte des Jahres 2022 sein! ist wirklich eine Klasse f\u00fcr sich, eine der aufregendsten Kreationen seit vielen Jahren. Die beste kollektive Mischung aus atemberaubender Westk\u00fcstengenetik, die zu einer unglaublichen Sorte verschmolzen wurde. RUNTZ X LAYER CAKE&trade; ist ein perfekt ausgewogener 50% Indica\/Sativa-Hybrid, der sehr robust und widerstandsf\u00e4hig ist.<\/div>\n<p><\/p>\n<h2><strong>Eigenschaften Runtz x Layer Cake Fem:<\/strong><\/h2>\n<ul style=\"list-style-type: disc\">\n<li><strong>Gattung:<\/strong> Feminisierter Hybrid<\/li>\n<li><strong>Genotyp:<\/strong> 50% Indica \/ 50% Sativa<\/li>\n<li><strong>Genetik<\/strong>: Runtz x Layer Cake<\/li>\n<li><strong>Bl\u00fchende Tage:<\/strong> 65 Tage<\/li>\n<\/ul>\n<p><\/p>\n<div style=\"text-align: justify\"><span style=\"font-size: 11pt\"><em><strong>WARNUNG:<\/strong> Hanfsamen sind vom gesetzlichen Begriff Cannabis ausgenommen, was bedeutet, dass sie nicht als Bet\u00e4ubungsmittel gelten (L. 412 von 1974, Art. 1, Komma 1, Buchstabe B; Einheits\u00fcbereinkommen \u00fcber Bet\u00e4ubungsmittel von New York von 1961 und Tabelle II des Ministerialerlasses 27\/7\/1992). In Italien ist der Anbau von Hanf verboten (Artikel 28 und 73 des Pr\u00e4sidialdekrets 309\/90), es sei denn, es liegt eine Sondergenehmigung vor (Artikel 17 des Pr\u00e4sidialdekrets 309\/90). In Ermangelung einer solchen Genehmigung darf das Saatgut nur f\u00fcr andere Zwecke verwendet werden (zootechnische Zwecke, Sammeln usw.). Das Saatgut wird unter dem Vorbehalt verkauft, dass es nicht von Dritten im Widerspruch zu den gesetzlichen Bestimmungen verwendet wird.<\/em><\/span><\/div>\n","protected":false},"excerpt":{"rendered":"<p>\ud83c\udf3f RUNTZ x LAYER CAKE von BARNEY&#8217;S FARM \u00b7 \ud83e\uddec Indica \/ Sativa \u00b7 \ud83d\udd25 THC sehr hoch (Sehr hoch (20\u202f%+)) \u00b7 \ud83c\udfc6 Ertrag XXL.<\/p>\n","protected":false},"featured_media":168502,"comment_status":"open","ping_status":"closed","template":"","meta":[],"product_brand":[],"product_cat":[7952],"product_tag":[8510,8511,8645,8894,9931,10124,10125,10126,10128,10150],"class_list":{"0":"post-168523","1":"product","2":"type-product","3":"status-publish","4":"has-post-thumbnail","6":"product_cat-seedshop-de","7":"product_tag-indica","8":"product_tag-sativa","9":"product_tag-barneys-farm","10":"product_tag-runtz-x-layer-cake","11":"product_tag-hybrid","12":"product_tag-thc-sehr-hoch","13":"product_tag-ertrag-xxl","14":"product_tag-cannabis-samen","15":"product_tag-feminisierte-samen","16":"product_tag-zitrusartig","18":"first","19":"instock","20":"sale","21":"taxable","22":"shipping-taxable","23":"purchasable","24":"product-type-variable"},"_links":{"self":[{"href":"https:\/\/www.budream.com\/de\/wp-json\/wp\/v2\/product\/168523","targetHints":{"allow":["GET"]}}],"collection":[{"href":"https:\/\/www.budream.com\/de\/wp-json\/wp\/v2\/product"}],"about":[{"href":"https:\/\/www.budream.com\/de\/wp-json\/wp\/v2\/types\/product"}],"replies":[{"embeddable":true,"href":"https:\/\/www.budream.com\/de\/wp-json\/wp\/v2\/comments?post=168523"}],"version-history":[{"count":2,"href":"https:\/\/www.budream.com\/de\/wp-json\/wp\/v2\/product\/168523\/revisions"}],"predecessor-version":[{"id":260047,"href":"https:\/\/www.budream.com\/de\/wp-json\/wp\/v2\/product\/168523\/revisions\/260047"}],"wp:featuredmedia":[{"embeddable":true,"href":"https:\/\/www.budream.com\/de\/wp-json\/wp\/v2\/media\/168502"}],"wp:attachment":[{"href":"https:\/\/www.budream.com\/de\/wp-json\/wp\/v2\/media?parent=168523"}],"wp:term":[{"taxonomy":"product_brand","embeddable":true,"href":"https:\/\/www.budream.com\/de\/wp-json\/wp\/v2\/product_brand?post=168523"},{"taxonomy":"product_cat","embeddable":true,"href":"https:\/\/www.budream.com\/de\/wp-json\/wp\/v2\/product_cat?post=168523"},{"taxonomy":"product_tag","embeddable":true,"href":"https:\/\/www.budream.com\/de\/wp-json\/wp\/v2\/product_tag?post=168523"}],"curies":[{"name":"wp","href":"https:\/\/api.w.org\/{rel}","templated":true}]}}