{"id":168576,"date":"2025-07-31T23:10:16","date_gmt":"2025-07-31T21:10:16","guid":{"rendered":"https:\/\/www.budream.com\/shop\/barneys-farm-mimosa-x-orange-punch-auto-fem\/"},"modified":"2026-03-24T01:21:09","modified_gmt":"2026-03-23T23:21:09","slug":"barneys-farm-mimosa-x-orange-punch-auto-fem","status":"publish","type":"product","link":"https:\/\/www.budream.com\/de\/shop\/barneys-farm-mimosa-x-orange-punch-auto-fem\/","title":{"rendered":"BARNEY&#8217;S FARM &#8211; MIMOSA x ORANGE PUNCH AUTO FEM"},"content":{"rendered":"<div style=\"text-align: justify\">Die Entwicklung von Mimosa geht weiter mit dieser neuen super kompakten autoflowering Sorte: MIMOSA X ORANGE PUNCH AUTO&trade; Urspr\u00fcnglich aus einer zarten R\u00fcckkreuzung unserer ber\u00fchmten Orange Punch mit dem 2020 Ph\u00e4nomen Mimosa Evo erstellt, hat das Labor wieder durch die Einf\u00fchrung unserer BF Super Auto #1 entwickelt.<\/div>\n<p><\/p>\n<h2><strong>Merkmale Moimosa x Orange Punch Auto:<\/strong><\/h2>\n<ul style=\"list-style-type: disc\">\n<li><strong>Gattung:<\/strong> Feminisierte Autoflowering<\/li>\n<li><strong>Genotyp:<\/strong> 60% Indica \/ 40% Sativa<\/li>\n<li><strong>Genetik: <\/strong>Mimosa Evo x Orange Punch x BF Super Auto #1<\/li>\n<li><strong>Tage:<\/strong> 65-70 Tage<\/li>\n<\/ul>\n<p><\/p>\n<div style=\"text-align: justify\"><span style=\"font-size: 11pt\"><em><strong>WARNUNG:<\/strong> Hanfsamen sind vom gesetzlichen Begriff Cannabis ausgenommen, was bedeutet, dass sie nicht als Bet\u00e4ubungsmittel gelten (L. 412 von 1974, Art. 1, Absatz 1, Buchstabe B; Einheits\u00fcbereinkommen \u00fcber Bet\u00e4ubungsmittel von New York von 1961 und Tabelle II des Ministerialerlasses 27\/7\/1992). In Italien ist der Anbau von Hanf verboten (Artikel 28 und 73 des Pr\u00e4sidialdekrets 309\/90), es sei denn, es liegt eine Sondergenehmigung vor (Artikel 17 des Pr\u00e4sidialdekrets 309\/90). In Ermangelung einer solchen Genehmigung darf das Saatgut nur f\u00fcr andere Zwecke verwendet werden (zootechnische Zwecke, Sammeln usw.). Das Saatgut wird unter dem Vorbehalt verkauft, dass es nicht von Dritten im Widerspruch zu den gesetzlichen Bestimmungen verwendet wird.<\/em><\/span><\/div>\n","protected":false},"excerpt":{"rendered":"<p>\ud83c\udf3f MIMOSA x ORANGE PUNCH AUTO von BARNEY&#8217;S FARM \u00b7 \ud83e\uddec Indica Dominant (60%+) \u00b7 \ud83d\udd25 THC sehr hoch (Sehr hoch (20\u202f%+)) \u00b7 \ud83d\udce6 Ertrag XL.<\/p>\n","protected":false},"featured_media":168565,"comment_status":"open","ping_status":"closed","template":"","meta":[],"product_brand":[],"product_cat":[7952],"product_tag":[8510,8645,8895,10124,10126,10128,10150],"class_list":{"0":"post-168576","1":"product","2":"type-product","3":"status-publish","4":"has-post-thumbnail","6":"product_cat-seedshop-de","7":"product_tag-indica","8":"product_tag-barneys-farm","9":"product_tag-mimosa-x-orange-punch-auto","10":"product_tag-thc-sehr-hoch","11":"product_tag-cannabis-samen","12":"product_tag-feminisierte-samen","13":"product_tag-zitrusartig","15":"first","16":"instock","17":"sale","18":"taxable","19":"shipping-taxable","20":"purchasable","21":"product-type-variable"},"_links":{"self":[{"href":"https:\/\/www.budream.com\/de\/wp-json\/wp\/v2\/product\/168576","targetHints":{"allow":["GET"]}}],"collection":[{"href":"https:\/\/www.budream.com\/de\/wp-json\/wp\/v2\/product"}],"about":[{"href":"https:\/\/www.budream.com\/de\/wp-json\/wp\/v2\/types\/product"}],"replies":[{"embeddable":true,"href":"https:\/\/www.budream.com\/de\/wp-json\/wp\/v2\/comments?post=168576"}],"version-history":[{"count":2,"href":"https:\/\/www.budream.com\/de\/wp-json\/wp\/v2\/product\/168576\/revisions"}],"predecessor-version":[{"id":260293,"href":"https:\/\/www.budream.com\/de\/wp-json\/wp\/v2\/product\/168576\/revisions\/260293"}],"wp:featuredmedia":[{"embeddable":true,"href":"https:\/\/www.budream.com\/de\/wp-json\/wp\/v2\/media\/168565"}],"wp:attachment":[{"href":"https:\/\/www.budream.com\/de\/wp-json\/wp\/v2\/media?parent=168576"}],"wp:term":[{"taxonomy":"product_brand","embeddable":true,"href":"https:\/\/www.budream.com\/de\/wp-json\/wp\/v2\/product_brand?post=168576"},{"taxonomy":"product_cat","embeddable":true,"href":"https:\/\/www.budream.com\/de\/wp-json\/wp\/v2\/product_cat?post=168576"},{"taxonomy":"product_tag","embeddable":true,"href":"https:\/\/www.budream.com\/de\/wp-json\/wp\/v2\/product_tag?post=168576"}],"curies":[{"name":"wp","href":"https:\/\/api.w.org\/{rel}","templated":true}]}}