{"id":168980,"date":"2025-07-31T23:25:58","date_gmt":"2025-07-31T21:25:58","guid":{"rendered":"https:\/\/www.budream.com\/shop\/green-house-seed-co-persischer-kuchen-fem-2\/"},"modified":"2026-03-25T22:03:21","modified_gmt":"2026-03-25T20:03:21","slug":"green-house-seed-co-persischer-kuchen-fem-2","status":"publish","type":"product","link":"https:\/\/www.budream.com\/de\/shop\/green-house-seed-co-persischer-kuchen-fem-2\/","title":{"rendered":"GREEN HOUSE SEED CO. &#8211; PERSISCHER KUCHEN FEM"},"content":{"rendered":"<p>Der Persian Pie ist unsere neue Kombination aus zwei Profilen. Auf der einen Seite der ber\u00fchmte LemonTree aus den USA und auf der anderen Seite unser Banana Krumble.<\/p>\n<h2><strong>Eigenschaften Persian Pie Fem<\/strong><\/h2>\n<ul style=\"list-style-type: disc\">\n<li><strong>Gattung:<\/strong> Feminisiert<\/li>\n<li><strong>Genotyp:<\/strong> Hybrid 60% Indica 40% Sativa<\/li>\n<li><strong>Genetik:<\/strong> Lemo Tree x Banana Krumble<\/li>\n<li><strong>Tage:<\/strong> 56-63 Tage<\/li>\n<\/ul>\n<p><span style=\"font-size: 11pt\"><em><strong>WARNUNG:<\/strong> Hanfsamen sind vom gesetzlichen Begriff Cannabis ausgenommen, was bedeutet, dass sie nicht als Bet\u00e4ubungsmittel gelten (L. 412 von 1974, Art. 1, Absatz 1, Buchstabe B; Einheits\u00fcbereinkommen \u00fcber Bet\u00e4ubungsmittel von New York von 1961 und Tabelle II des Ministerialerlasses 27\/7\/1992). In Italien ist der Anbau von Hanf verboten (Artikel 28 und 73 des Pr\u00e4sidialdekrets 309\/90), es sei denn, es liegt eine Sondergenehmigung vor (Artikel 17 des Pr\u00e4sidialdekrets 309\/90). In Ermangelung einer solchen Genehmigung darf das Saatgut nur f\u00fcr andere Zwecke verwendet werden (zootechnische Zwecke, Sammeln usw.). Das Saatgut wird unter dem Vorbehalt verkauft, dass es nicht von Dritten im Widerspruch zu den gesetzlichen Bestimmungen verwendet wird.<\/em><\/span><\/p>\n","protected":false},"excerpt":{"rendered":"<p>\ud83c\udf3f PERSISCHER KUCHEN von GREEN HOUSE SEED CO. \u00b7 \ud83e\uddec Indica Dominant (60%+) \u00b7 \ud83d\udd25 THC sehr hoch (Sehr hoch (20\u202f%+)) \u00b7 \ud83c\udfc6 Ertrag XXL.<\/p>\n","protected":false},"featured_media":225833,"comment_status":"open","ping_status":"closed","template":"","meta":[],"product_brand":[],"product_cat":[7952],"product_tag":[10309,8510,8533,10124,10125,10126,10128,10150],"class_list":{"0":"post-168980","1":"product","2":"type-product","3":"status-publish","4":"has-post-thumbnail","6":"product_cat-seedshop-de","7":"product_tag-persischer-kuchen","8":"product_tag-indica","9":"product_tag-green-house-seed-co","10":"product_tag-thc-sehr-hoch","11":"product_tag-ertrag-xxl","12":"product_tag-cannabis-samen","13":"product_tag-feminisierte-samen","14":"product_tag-zitrusartig","16":"first","17":"instock","18":"sale","19":"taxable","20":"shipping-taxable","21":"purchasable","22":"product-type-variable"},"aioseo_notices":[],"_links":{"self":[{"href":"https:\/\/www.budream.com\/de\/wp-json\/wp\/v2\/product\/168980","targetHints":{"allow":["GET"]}}],"collection":[{"href":"https:\/\/www.budream.com\/de\/wp-json\/wp\/v2\/product"}],"about":[{"href":"https:\/\/www.budream.com\/de\/wp-json\/wp\/v2\/types\/product"}],"replies":[{"embeddable":true,"href":"https:\/\/www.budream.com\/de\/wp-json\/wp\/v2\/comments?post=168980"}],"version-history":[{"count":2,"href":"https:\/\/www.budream.com\/de\/wp-json\/wp\/v2\/product\/168980\/revisions"}],"predecessor-version":[{"id":259733,"href":"https:\/\/www.budream.com\/de\/wp-json\/wp\/v2\/product\/168980\/revisions\/259733"}],"wp:featuredmedia":[{"embeddable":true,"href":"https:\/\/www.budream.com\/de\/wp-json\/wp\/v2\/media\/225833"}],"wp:attachment":[{"href":"https:\/\/www.budream.com\/de\/wp-json\/wp\/v2\/media?parent=168980"}],"wp:term":[{"taxonomy":"product_brand","embeddable":true,"href":"https:\/\/www.budream.com\/de\/wp-json\/wp\/v2\/product_brand?post=168980"},{"taxonomy":"product_cat","embeddable":true,"href":"https:\/\/www.budream.com\/de\/wp-json\/wp\/v2\/product_cat?post=168980"},{"taxonomy":"product_tag","embeddable":true,"href":"https:\/\/www.budream.com\/de\/wp-json\/wp\/v2\/product_tag?post=168980"}],"curies":[{"name":"wp","href":"https:\/\/api.w.org\/{rel}","templated":true}]}}