{"id":170269,"date":"2025-08-01T00:06:30","date_gmt":"2025-07-31T22:06:30","guid":{"rendered":"https:\/\/www.budream.com\/shop\/sensi-seeds-bank-afghani-1-automatic-fem\/"},"modified":"2026-03-21T18:46:58","modified_gmt":"2026-03-21T16:46:58","slug":"sensi-seeds-bank-afghani-1-automatic-fem","status":"publish","type":"product","link":"https:\/\/www.budream.com\/de\/shop\/sensi-seeds-bank-afghani-1-automatic-fem\/","title":{"rendered":"SENSI SEEDS BANK &#8211; AFGHANI #1 AUTOMATIC FEM"},"content":{"rendered":"<p><strong>AFGHANI #1 AUTOMATIC<\/strong> ist eine \u00fcberwiegend Indica-Sorte mit tiefgreifenden und entspannenden Effekten von SENSI SEEDS BANK. Verf\u00fcgbar in Packungen mit 1 Samen feminisiert. Im Anbau, hat einen mittleren Bl\u00fctezyklus von 10-12 Wochen und produziert gro\u00dfz\u00fcgige Ertr\u00e4ge. In der Nase und am Gaumen zeichnet sich sein \ud83c\udf3f Scharf-Aroma aus.<\/p>\n","protected":false},"excerpt":{"rendered":"<p>\ud83c\udf3f AFGHANI #1 AUTOMATIC von SENSI SEEDS BANK \u00b7 \ud83e\uddec Indica (90%+).<\/p>\n","protected":false},"featured_media":196941,"comment_status":"open","ping_status":"closed","template":"","meta":[],"product_brand":[],"product_cat":[7952],"product_tag":[10128,8510,8526,8904,10126,10127],"class_list":{"0":"post-170269","1":"product","2":"type-product","3":"status-publish","4":"has-post-thumbnail","6":"product_cat-seedshop-de","7":"product_tag-feminisierte-samen","8":"product_tag-indica","9":"product_tag-sensi-seeds-bank","10":"product_tag-afghani-1-automatic","11":"product_tag-cannabis-samen","12":"product_tag-scharf","14":"first","15":"instock","16":"sale","17":"taxable","18":"shipping-taxable","19":"purchasable","20":"product-type-variable"},"aioseo_notices":[],"_links":{"self":[{"href":"https:\/\/www.budream.com\/de\/wp-json\/wp\/v2\/product\/170269","targetHints":{"allow":["GET"]}}],"collection":[{"href":"https:\/\/www.budream.com\/de\/wp-json\/wp\/v2\/product"}],"about":[{"href":"https:\/\/www.budream.com\/de\/wp-json\/wp\/v2\/types\/product"}],"replies":[{"embeddable":true,"href":"https:\/\/www.budream.com\/de\/wp-json\/wp\/v2\/comments?post=170269"}],"version-history":[{"count":1,"href":"https:\/\/www.budream.com\/de\/wp-json\/wp\/v2\/product\/170269\/revisions"}],"predecessor-version":[{"id":259053,"href":"https:\/\/www.budream.com\/de\/wp-json\/wp\/v2\/product\/170269\/revisions\/259053"}],"wp:featuredmedia":[{"embeddable":true,"href":"https:\/\/www.budream.com\/de\/wp-json\/wp\/v2\/media\/196941"}],"wp:attachment":[{"href":"https:\/\/www.budream.com\/de\/wp-json\/wp\/v2\/media?parent=170269"}],"wp:term":[{"taxonomy":"product_brand","embeddable":true,"href":"https:\/\/www.budream.com\/de\/wp-json\/wp\/v2\/product_brand?post=170269"},{"taxonomy":"product_cat","embeddable":true,"href":"https:\/\/www.budream.com\/de\/wp-json\/wp\/v2\/product_cat?post=170269"},{"taxonomy":"product_tag","embeddable":true,"href":"https:\/\/www.budream.com\/de\/wp-json\/wp\/v2\/product_tag?post=170269"}],"curies":[{"name":"wp","href":"https:\/\/api.w.org\/{rel}","templated":true}]}}