{"id":170314,"date":"2025-08-01T00:08:17","date_gmt":"2025-07-31T22:08:17","guid":{"rendered":"https:\/\/www.budream.com\/shop\/sensi-seeds-bank-big-bud-automatic-fem\/"},"modified":"2026-03-24T12:43:12","modified_gmt":"2026-03-24T10:43:12","slug":"sensi-seeds-bank-big-bud-automatic-fem","status":"publish","type":"product","link":"https:\/\/www.budream.com\/de\/shop\/sensi-seeds-bank-big-bud-automatic-fem\/","title":{"rendered":"SENSI SEEDS BANK &#8211; BIG BUD AUTOMATIC FEM"},"content":{"rendered":"<p>Big Bud Automatic Samen von Sensi Seeds sind im Allgemeinen die autoflowering Version der ber\u00fchmten Big Bud.<br \/><span style=\"text-decoration: underline\"><br \/><\/span><\/p>\n<h2><strong>Eigenschaften Big Bud Automatic Fem Sensi Seeds Bank:<\/strong><\/h2>\n<ul style=\"list-style-type: disc\">\n<li><strong>Gattung:<\/strong> Feminisiert Autoflowering<\/li>\n<li><strong>Genotyp:<\/strong> Hybrid 80% Indica \/ 20% Sativa<\/li>\n<li><strong>Genetik:<\/strong> Big Bud x Ruderalis<\/li>\n<li><strong>Bl\u00fchende Tage:<\/strong> 45-50 Tage<\/li>\n<\/ul>\n<p><span style=\"font-size: 11pt\"><em><strong>ACHTUNG:<\/strong> Hanfsamen fallen nicht unter den Rechtsbegriff Cannabis, was bedeutet, dass sie nicht als Bet\u00e4ubungsmittel gelten (L. 412 von 1974, Art. 1, Absatz 1, Buchstabe B; Einheits\u00fcbereinkommen \u00fcber Bet\u00e4ubungsmittel von New York von 1961 und Tabelle II des Ministerialerlasses vom 27.7.1992). In Italien ist der Anbau von Hanf verboten (Artikel 28 und 73 des Pr\u00e4sidialdekrets 309\/90), es sei denn, es liegt eine Sondergenehmigung vor (Artikel 17 des Pr\u00e4sidialdekrets 309\/90). In Ermangelung einer solchen Genehmigung darf das Saatgut nur f\u00fcr andere Zwecke verwendet werden (zootechnische Zwecke, Sammeln usw.). Das Saatgut wird unter dem Vorbehalt verkauft, dass es nicht von Dritten im Widerspruch zu den gesetzlichen Bestimmungen verwendet wird.<\/em><\/span><\/p>\n","protected":false},"excerpt":{"rendered":"<p>\ud83c\udf3f BIG BUD AUTOMATIC von SENSI SEEDS BANK \u00b7 \ud83e\uddec Indica Dominant (60%+) \u00b7 \ud83d\udcaa THC hoch (Hoch (15\u201319\u202f%)).<\/p>\n","protected":false},"featured_media":196961,"comment_status":"open","ping_status":"closed","template":"","meta":[],"product_brand":[],"product_cat":[7952],"product_tag":[8526,8905,10126,10127,10128,10140,8510],"class_list":{"0":"post-170314","1":"product","2":"type-product","3":"status-publish","4":"has-post-thumbnail","6":"product_cat-seedshop-de","7":"product_tag-sensi-seeds-bank","8":"product_tag-big-bud-automatic","9":"product_tag-cannabis-samen","10":"product_tag-scharf","11":"product_tag-feminisierte-samen","12":"product_tag-thc-hoch","13":"product_tag-indica","15":"first","16":"instock","17":"taxable","18":"shipping-taxable","19":"purchasable","20":"product-type-variable"},"aioseo_notices":[],"_links":{"self":[{"href":"https:\/\/www.budream.com\/de\/wp-json\/wp\/v2\/product\/170314","targetHints":{"allow":["GET"]}}],"collection":[{"href":"https:\/\/www.budream.com\/de\/wp-json\/wp\/v2\/product"}],"about":[{"href":"https:\/\/www.budream.com\/de\/wp-json\/wp\/v2\/types\/product"}],"replies":[{"embeddable":true,"href":"https:\/\/www.budream.com\/de\/wp-json\/wp\/v2\/comments?post=170314"}],"version-history":[{"count":2,"href":"https:\/\/www.budream.com\/de\/wp-json\/wp\/v2\/product\/170314\/revisions"}],"predecessor-version":[{"id":260430,"href":"https:\/\/www.budream.com\/de\/wp-json\/wp\/v2\/product\/170314\/revisions\/260430"}],"wp:featuredmedia":[{"embeddable":true,"href":"https:\/\/www.budream.com\/de\/wp-json\/wp\/v2\/media\/196961"}],"wp:attachment":[{"href":"https:\/\/www.budream.com\/de\/wp-json\/wp\/v2\/media?parent=170314"}],"wp:term":[{"taxonomy":"product_brand","embeddable":true,"href":"https:\/\/www.budream.com\/de\/wp-json\/wp\/v2\/product_brand?post=170314"},{"taxonomy":"product_cat","embeddable":true,"href":"https:\/\/www.budream.com\/de\/wp-json\/wp\/v2\/product_cat?post=170314"},{"taxonomy":"product_tag","embeddable":true,"href":"https:\/\/www.budream.com\/de\/wp-json\/wp\/v2\/product_tag?post=170314"}],"curies":[{"name":"wp","href":"https:\/\/api.w.org\/{rel}","templated":true}]}}