{"id":170369,"date":"2025-08-01T00:10:18","date_gmt":"2025-07-31T22:10:18","guid":{"rendered":"https:\/\/www.budream.com\/shop\/sensi-seeds-bank-durban-fem-2\/"},"modified":"2026-03-27T12:37:47","modified_gmt":"2026-03-27T10:37:47","slug":"sensi-seeds-bank-durban-fem-2","status":"publish","type":"product","link":"https:\/\/www.budream.com\/de\/shop\/sensi-seeds-bank-durban-fem-2\/","title":{"rendered":"SENSI SEEDS BANK &#8211; DURBAN FEM"},"content":{"rendered":"<p>Durban feminisierte Samen von Sensi Seeds haben ihren Ursprung in einer reinen s\u00fcdafrikanischen Sorte. Diese eindeutig Sativa-dominante Sorte tr\u00e4gt die meisten der herausragenden Eigenschaften ihrer Vorg\u00e4ngerin.<\/p>\n<h2><strong>Eigenschaften Durban Fem Sensi Seeds Bank:<\/strong><\/h2>\n<ul style=\"list-style-type: disc\">\n<li><strong>Gattung:<\/strong> Feminisierter Hybrid<\/li>\n<li><strong>Genotyp:<\/strong> 10% Indica \/ 90% Sativa<\/li>\n<li><strong>Genetik:<\/strong> S\u00fcdafrikanische Sorte<\/li>\n<li><strong>Bl\u00fchende Tage:<\/strong> 50 &#8211; 70<\/li>\n<\/ul>\n<p><span style=\"font-size: 11pt\"><em><strong>ACHTUNG:<\/strong> Hanfsamen fallen nicht unter den Rechtsbegriff Cannabis, was bedeutet, dass sie nicht als Bet\u00e4ubungsmittel gelten (L. 412 von 1974, Art. 1, Absatz 1, Buchstabe B; Einheits\u00fcbereinkommen \u00fcber Suchtstoffe von New York von 1961 und Tabelle II des Ministerialerlasses 27\/7\/1992). In Italien ist der Anbau von Hanf verboten (Artikel 28 und 73 des Pr\u00e4sidialdekrets 309\/90), es sei denn, es liegt eine Sondergenehmigung vor (Artikel 17 des Pr\u00e4sidialdekrets 309\/90). In Ermangelung einer solchen Genehmigung darf das Saatgut nur f\u00fcr andere Zwecke verwendet werden (zootechnische Zwecke, Sammeln usw.). Das Saatgut wird unter dem Vorbehalt verkauft, dass es nicht von Dritten im Widerspruch zu den gesetzlichen Bestimmungen verwendet wird.<\/em><\/span><\/p>\n","protected":false},"excerpt":{"rendered":"<p>\ud83c\udf3f DURBAN von SENSI SEEDS BANK \u00b7 \ud83e\uddec Sativa Dominant (60%+) \u00b7 \ud83c\udfc6 Ertrag XXL.<\/p>\n","protected":false},"featured_media":197007,"comment_status":"open","ping_status":"closed","template":"","meta":[],"product_brand":[],"product_cat":[7952],"product_tag":[8511,8526,8906,10125,10126,10127,10128],"class_list":{"0":"post-170369","1":"product","2":"type-product","3":"status-publish","4":"has-post-thumbnail","6":"product_cat-seedshop-de","7":"product_tag-sativa","8":"product_tag-sensi-seeds-bank","9":"product_tag-durban","10":"product_tag-ertrag-xxl","11":"product_tag-cannabis-samen","12":"product_tag-scharf","13":"product_tag-feminisierte-samen","15":"first","16":"instock","17":"sale","18":"taxable","19":"shipping-taxable","20":"purchasable","21":"product-type-variable"},"aioseo_notices":[],"_links":{"self":[{"href":"https:\/\/www.budream.com\/de\/wp-json\/wp\/v2\/product\/170369","targetHints":{"allow":["GET"]}}],"collection":[{"href":"https:\/\/www.budream.com\/de\/wp-json\/wp\/v2\/product"}],"about":[{"href":"https:\/\/www.budream.com\/de\/wp-json\/wp\/v2\/types\/product"}],"replies":[{"embeddable":true,"href":"https:\/\/www.budream.com\/de\/wp-json\/wp\/v2\/comments?post=170369"}],"version-history":[{"count":2,"href":"https:\/\/www.budream.com\/de\/wp-json\/wp\/v2\/product\/170369\/revisions"}],"predecessor-version":[{"id":260361,"href":"https:\/\/www.budream.com\/de\/wp-json\/wp\/v2\/product\/170369\/revisions\/260361"}],"wp:featuredmedia":[{"embeddable":true,"href":"https:\/\/www.budream.com\/de\/wp-json\/wp\/v2\/media\/197007"}],"wp:attachment":[{"href":"https:\/\/www.budream.com\/de\/wp-json\/wp\/v2\/media?parent=170369"}],"wp:term":[{"taxonomy":"product_brand","embeddable":true,"href":"https:\/\/www.budream.com\/de\/wp-json\/wp\/v2\/product_brand?post=170369"},{"taxonomy":"product_cat","embeddable":true,"href":"https:\/\/www.budream.com\/de\/wp-json\/wp\/v2\/product_cat?post=170369"},{"taxonomy":"product_tag","embeddable":true,"href":"https:\/\/www.budream.com\/de\/wp-json\/wp\/v2\/product_tag?post=170369"}],"curies":[{"name":"wp","href":"https:\/\/api.w.org\/{rel}","templated":true}]}}