{"id":170463,"date":"2025-08-01T00:12:57","date_gmt":"2025-07-31T22:12:57","guid":{"rendered":"https:\/\/www.budream.com\/shop\/sensi-samen-bank-jack-herer-fem\/"},"modified":"2026-03-21T18:48:15","modified_gmt":"2026-03-21T16:48:15","slug":"sensi-samen-bank-jack-herer-fem","status":"publish","type":"product","link":"https:\/\/www.budream.com\/de\/shop\/sensi-samen-bank-jack-herer-fem\/","title":{"rendered":"SENSI SAMEN BANK &#8211; JACK HERER FEM"},"content":{"rendered":"<p><strong>JACK HERER<\/strong> ist ein ausgewogener Hybrid zwischen Indica und Sativa, vielseitig und f\u00fcr jede Gelegenheit geeignet von SENSI SEEDS BANK. Verf\u00fcgbar in Packungen mit 1 Samen feminisiert. Im Anbau, hat einen mittleren Bl\u00fctezyklus von 10-12 Wochen und bietet au\u00dfergew\u00f6hnlich reichlich Ertr\u00e4ge. In der Nase und am Gaumen zeichnet sich sein \ud83c\udf3f Erdiger-Aroma aus.<\/p>\n","protected":false},"excerpt":{"rendered":"<p>\ud83c\udf3f JACK HERER von SENSI SEEDS BANK \u00b7 \ud83e\uddec Indica \/ Sativa \u00b7 \ud83c\udfc6 Ertrag XXL.<\/p>\n","protected":false},"featured_media":197062,"comment_status":"open","ping_status":"closed","template":"","meta":[],"product_brand":[],"product_cat":[7952],"product_tag":[10126,10147,10125,10128,9931,8510,8752,8511,8526],"class_list":{"0":"post-170463","1":"product","2":"type-product","3":"status-publish","4":"has-post-thumbnail","6":"product_cat-seedshop-de","7":"product_tag-cannabis-samen","8":"product_tag-erdiger","9":"product_tag-ertrag-xxl","10":"product_tag-feminisierte-samen","11":"product_tag-hybrid","12":"product_tag-indica","13":"product_tag-jack-herer","14":"product_tag-sativa","15":"product_tag-sensi-seeds-bank","17":"first","18":"instock","19":"taxable","20":"shipping-taxable","21":"purchasable","22":"product-type-variable"},"aioseo_notices":[],"_links":{"self":[{"href":"https:\/\/www.budream.com\/de\/wp-json\/wp\/v2\/product\/170463","targetHints":{"allow":["GET"]}}],"collection":[{"href":"https:\/\/www.budream.com\/de\/wp-json\/wp\/v2\/product"}],"about":[{"href":"https:\/\/www.budream.com\/de\/wp-json\/wp\/v2\/types\/product"}],"replies":[{"embeddable":true,"href":"https:\/\/www.budream.com\/de\/wp-json\/wp\/v2\/comments?post=170463"}],"version-history":[{"count":1,"href":"https:\/\/www.budream.com\/de\/wp-json\/wp\/v2\/product\/170463\/revisions"}],"predecessor-version":[{"id":259057,"href":"https:\/\/www.budream.com\/de\/wp-json\/wp\/v2\/product\/170463\/revisions\/259057"}],"wp:featuredmedia":[{"embeddable":true,"href":"https:\/\/www.budream.com\/de\/wp-json\/wp\/v2\/media\/197062"}],"wp:attachment":[{"href":"https:\/\/www.budream.com\/de\/wp-json\/wp\/v2\/media?parent=170463"}],"wp:term":[{"taxonomy":"product_brand","embeddable":true,"href":"https:\/\/www.budream.com\/de\/wp-json\/wp\/v2\/product_brand?post=170463"},{"taxonomy":"product_cat","embeddable":true,"href":"https:\/\/www.budream.com\/de\/wp-json\/wp\/v2\/product_cat?post=170463"},{"taxonomy":"product_tag","embeddable":true,"href":"https:\/\/www.budream.com\/de\/wp-json\/wp\/v2\/product_tag?post=170463"}],"curies":[{"name":"wp","href":"https:\/\/api.w.org\/{rel}","templated":true}]}}