{"id":170613,"date":"2025-08-01T00:18:25","date_gmt":"2025-07-31T22:18:25","guid":{"rendered":"https:\/\/www.budream.com\/shop\/sensi-seeds-bank-mexican-sativa-fem\/"},"modified":"2026-03-27T12:52:32","modified_gmt":"2026-03-27T10:52:32","slug":"sensi-seeds-bank-mexican-sativa-fem","status":"publish","type":"product","link":"https:\/\/www.budream.com\/de\/shop\/sensi-seeds-bank-mexican-sativa-fem\/","title":{"rendered":"SENSI SEEDS BANK &#8211; MEXICAN SATIVA FEM"},"content":{"rendered":"<p>Mexican Sativa feminisierte Samen von Sensi Seeds haben ihren Ursprung in der Kreuzung von drei Top-Genetik: Mexiko, Pakistan Hash Plant und Durban. Diese riskante, aber originelle Kombination hat Anf\u00e4nger und Experten \u00fcberrascht.<\/p>\n<h2><strong>Merkmale Mexican Sativa Fem Sensi Seeds Bank:<\/strong><\/h2>\n<ul style=\"list-style-type: disc\">\n<li><strong>Gattung:<\/strong> Feminisiert<\/li>\n<li><strong>Genotyp:<\/strong> 30% Indica \/ 70% Sativa<\/li>\n<li><strong>Genetik:<\/strong> Mexiko <span class=\"cross\">x<\/span> Pakistan Hash Plant <span class=\"cross\">x<\/span> Durban<\/li>\n<li><strong>Bl\u00fchende Tage:<\/strong> 50-70 Tage<\/li>\n<\/ul>\n<p><span style=\"font-size: 11pt\"><em><strong>ACHTUNG:<\/strong> Hanfsamen fallen nicht unter den Rechtsbegriff Cannabis, was bedeutet, dass sie nicht als Bet\u00e4ubungsmittel gelten (L. 412 von 1974, Art. 1, Abs. 1, Buchstabe B; Einheits\u00fcbereinkommen \u00fcber Suchtstoffe von New York von 1961 und Tabelle II des Ministerialerlasses vom 27.7.1992). In Italien ist der Anbau von Hanf verboten (Artikel 28 und 73 des Pr\u00e4sidialdekrets 309\/90), es sei denn, es liegt eine Sondergenehmigung vor (Artikel 17 des Pr\u00e4sidialdekrets 309\/90). In Ermangelung einer solchen Genehmigung darf das Saatgut nur f\u00fcr andere Zwecke verwendet werden (zootechnische Zwecke, Sammeln usw.). Das Saatgut wird unter dem Vorbehalt verkauft, dass es nicht von Dritten im Widerspruch zu den gesetzlichen Bestimmungen verwendet wird.<\/em><\/span><\/p>\n","protected":false},"excerpt":{"rendered":"<p>\ud83c\udf3f MEXICAN SATIVA von SENSI SEEDS BANK \u00b7 \ud83e\uddec Sativa Dominant (60%+) \u00b7 \ud83d\udce6 Ertrag XL.<\/p>\n","protected":false},"featured_media":197072,"comment_status":"open","ping_status":"closed","template":"","meta":[],"product_brand":[],"product_cat":[7952],"product_tag":[8511,8526,8909,10126,10128],"class_list":{"0":"post-170613","1":"product","2":"type-product","3":"status-publish","4":"has-post-thumbnail","6":"product_cat-seedshop-de","7":"product_tag-sativa","8":"product_tag-sensi-seeds-bank","9":"product_tag-mexican-sativa","10":"product_tag-cannabis-samen","11":"product_tag-feminisierte-samen","13":"first","14":"instock","15":"taxable","16":"shipping-taxable","17":"purchasable","18":"product-type-variable"},"aioseo_notices":[],"_links":{"self":[{"href":"https:\/\/www.budream.com\/de\/wp-json\/wp\/v2\/product\/170613","targetHints":{"allow":["GET"]}}],"collection":[{"href":"https:\/\/www.budream.com\/de\/wp-json\/wp\/v2\/product"}],"about":[{"href":"https:\/\/www.budream.com\/de\/wp-json\/wp\/v2\/types\/product"}],"replies":[{"embeddable":true,"href":"https:\/\/www.budream.com\/de\/wp-json\/wp\/v2\/comments?post=170613"}],"version-history":[{"count":2,"href":"https:\/\/www.budream.com\/de\/wp-json\/wp\/v2\/product\/170613\/revisions"}],"predecessor-version":[{"id":260424,"href":"https:\/\/www.budream.com\/de\/wp-json\/wp\/v2\/product\/170613\/revisions\/260424"}],"wp:featuredmedia":[{"embeddable":true,"href":"https:\/\/www.budream.com\/de\/wp-json\/wp\/v2\/media\/197072"}],"wp:attachment":[{"href":"https:\/\/www.budream.com\/de\/wp-json\/wp\/v2\/media?parent=170613"}],"wp:term":[{"taxonomy":"product_brand","embeddable":true,"href":"https:\/\/www.budream.com\/de\/wp-json\/wp\/v2\/product_brand?post=170613"},{"taxonomy":"product_cat","embeddable":true,"href":"https:\/\/www.budream.com\/de\/wp-json\/wp\/v2\/product_cat?post=170613"},{"taxonomy":"product_tag","embeddable":true,"href":"https:\/\/www.budream.com\/de\/wp-json\/wp\/v2\/product_tag?post=170613"}],"curies":[{"name":"wp","href":"https:\/\/api.w.org\/{rel}","templated":true}]}}