{"id":170693,"date":"2025-08-01T00:21:03","date_gmt":"2025-07-31T22:21:03","guid":{"rendered":"https:\/\/www.budream.com\/shop\/sensi-samen-bank-nordlicht-5-x-haze-fem\/"},"modified":"2026-03-23T23:24:05","modified_gmt":"2026-03-23T21:24:05","slug":"sensi-samen-bank-nordlicht-5-x-haze-fem","status":"publish","type":"product","link":"https:\/\/www.budream.com\/de\/shop\/sensi-samen-bank-nordlicht-5-x-haze-fem\/","title":{"rendered":"SENSI SAMEN BANK &#8211; NORDLICHT #5 X HAZE FEM"},"content":{"rendered":"<div style=\"text-align: justify\">NL#5 x Haze von Sensi Seeds ist ein feminisierter Samen, der seinen Ursprung in der Kreuzung einer tropischen Sativa und einer ausgew\u00e4hlten Indica hat.<br \/>Viele weltber\u00fchmte Hybriden wie Silver Haze, Shiva Skunk oder Silver Pearl stammen von NL#5 x Haze ab und nachdem sie zahlreiche Preise gewonnen hat, ist sie zu einer Sorte geworden, die man unbedingt haben muss.<\/p>\n<\/div>\n<h2><strong>Eigenschaften Northern Lights #5 x Haze Fem Sensi Seeds Bank:<\/strong><\/h2>\n<ul style=\"list-style-type: disc\">\n<li><strong>Gattung:<\/strong> Feminisiert<\/li>\n<li><strong>Genotyp: <\/strong>Hybrid 30% Indica \/ 70% Sativa<\/li>\n<li><strong>Genetik:<\/strong> Northern Lights#5 <span class=\"cross\">x<\/span> Haze<\/li>\n<li><strong>Bl\u00fchende Tage:<\/strong> 65-75 Tage<\/li>\n<\/ul>\n<p><span style=\"font-size: 11pt\"><em><strong>WARNUNG:<\/strong> Hanfsamen sind vom gesetzlichen Begriff Cannabis ausgenommen, was bedeutet, dass sie nicht als Bet\u00e4ubungsmittel gelten (L. 412 von 1974, Art. 1, Absatz 1, Buchstabe B; Einheits\u00fcbereinkommen \u00fcber Bet\u00e4ubungsmittel von New York von 1961 und Tabelle II des Ministerialerlasses vom 27.7.1992). In Italien ist der Anbau von Hanf verboten (Artikel 28 und 73 des Pr\u00e4sidialdekrets 309\/90), es sei denn, es liegt eine Sondergenehmigung vor (Artikel 17 des Pr\u00e4sidialdekrets 309\/90). In Ermangelung einer solchen Genehmigung darf das Saatgut nur f\u00fcr andere Zwecke verwendet werden (zootechnische Zwecke, Sammeln usw.). Das Saatgut wird unter dem Vorbehalt verkauft, dass es nicht von Dritten im Widerspruch zu den gesetzlichen Bestimmungen verwendet wird.<\/em><\/span><\/p>\n","protected":false},"excerpt":{"rendered":"<p>\ud83c\udf3f NORDLICHT #5 X HAZE von SENSI SEEDS BANK \u00b7 \ud83e\uddec Sativa Dominant (60%+) \u00b7 \ud83c\udfc6 Ertrag XXL.<\/p>\n","protected":false},"featured_media":197082,"comment_status":"open","ping_status":"closed","template":"","meta":[],"product_brand":[],"product_cat":[7952],"product_tag":[10311,8511,8526,10125,10126,10128],"class_list":{"0":"post-170693","1":"product","2":"type-product","3":"status-publish","4":"has-post-thumbnail","6":"product_cat-seedshop-de","7":"product_tag-nordlicht-5-x-haze","8":"product_tag-sativa","9":"product_tag-sensi-seeds-bank","10":"product_tag-ertrag-xxl","11":"product_tag-cannabis-samen","12":"product_tag-feminisierte-samen","14":"first","15":"instock","16":"sale","17":"taxable","18":"shipping-taxable","19":"purchasable","20":"product-type-variable"},"_links":{"self":[{"href":"https:\/\/www.budream.com\/de\/wp-json\/wp\/v2\/product\/170693","targetHints":{"allow":["GET"]}}],"collection":[{"href":"https:\/\/www.budream.com\/de\/wp-json\/wp\/v2\/product"}],"about":[{"href":"https:\/\/www.budream.com\/de\/wp-json\/wp\/v2\/types\/product"}],"replies":[{"embeddable":true,"href":"https:\/\/www.budream.com\/de\/wp-json\/wp\/v2\/comments?post=170693"}],"version-history":[{"count":2,"href":"https:\/\/www.budream.com\/de\/wp-json\/wp\/v2\/product\/170693\/revisions"}],"predecessor-version":[{"id":260370,"href":"https:\/\/www.budream.com\/de\/wp-json\/wp\/v2\/product\/170693\/revisions\/260370"}],"wp:featuredmedia":[{"embeddable":true,"href":"https:\/\/www.budream.com\/de\/wp-json\/wp\/v2\/media\/197082"}],"wp:attachment":[{"href":"https:\/\/www.budream.com\/de\/wp-json\/wp\/v2\/media?parent=170693"}],"wp:term":[{"taxonomy":"product_brand","embeddable":true,"href":"https:\/\/www.budream.com\/de\/wp-json\/wp\/v2\/product_brand?post=170693"},{"taxonomy":"product_cat","embeddable":true,"href":"https:\/\/www.budream.com\/de\/wp-json\/wp\/v2\/product_cat?post=170693"},{"taxonomy":"product_tag","embeddable":true,"href":"https:\/\/www.budream.com\/de\/wp-json\/wp\/v2\/product_tag?post=170693"}],"curies":[{"name":"wp","href":"https:\/\/api.w.org\/{rel}","templated":true}]}}