{"id":170845,"date":"2025-08-01T00:26:08","date_gmt":"2025-07-31T22:26:08","guid":{"rendered":"https:\/\/www.budream.com\/shop\/sensi-seeds-bank-hindu-kush-automatic-fem\/"},"modified":"2026-04-21T10:27:12","modified_gmt":"2026-04-21T08:27:12","slug":"sensi-seeds-bank-hindu-kush-automatic-fem","status":"publish","type":"product","link":"https:\/\/www.budream.com\/de\/shop\/sensi-seeds-bank-hindu-kush-automatic-fem\/","title":{"rendered":"SENSI SEEDS BANK &#8211; HINDU KUSH AUTOMATIC FEM"},"content":{"rendered":"<div style=\"text-align: justify\">Die Hindu Kush Automatic von Sensi Seeds ist ein Samen, der seinen Ursprung in einer Kreuzung zwischen einer Ruderalis und einer legend\u00e4ren Indica-Sorte hat, die \u00fcber 20 Jahre alt ist. Die technologisch fortschrittlichsten Techniken wurden eingesetzt, um diese unschlagbare selbstbl\u00fchende feminisierte Indica zu erschaffen.<\/p>\n<\/div>\n<h2><strong>Eigenschaften Hindu Kush Automatic Fem Sensi Seeds Bank:<\/strong><\/h2>\n<ul style=\"list-style-type: disc\">\n<li><strong>Gattung:<\/strong> Auto-flowering Feminisiert<\/li>\n<li><strong>Genotyp: <\/strong>90% Indica \/ 10% Sativa-Hybrid<\/li>\n<li><strong>Genetik: <\/strong>Hindu Kush <span class=\"cross\">x<\/span> Ruderalis<\/li>\n<li><strong>Bl\u00fchende Tage:<\/strong> 45-50 Tage<\/li>\n<\/ul>\n<p><span style=\"font-size: 11pt\"><em><strong>WARNUNG:<\/strong> Hanfsamen sind vom gesetzlichen Begriff Cannabis ausgenommen, was bedeutet, dass sie nicht als Bet\u00e4ubungsmittel gelten (L. 412 von 1974, Art. 1, Absatz 1, Buchstabe B; Einheits\u00fcbereinkommen \u00fcber Bet\u00e4ubungsmittel von New York von 1961 und Tabelle II des Ministerialerlasses 27\/7\/1992). In Italien ist der Anbau von Hanf verboten (Artikel 28 und 73 des Pr\u00e4sidialdekrets 309\/90), es sei denn, es liegt eine Sondergenehmigung vor (Artikel 17 des Pr\u00e4sidialdekrets 309\/90). In Ermangelung einer solchen Genehmigung darf das Saatgut nur f\u00fcr andere Zwecke verwendet werden (zootechnische Zwecke, Sammeln usw.). Das Saatgut wird unter dem Vorbehalt verkauft, dass es nicht von Dritten im Widerspruch zu den gesetzlichen Bestimmungen verwendet wird.<\/em><\/span><\/p>\n","protected":false},"excerpt":{"rendered":"<p>\ud83c\udf3f HINDU KUSH AUTOMATIC von SENSI SEEDS BANK \u00b7 \ud83e\uddec Indica Dominant (60%+).<\/p>\n","protected":false},"featured_media":197037,"comment_status":"open","ping_status":"closed","template":"","meta":[],"product_brand":[],"product_cat":[7952],"product_tag":[8510,8526,8914,10126,10127,10128],"class_list":{"0":"post-170845","1":"product","2":"type-product","3":"status-publish","4":"has-post-thumbnail","6":"product_cat-seedshop-de","7":"product_tag-indica","8":"product_tag-sensi-seeds-bank","9":"product_tag-hindu-kush-automatic","10":"product_tag-cannabis-samen","11":"product_tag-scharf","12":"product_tag-feminisierte-samen","14":"first","15":"instock","16":"sale","17":"taxable","18":"shipping-taxable","19":"purchasable","20":"product-type-variable"},"aioseo_notices":[],"_links":{"self":[{"href":"https:\/\/www.budream.com\/de\/wp-json\/wp\/v2\/product\/170845","targetHints":{"allow":["GET"]}}],"collection":[{"href":"https:\/\/www.budream.com\/de\/wp-json\/wp\/v2\/product"}],"about":[{"href":"https:\/\/www.budream.com\/de\/wp-json\/wp\/v2\/types\/product"}],"replies":[{"embeddable":true,"href":"https:\/\/www.budream.com\/de\/wp-json\/wp\/v2\/comments?post=170845"}],"version-history":[{"count":2,"href":"https:\/\/www.budream.com\/de\/wp-json\/wp\/v2\/product\/170845\/revisions"}],"predecessor-version":[{"id":260394,"href":"https:\/\/www.budream.com\/de\/wp-json\/wp\/v2\/product\/170845\/revisions\/260394"}],"wp:featuredmedia":[{"embeddable":true,"href":"https:\/\/www.budream.com\/de\/wp-json\/wp\/v2\/media\/197037"}],"wp:attachment":[{"href":"https:\/\/www.budream.com\/de\/wp-json\/wp\/v2\/media?parent=170845"}],"wp:term":[{"taxonomy":"product_brand","embeddable":true,"href":"https:\/\/www.budream.com\/de\/wp-json\/wp\/v2\/product_brand?post=170845"},{"taxonomy":"product_cat","embeddable":true,"href":"https:\/\/www.budream.com\/de\/wp-json\/wp\/v2\/product_cat?post=170845"},{"taxonomy":"product_tag","embeddable":true,"href":"https:\/\/www.budream.com\/de\/wp-json\/wp\/v2\/product_tag?post=170845"}],"curies":[{"name":"wp","href":"https:\/\/api.w.org\/{rel}","templated":true}]}}