{"id":171690,"date":"2025-08-01T01:11:07","date_gmt":"2025-07-31T23:11:07","guid":{"rendered":"https:\/\/www.budream.com\/shop\/sensi-seeds-bank-shiva-skunk-automatic-fem\/"},"modified":"2026-03-24T12:49:15","modified_gmt":"2026-03-24T10:49:15","slug":"sensi-seeds-bank-shiva-skunk-automatic-fem","status":"publish","type":"product","link":"https:\/\/www.budream.com\/de\/shop\/sensi-seeds-bank-shiva-skunk-automatic-fem\/","title":{"rendered":"SENSI SEEDS BANK &#8211; SHIVA SKUNK AUTOMATIC FEM"},"content":{"rendered":"<div style=\"text-align: justify\">Shiva Skunk Autoflowering ist eine der indicadominierten Autoflowering-Sorten. Sie r\u00fchmt sich einer beeindruckenden Abstammung, da sie ein Hybrid aus Northern Lights #5, Skunk #1 und einer Ruderalis ist. Das Ergebnis ist eine Sorte, die zu 20% aus Sativa und zu 80% aus Indica besteht.<\/div>\n<p><\/p>\n<h2><strong>Eigenschaften Shiva Skunk Auto Fem Sensi Seeds Bank:<\/strong><\/h2>\n<ul style=\"list-style-type: disc\">\n<li><strong>Gattung:<\/strong> Hybrid Feminisiert Autoflowering<\/li>\n<li><strong>Genotyp:<\/strong> 80% Indica 20% Sativa<\/li>\n<li><strong>Genetik:<\/strong> Northern Lights #5 x Skunk #1 x Ruderalis<\/li>\n<li><strong>Bl\u00fchende Tage:<\/strong> 56-63 Tage<\/li>\n<\/ul>\n<p><span style=\"font-size: 11pt\"><em><strong>WARNUNG:<\/strong> Hanfsamen sind vom gesetzlichen Begriff Cannabis ausgenommen, was bedeutet, dass sie nicht als Bet\u00e4ubungsmittel gelten (L. 412 von 1974, Art. 1, Absatz 1, Buchstabe B; Einheits\u00fcbereinkommen \u00fcber Bet\u00e4ubungsmittel von New York von 1961 und Tabelle II des Ministerialerlasses 27\/7\/1992). In Italien ist der Anbau von Hanf verboten (Artikel 28 und 73 des Pr\u00e4sidialdekrets 309\/90), es sei denn, es liegt eine Sondergenehmigung vor (Artikel 17 des Pr\u00e4sidialdekrets 309\/90). In Ermangelung einer solchen Genehmigung darf das Saatgut nur f\u00fcr andere Zwecke verwendet werden (zootechnische Zwecke, Sammeln usw.). Das Saatgut wird unter dem Vorbehalt verkauft, dass es nicht von Dritten im Widerspruch zu den gesetzlichen Bestimmungen verwendet wird.<\/em><\/span><\/p>\n","protected":false},"excerpt":{"rendered":"<p>\ud83c\udf3f SHIVA SKUNK AUTOMATIC von SENSI SEEDS BANK \u00b7 \ud83e\uddec Indica Dominant (60%+).<\/p>\n","protected":false},"featured_media":197132,"comment_status":"open","ping_status":"closed","template":"","meta":[],"product_brand":[],"product_cat":[7952],"product_tag":[8510,8526,8918,10126,10128],"class_list":{"0":"post-171690","1":"product","2":"type-product","3":"status-publish","4":"has-post-thumbnail","6":"product_cat-seedshop-de","7":"product_tag-indica","8":"product_tag-sensi-seeds-bank","9":"product_tag-shiva-skunk-automatic","10":"product_tag-cannabis-samen","11":"product_tag-feminisierte-samen","13":"first","14":"instock","15":"sale","16":"taxable","17":"shipping-taxable","18":"purchasable","19":"product-type-variable"},"_links":{"self":[{"href":"https:\/\/www.budream.com\/de\/wp-json\/wp\/v2\/product\/171690","targetHints":{"allow":["GET"]}}],"collection":[{"href":"https:\/\/www.budream.com\/de\/wp-json\/wp\/v2\/product"}],"about":[{"href":"https:\/\/www.budream.com\/de\/wp-json\/wp\/v2\/types\/product"}],"replies":[{"embeddable":true,"href":"https:\/\/www.budream.com\/de\/wp-json\/wp\/v2\/comments?post=171690"}],"version-history":[{"count":2,"href":"https:\/\/www.budream.com\/de\/wp-json\/wp\/v2\/product\/171690\/revisions"}],"predecessor-version":[{"id":260571,"href":"https:\/\/www.budream.com\/de\/wp-json\/wp\/v2\/product\/171690\/revisions\/260571"}],"wp:featuredmedia":[{"embeddable":true,"href":"https:\/\/www.budream.com\/de\/wp-json\/wp\/v2\/media\/197132"}],"wp:attachment":[{"href":"https:\/\/www.budream.com\/de\/wp-json\/wp\/v2\/media?parent=171690"}],"wp:term":[{"taxonomy":"product_brand","embeddable":true,"href":"https:\/\/www.budream.com\/de\/wp-json\/wp\/v2\/product_brand?post=171690"},{"taxonomy":"product_cat","embeddable":true,"href":"https:\/\/www.budream.com\/de\/wp-json\/wp\/v2\/product_cat?post=171690"},{"taxonomy":"product_tag","embeddable":true,"href":"https:\/\/www.budream.com\/de\/wp-json\/wp\/v2\/product_tag?post=171690"}],"curies":[{"name":"wp","href":"https:\/\/api.w.org\/{rel}","templated":true}]}}