{"id":171762,"date":"2025-08-01T01:15:51","date_gmt":"2025-07-31T23:15:51","guid":{"rendered":"https:\/\/www.budream.com\/shop\/green-house-seed-co-eiscreme-41-autoflowering-fem\/"},"modified":"2026-04-27T12:24:40","modified_gmt":"2026-04-27T10:24:40","slug":"green-house-seed-co-eiscreme-41-autoflowering-fem","status":"publish","type":"product","link":"https:\/\/www.budream.com\/de\/shop\/green-house-seed-co-eiscreme-41-autoflowering-fem\/","title":{"rendered":"GREEN HOUSE SEED CO. &#8211; EISCREME #41 AUTOFLOWERING FEM"},"content":{"rendered":"<p>Wenn Sie auf der Suche nach der perfekten autoflowering Version von Ice Cream #41 sind, dann ist dies Ihre Sorte!<br \/>Nach sorgf\u00e4ltiger Recherche haben wir nur die zufriedenstellendsten Pflanzen ausgew\u00e4hlt, die die Hauptcharaktere dieser ber\u00fchmten US-Genetik widerspiegeln, die von Sunset Sherbet und Girl Scout Cookies (Thin Mint Pheno) abstammt.<\/p>\n<h2><strong>Eigenschaften Gelato 41 x Gelato #41 Autoflowering Fem:<\/p>\n<p><\/strong><\/h2>\n<ul style=\"list-style-type: disc\">\n<li><strong>Gattung:<\/strong> Autoflowering Feminisierter Hybrid<\/li>\n<li><strong>Genotyp:<\/strong> Indica 70%\/ Sativa 20%\/ Ruderalis 10%<\/li>\n<li><strong>Genetik:<\/strong> Gelato 41 x Gelato #41 Autio<\/li>\n<li><strong>Tage:<\/strong> 49- 56 Tage<\/li>\n<\/ul>\n<p><span style=\"font-size: 11pt\"><em><strong>WARNUNG:<\/strong> Hanfsamen sind vom gesetzlichen Begriff Cannabis ausgenommen, was bedeutet, dass sie nicht als Bet\u00e4ubungsmittel gelten (L. 412 von 1974, Art. 1, Absatz 1, Buchstabe B; Einheits\u00fcbereinkommen \u00fcber Bet\u00e4ubungsmittel von New York von 1961 und Tabelle II des Ministerialerlasses 27\/7\/1992). In Italien ist der Anbau von Hanf verboten (Artikel 28 und 73 des Pr\u00e4sidialdekrets 309\/90), es sei denn, es liegt eine Sondergenehmigung vor (Artikel 17 des Pr\u00e4sidialdekrets 309\/90). In Ermangelung einer solchen Genehmigung darf das Saatgut nur f\u00fcr andere Zwecke verwendet werden (zootechnische Zwecke, Sammeln usw.). Das Saatgut wird unter dem Vorbehalt verkauft, dass es nicht von Dritten im Widerspruch zu den gesetzlichen Bestimmungen verwendet wird.<\/em><\/span><\/p>\n","protected":false},"excerpt":{"rendered":"<p>\ud83c\udf3f EISCREME #41 AUTOFLOWERING von GREEN HOUSE SEED CO. \u00b7 \ud83e\uddec Indica Dominant (60%+) \u00b7 \ud83d\udd25 THC sehr hoch (Sehr hoch (20\u202f%+)).<\/p>\n","protected":false},"featured_media":214920,"comment_status":"open","ping_status":"closed","template":"","meta":[],"product_brand":[],"product_cat":[7952],"product_tag":[10126,10128,10171,10313,8510,8533,10124],"class_list":{"0":"post-171762","1":"product","2":"type-product","3":"status-publish","4":"has-post-thumbnail","6":"product_cat-seedshop-de","7":"product_tag-cannabis-samen","8":"product_tag-feminisierte-samen","9":"product_tag-suess-fruchtig","10":"product_tag-eiscreme-41-autoflowering","11":"product_tag-indica","12":"product_tag-green-house-seed-co","13":"product_tag-thc-sehr-hoch","15":"first","16":"instock","17":"sale","18":"taxable","19":"shipping-taxable","20":"purchasable","21":"product-type-variable"},"_links":{"self":[{"href":"https:\/\/www.budream.com\/de\/wp-json\/wp\/v2\/product\/171762","targetHints":{"allow":["GET"]}}],"collection":[{"href":"https:\/\/www.budream.com\/de\/wp-json\/wp\/v2\/product"}],"about":[{"href":"https:\/\/www.budream.com\/de\/wp-json\/wp\/v2\/types\/product"}],"replies":[{"embeddable":true,"href":"https:\/\/www.budream.com\/de\/wp-json\/wp\/v2\/comments?post=171762"}],"version-history":[{"count":2,"href":"https:\/\/www.budream.com\/de\/wp-json\/wp\/v2\/product\/171762\/revisions"}],"predecessor-version":[{"id":260044,"href":"https:\/\/www.budream.com\/de\/wp-json\/wp\/v2\/product\/171762\/revisions\/260044"}],"wp:featuredmedia":[{"embeddable":true,"href":"https:\/\/www.budream.com\/de\/wp-json\/wp\/v2\/media\/214920"}],"wp:attachment":[{"href":"https:\/\/www.budream.com\/de\/wp-json\/wp\/v2\/media?parent=171762"}],"wp:term":[{"taxonomy":"product_brand","embeddable":true,"href":"https:\/\/www.budream.com\/de\/wp-json\/wp\/v2\/product_brand?post=171762"},{"taxonomy":"product_cat","embeddable":true,"href":"https:\/\/www.budream.com\/de\/wp-json\/wp\/v2\/product_cat?post=171762"},{"taxonomy":"product_tag","embeddable":true,"href":"https:\/\/www.budream.com\/de\/wp-json\/wp\/v2\/product_tag?post=171762"}],"curies":[{"name":"wp","href":"https:\/\/api.w.org\/{rel}","templated":true}]}}