{"id":172017,"date":"2025-08-01T01:35:29","date_gmt":"2025-07-31T23:35:29","guid":{"rendered":"https:\/\/www.budream.com\/shop\/barneys-farm-ananas-express-fem\/"},"modified":"2026-03-24T01:32:06","modified_gmt":"2026-03-23T23:32:06","slug":"barneys-farm-ananas-express-fem","status":"publish","type":"product","link":"https:\/\/www.budream.com\/de\/shop\/barneys-farm-ananas-express-fem\/","title":{"rendered":"BARNEY&#8217;S FARM &#8211; ANANAS EXPRESS FEM"},"content":{"rendered":"<div style=\"text-align: justify\">PINEAPPLE EXPRESS&trade; ist ein wahrhaft legend\u00e4rer 60%iger Sativa-Hybrid, angetrieben von einem Myrcen-dominanten Terpenprofil mit einem genetischen Stammbaum, der f\u00fcr sich selbst spricht. Sie ist das Ergebnis einer Kreuzung zwischen einer einheimischen hawaiianischen Sativa-Sorte, die sich \u00fcber Generationen von lokal ausgew\u00e4hlten Sorten entwickelt hat, und Trainwreck, einer bahnbrechenden Fusion von Genetik, die aus selektiven Kreuzungen von einheimischen Afghanica-, mexikanischen Sativa- und Thai-Sorten entstanden ist.<\/div>\n<p><\/p>\n<h2><strong>Eigenschaften Pineapple Express Fem:<\/strong><\/h2>\n<ul style=\"list-style-type: disc\">\n<li><strong>Gattung:<\/strong> Feminisiert<\/li>\n<li><strong>Genotyp:<\/strong> 60% Indica \/ 40% Sativa<\/li>\n<li><strong>Genetik:<\/strong> Hawaiian Landrace Sativa x Trainwreck<\/li>\n<li><strong>Bl\u00fchende Tage:<\/strong> 60-65 Tage<\/li>\n<\/ul>\n<p><\/p>\n<div style=\"text-align: justify\"><span style=\"font-size: 11pt\"><em><strong>WARNUNG:<\/strong> Hanfsamen sind vom gesetzlichen Begriff Cannabis ausgenommen, was bedeutet, dass sie nicht als Bet\u00e4ubungsmittel gelten (L. 412 von 1974, Art. 1, Absatz 1, Buchstabe B; Einheits\u00fcbereinkommen \u00fcber Bet\u00e4ubungsmittel von New York von 1961 und Tabelle II des Ministerialerlasses 27\/7\/1992). In Italien ist der Anbau von Hanf verboten (Artikel 28 und 73 des Pr\u00e4sidialdekrets 309\/90), es sei denn, es liegt eine Sondergenehmigung vor (Artikel 17 des Pr\u00e4sidialdekrets 309\/90). In Ermangelung einer solchen Genehmigung darf das Saatgut nur f\u00fcr andere Zwecke verwendet werden (zootechnische Zwecke, Sammeln usw.). Das Saatgut wird unter dem Vorbehalt verkauft, dass es nicht von Dritten im Widerspruch zu den gesetzlichen Bestimmungen verwendet wird.<\/em><\/span><\/div>\n","protected":false},"excerpt":{"rendered":"<p>\ud83c\udf3f ANANAS EXPRESS von BARNEY&#8217;S FARM \u00b7 \ud83e\uddec Sativa Dominant (60%+) \u00b7 \ud83d\udd25 THC sehr hoch (Sehr hoch (20\u202f%+)) \u00b7 \ud83c\udfc6 Ertrag XXL.<\/p>\n","protected":false},"featured_media":172001,"comment_status":"open","ping_status":"closed","template":"","meta":[],"product_brand":[],"product_cat":[7952],"product_tag":[10128,10150,10316,8511,8645,10124,10125,10126],"class_list":{"0":"post-172017","1":"product","2":"type-product","3":"status-publish","4":"has-post-thumbnail","6":"product_cat-seedshop-de","7":"product_tag-feminisierte-samen","8":"product_tag-zitrusartig","9":"product_tag-ananas-express","10":"product_tag-sativa","11":"product_tag-barneys-farm","12":"product_tag-thc-sehr-hoch","13":"product_tag-ertrag-xxl","14":"product_tag-cannabis-samen","16":"first","17":"instock","18":"sale","19":"taxable","20":"shipping-taxable","21":"purchasable","22":"product-type-variable"},"aioseo_notices":[],"_links":{"self":[{"href":"https:\/\/www.budream.com\/de\/wp-json\/wp\/v2\/product\/172017","targetHints":{"allow":["GET"]}}],"collection":[{"href":"https:\/\/www.budream.com\/de\/wp-json\/wp\/v2\/product"}],"about":[{"href":"https:\/\/www.budream.com\/de\/wp-json\/wp\/v2\/types\/product"}],"replies":[{"embeddable":true,"href":"https:\/\/www.budream.com\/de\/wp-json\/wp\/v2\/comments?post=172017"}],"version-history":[{"count":2,"href":"https:\/\/www.budream.com\/de\/wp-json\/wp\/v2\/product\/172017\/revisions"}],"predecessor-version":[{"id":260473,"href":"https:\/\/www.budream.com\/de\/wp-json\/wp\/v2\/product\/172017\/revisions\/260473"}],"wp:featuredmedia":[{"embeddable":true,"href":"https:\/\/www.budream.com\/de\/wp-json\/wp\/v2\/media\/172001"}],"wp:attachment":[{"href":"https:\/\/www.budream.com\/de\/wp-json\/wp\/v2\/media?parent=172017"}],"wp:term":[{"taxonomy":"product_brand","embeddable":true,"href":"https:\/\/www.budream.com\/de\/wp-json\/wp\/v2\/product_brand?post=172017"},{"taxonomy":"product_cat","embeddable":true,"href":"https:\/\/www.budream.com\/de\/wp-json\/wp\/v2\/product_cat?post=172017"},{"taxonomy":"product_tag","embeddable":true,"href":"https:\/\/www.budream.com\/de\/wp-json\/wp\/v2\/product_tag?post=172017"}],"curies":[{"name":"wp","href":"https:\/\/api.w.org\/{rel}","templated":true}]}}