{"id":172297,"date":"2025-08-01T01:47:35","date_gmt":"2025-07-31T23:47:35","guid":{"rendered":"https:\/\/www.budream.com\/shop\/gewaechshaus-fuetterung-wachsen-nur-fuer-den-professionellen-einsatz\/"},"modified":"2025-10-15T11:40:56","modified_gmt":"2025-10-15T09:40:56","slug":"gewaechshaus-fuetterung-wachsen-nur-fuer-den-professionellen-einsatz","status":"publish","type":"product","link":"https:\/\/www.budream.com\/de\/shop\/gewaechshaus-fuetterung-wachsen-nur-fuer-den-professionellen-einsatz\/","title":{"rendered":"GEW\u00c4CHSHAUS F\u00dcTTERUNG &#8211; WACHSEN NUR F\u00dcR DEN PROFESSIONELLEN EINSATZ"},"content":{"rendered":"","protected":false},"excerpt":{"rendered":"","protected":false},"featured_media":172290,"comment_status":"open","ping_status":"closed","template":"","meta":[],"product_brand":[],"product_cat":[7925],"product_tag":[],"class_list":{"0":"post-172297","1":"product","2":"type-product","3":"status-publish","4":"has-post-thumbnail","6":"product_cat-growshop-de","8":"first","9":"outofstock","10":"taxable","11":"shipping-taxable","12":"product-type-variable"},"_links":{"self":[{"href":"https:\/\/www.budream.com\/de\/wp-json\/wp\/v2\/product\/172297","targetHints":{"allow":["GET"]}}],"collection":[{"href":"https:\/\/www.budream.com\/de\/wp-json\/wp\/v2\/product"}],"about":[{"href":"https:\/\/www.budream.com\/de\/wp-json\/wp\/v2\/types\/product"}],"replies":[{"embeddable":true,"href":"https:\/\/www.budream.com\/de\/wp-json\/wp\/v2\/comments?post=172297"}],"version-history":[{"count":0,"href":"https:\/\/www.budream.com\/de\/wp-json\/wp\/v2\/product\/172297\/revisions"}],"wp:featuredmedia":[{"embeddable":true,"href":"https:\/\/www.budream.com\/de\/wp-json\/wp\/v2\/media\/172290"}],"wp:attachment":[{"href":"https:\/\/www.budream.com\/de\/wp-json\/wp\/v2\/media?parent=172297"}],"wp:term":[{"taxonomy":"product_brand","embeddable":true,"href":"https:\/\/www.budream.com\/de\/wp-json\/wp\/v2\/product_brand?post=172297"},{"taxonomy":"product_cat","embeddable":true,"href":"https:\/\/www.budream.com\/de\/wp-json\/wp\/v2\/product_cat?post=172297"},{"taxonomy":"product_tag","embeddable":true,"href":"https:\/\/www.budream.com\/de\/wp-json\/wp\/v2\/product_tag?post=172297"}],"curies":[{"name":"wp","href":"https:\/\/api.w.org\/{rel}","templated":true}]}}