{"id":172343,"date":"2025-08-01T01:48:49","date_gmt":"2025-07-31T23:48:49","guid":{"rendered":"https:\/\/www.budream.com\/shop\/dutch-passion-cbd-auto-compassion-lime-fem-verfuegbar-solange-der-vorrat-reicht\/"},"modified":"2026-03-21T18:54:42","modified_gmt":"2026-03-21T16:54:42","slug":"dutch-passion-cbd-auto-compassion-lime-fem-verfuegbar-solange-der-vorrat-reicht","status":"publish","type":"product","link":"https:\/\/www.budream.com\/de\/shop\/dutch-passion-cbd-auto-compassion-lime-fem-verfuegbar-solange-der-vorrat-reicht\/","title":{"rendered":"DUTCH PASSION &#8211; CBD AUTO COMPASSION LIME FEM Verf\u00fcgbar solange der Vorrat reicht"},"content":{"rendered":"<p><strong>CBD AUTO COMPASSION LIME<\/strong> ist ein Sativa-dominanter Hybrid, ideal f\u00fcr diejenigen, die Klarheit und Kreativit\u00e4t suchen von DUTCH PASSION. Verf\u00fcgbar in Packungen mit 100 Samen feminisiert. Mit einem THC-Gehalt von Mittel (10\u201314\u202f%) und CBD Hoch (6\u202f%+), diese Pflanze richtet sich an diejenigen, die ein therapeutisches Profil bevorzugen. Im Anbau, hat einen mittleren Bl\u00fctezyklus von 10-12 Wochen und bietet au\u00dfergew\u00f6hnlich reichlich Ertr\u00e4ge. In der Nase und am Gaumen zeichnet sich sein \ud83c\udf3f Scharf-Aroma aus.<\/p>\n","protected":false},"excerpt":{"rendered":"<p>\ud83c\udf3f CBD AUTO COMPASSION LIME von DUTCH PASSION \u00b7 \ud83e\uddec Sativa Dominant (60%+) \u00b7 \u2696\ufe0f THC mittel (Mittel (10\u201314\u202f%)) \u00b7 \ud83c\udfc6 Ertrag XXL.<\/p>\n","protected":false},"featured_media":172337,"comment_status":"open","ping_status":"closed","template":"","meta":[],"product_brand":[],"product_cat":[7952],"product_tag":[10128,10129,10317,8508,8511,10125,10126,10127],"class_list":{"0":"post-172343","1":"product","2":"type-product","3":"status-publish","4":"has-post-thumbnail","6":"product_cat-seedshop-de","7":"product_tag-feminisierte-samen","8":"product_tag-thc-mittel","9":"product_tag-cbd-auto-compassion-lime-fem-verfuegbar-solange-der-vorrat-reicht","10":"product_tag-dutch-passion","11":"product_tag-sativa","12":"product_tag-ertrag-xxl","13":"product_tag-cannabis-samen","14":"product_tag-scharf","16":"first","17":"instock","18":"sale","19":"taxable","20":"shipping-taxable","21":"purchasable","22":"product-type-variable"},"_links":{"self":[{"href":"https:\/\/www.budream.com\/de\/wp-json\/wp\/v2\/product\/172343","targetHints":{"allow":["GET"]}}],"collection":[{"href":"https:\/\/www.budream.com\/de\/wp-json\/wp\/v2\/product"}],"about":[{"href":"https:\/\/www.budream.com\/de\/wp-json\/wp\/v2\/types\/product"}],"replies":[{"embeddable":true,"href":"https:\/\/www.budream.com\/de\/wp-json\/wp\/v2\/comments?post=172343"}],"version-history":[{"count":1,"href":"https:\/\/www.budream.com\/de\/wp-json\/wp\/v2\/product\/172343\/revisions"}],"predecessor-version":[{"id":259083,"href":"https:\/\/www.budream.com\/de\/wp-json\/wp\/v2\/product\/172343\/revisions\/259083"}],"wp:featuredmedia":[{"embeddable":true,"href":"https:\/\/www.budream.com\/de\/wp-json\/wp\/v2\/media\/172337"}],"wp:attachment":[{"href":"https:\/\/www.budream.com\/de\/wp-json\/wp\/v2\/media?parent=172343"}],"wp:term":[{"taxonomy":"product_brand","embeddable":true,"href":"https:\/\/www.budream.com\/de\/wp-json\/wp\/v2\/product_brand?post=172343"},{"taxonomy":"product_cat","embeddable":true,"href":"https:\/\/www.budream.com\/de\/wp-json\/wp\/v2\/product_cat?post=172343"},{"taxonomy":"product_tag","embeddable":true,"href":"https:\/\/www.budream.com\/de\/wp-json\/wp\/v2\/product_tag?post=172343"}],"curies":[{"name":"wp","href":"https:\/\/api.w.org\/{rel}","templated":true}]}}