{"id":172373,"date":"2025-08-01T01:49:49","date_gmt":"2025-07-31T23:49:49","guid":{"rendered":"https:\/\/www.budream.com\/shop\/hollaendische-leidenschaft-tropischer-tangie-fem\/"},"modified":"2026-03-27T10:14:02","modified_gmt":"2026-03-27T08:14:02","slug":"hollaendische-leidenschaft-tropischer-tangie-fem","status":"publish","type":"product","link":"https:\/\/www.budream.com\/de\/shop\/hollaendische-leidenschaft-tropischer-tangie-fem\/","title":{"rendered":"HOLL\u00c4NDISCHE LEIDENSCHAFT &#8211; TROPISCHER TANGIE FEM"},"content":{"rendered":"<p>Dies ist eine Hybridsorte mit einem Sativa-dominanten Aspekt. Tropical Tangie entstand aus einer breiten Auswahl von Pflanzen aus einer urspr\u00fcnglichen Tangie-&#8218;Phenohunt&#8216;. Der aus diesem Projekt ausgew\u00e4hlte Eliteklon zeichnet sich durch alle seine Eigenschaften aus.<\/p>\n<h2><strong>Eigenschaften Tropical Tangie Fem:<\/strong><\/h2>\n<ul style=\"list-style-type: disc\">\n<li><strong>Gattung:<\/strong> Feminisiert XL<\/li>\n<li><strong>Genotyp:<\/strong> Vorwiegend Sativa-Hybrid<\/li>\n<li><strong>Genetik<\/strong>: Tangie x Tangie<\/li>\n<li><strong>Tage:<\/strong> 63<\/li>\n<\/ul>\n<p><span style=\"font-size: 11pt\"><em><strong>WARNUNG:<\/strong> Hanfsamen sind vom gesetzlichen Begriff Cannabis ausgenommen, was bedeutet, dass sie nicht als Bet\u00e4ubungsmittel gelten (L. 412 von 1974, Art. 1, Absatz 1, Buchstabe B; Einheits\u00fcbereinkommen \u00fcber Bet\u00e4ubungsmittel von New York von 1961 und Tabelle II des Ministerialerlasses 27\/7\/1992). In Italien ist der Anbau von Hanf verboten (Artikel 28 und 73 des Pr\u00e4sidialdekrets 309\/90), es sei denn, es liegt eine Sondergenehmigung vor (Artikel 17 des Pr\u00e4sidialdekrets 309\/90). In Ermangelung einer solchen Genehmigung darf das Saatgut nur f\u00fcr andere Zwecke verwendet werden (zootechnische Zwecke, Sammeln usw.). Das Saatgut wird unter dem Vorbehalt verkauft, dass es nicht von Dritten im Widerspruch zu den gesetzlichen Bestimmungen verwendet wird.<\/em><\/span><\/p>\n","protected":false},"excerpt":{"rendered":"<p>\ud83c\udf3f TROPISCHER TANGIE von DUTCH PASSION \u00b7 \ud83e\uddec Sativa Dominant (60%+) \u00b7 \ud83d\udcaa THC hoch (Hoch (15\u201319\u202f%)) \u00b7 \ud83d\udce6 Ertrag XL.<\/p>\n","protected":false},"featured_media":172360,"comment_status":"open","ping_status":"closed","template":"","meta":[],"product_brand":[],"product_cat":[7952],"product_tag":[10140,10318,8508,8511,10126,10127,10128],"class_list":{"0":"post-172373","1":"product","2":"type-product","3":"status-publish","4":"has-post-thumbnail","6":"product_cat-seedshop-de","7":"product_tag-thc-hoch","8":"product_tag-tropischer-tangie","9":"product_tag-dutch-passion","10":"product_tag-sativa","11":"product_tag-cannabis-samen","12":"product_tag-scharf","13":"product_tag-feminisierte-samen","15":"first","16":"instock","17":"sale","18":"taxable","19":"shipping-taxable","20":"purchasable","21":"product-type-variable"},"_links":{"self":[{"href":"https:\/\/www.budream.com\/de\/wp-json\/wp\/v2\/product\/172373","targetHints":{"allow":["GET"]}}],"collection":[{"href":"https:\/\/www.budream.com\/de\/wp-json\/wp\/v2\/product"}],"about":[{"href":"https:\/\/www.budream.com\/de\/wp-json\/wp\/v2\/types\/product"}],"replies":[{"embeddable":true,"href":"https:\/\/www.budream.com\/de\/wp-json\/wp\/v2\/comments?post=172373"}],"version-history":[{"count":2,"href":"https:\/\/www.budream.com\/de\/wp-json\/wp\/v2\/product\/172373\/revisions"}],"predecessor-version":[{"id":260730,"href":"https:\/\/www.budream.com\/de\/wp-json\/wp\/v2\/product\/172373\/revisions\/260730"}],"wp:featuredmedia":[{"embeddable":true,"href":"https:\/\/www.budream.com\/de\/wp-json\/wp\/v2\/media\/172360"}],"wp:attachment":[{"href":"https:\/\/www.budream.com\/de\/wp-json\/wp\/v2\/media?parent=172373"}],"wp:term":[{"taxonomy":"product_brand","embeddable":true,"href":"https:\/\/www.budream.com\/de\/wp-json\/wp\/v2\/product_brand?post=172373"},{"taxonomy":"product_cat","embeddable":true,"href":"https:\/\/www.budream.com\/de\/wp-json\/wp\/v2\/product_cat?post=172373"},{"taxonomy":"product_tag","embeddable":true,"href":"https:\/\/www.budream.com\/de\/wp-json\/wp\/v2\/product_tag?post=172373"}],"curies":[{"name":"wp","href":"https:\/\/api.w.org\/{rel}","templated":true}]}}