{"id":172420,"date":"2025-08-01T01:51:52","date_gmt":"2025-07-31T23:51:52","guid":{"rendered":"https:\/\/www.budream.com\/shop\/hollaendische-leidenschaft-auto-verbotene-kirsche-fem\/"},"modified":"2026-03-23T18:50:01","modified_gmt":"2026-03-23T16:50:01","slug":"hollaendische-leidenschaft-auto-verbotene-kirsche-fem","status":"publish","type":"product","link":"https:\/\/www.budream.com\/de\/shop\/hollaendische-leidenschaft-auto-verbotene-kirsche-fem\/","title":{"rendered":"HOLL\u00c4NDISCHE LEIDENSCHAFT &#8211; AUTO VERBOTENE KIRSCHE FEM"},"content":{"rendered":"<div style=\"text-align: justify\">Die Kreuzung zwischen unserer Purple #1 und Auto Forbidden Fruit x Cherry Pie schafft eine echte und authentische autoflowering Sorte.<\/div>\n<div style=\"text-align: justify\">Auto Forbidden Cherry&reg; ist eine schnell bl\u00fchende, indicadominierte, selbstbl\u00fchende Sorte.<\/div>\n<p><\/p>\n<h2><strong>Eigenschaften Auto Forbidden Cherry Fem:<\/strong><\/h2>\n<ul style=\"list-style-type: disc\">\n<li><strong>Gattung:<\/strong> Autoflowering Feminisiert<\/li>\n<li><strong>Genotyp:<\/strong> Indica-dominanter Hybrid<\/li>\n<li><strong>Genetik:<\/strong> Purple #1 x (Auto Forbidden Fruit x Cherry Pie)<\/li>\n<li><strong>Tage:<\/strong> 63-70 Tage<\/li>\n<\/ul>\n<p><\/p>\n<div style=\"text-align: justify\"><span style=\"font-size: 11pt\"><em><strong>WARNUNG:<\/strong> Hanfsamen sind vom gesetzlichen Begriff Cannabis ausgenommen, was bedeutet, dass sie nicht als Bet\u00e4ubungsmittel gelten (L. 412 von 1974, Art. 1, Absatz 1, Buchstabe B; Einheits\u00fcbereinkommen \u00fcber Bet\u00e4ubungsmittel von New York von 1961 und Tabelle II des Ministerialerlasses 27\/7\/1992). In Italien ist der Anbau von Hanf verboten (Artikel 28 und 73 des Pr\u00e4sidialdekrets 309\/90), es sei denn, es liegt eine Sondergenehmigung vor (Artikel 17 des Pr\u00e4sidialdekrets 309\/90). In Ermangelung einer solchen Genehmigung darf das Saatgut nur f\u00fcr andere Zwecke verwendet werden (zootechnische Zwecke, Sammeln usw.). Das Saatgut wird unter dem Vorbehalt verkauft, dass es nicht von Dritten im Widerspruch zu den gesetzlichen Bestimmungen verwendet wird.<\/em><\/span><\/div>\n","protected":false},"excerpt":{"rendered":"<p>\ud83c\udf3f AUTO VERBOTENE KIRSCHE von DUTCH PASSION \u00b7 \ud83e\uddec Indica \/ Sativa \u00b7 \u2696\ufe0f THC mittel (Mittel (10\u201314\u202f%)).<\/p>\n","protected":false},"featured_media":172409,"comment_status":"open","ping_status":"closed","template":"","meta":[],"product_brand":[],"product_cat":[7952],"product_tag":[8508,8510,8511,9931,10126,10128,10129,10171,10319],"class_list":{"0":"post-172420","1":"product","2":"type-product","3":"status-publish","4":"has-post-thumbnail","6":"product_cat-seedshop-de","7":"product_tag-dutch-passion","8":"product_tag-indica","9":"product_tag-sativa","10":"product_tag-hybrid","11":"product_tag-cannabis-samen","12":"product_tag-feminisierte-samen","13":"product_tag-thc-mittel","14":"product_tag-suess-fruchtig","15":"product_tag-auto-verbotene-kirsche","17":"first","18":"instock","19":"sale","20":"taxable","21":"shipping-taxable","22":"purchasable","23":"product-type-variable"},"_links":{"self":[{"href":"https:\/\/www.budream.com\/de\/wp-json\/wp\/v2\/product\/172420","targetHints":{"allow":["GET"]}}],"collection":[{"href":"https:\/\/www.budream.com\/de\/wp-json\/wp\/v2\/product"}],"about":[{"href":"https:\/\/www.budream.com\/de\/wp-json\/wp\/v2\/types\/product"}],"replies":[{"embeddable":true,"href":"https:\/\/www.budream.com\/de\/wp-json\/wp\/v2\/comments?post=172420"}],"version-history":[{"count":2,"href":"https:\/\/www.budream.com\/de\/wp-json\/wp\/v2\/product\/172420\/revisions"}],"predecessor-version":[{"id":260126,"href":"https:\/\/www.budream.com\/de\/wp-json\/wp\/v2\/product\/172420\/revisions\/260126"}],"wp:featuredmedia":[{"embeddable":true,"href":"https:\/\/www.budream.com\/de\/wp-json\/wp\/v2\/media\/172409"}],"wp:attachment":[{"href":"https:\/\/www.budream.com\/de\/wp-json\/wp\/v2\/media?parent=172420"}],"wp:term":[{"taxonomy":"product_brand","embeddable":true,"href":"https:\/\/www.budream.com\/de\/wp-json\/wp\/v2\/product_brand?post=172420"},{"taxonomy":"product_cat","embeddable":true,"href":"https:\/\/www.budream.com\/de\/wp-json\/wp\/v2\/product_cat?post=172420"},{"taxonomy":"product_tag","embeddable":true,"href":"https:\/\/www.budream.com\/de\/wp-json\/wp\/v2\/product_tag?post=172420"}],"curies":[{"name":"wp","href":"https:\/\/api.w.org\/{rel}","templated":true}]}}