{"id":172998,"date":"2025-08-01T02:16:23","date_gmt":"2025-08-01T00:16:23","guid":{"rendered":"https:\/\/www.budream.com\/shop\/sensi-seeds-bank-sensi-purple-kush-fem\/"},"modified":"2026-03-25T13:52:33","modified_gmt":"2026-03-25T11:52:33","slug":"sensi-seeds-bank-sensi-purple-kush-fem","status":"publish","type":"product","link":"https:\/\/www.budream.com\/de\/shop\/sensi-seeds-bank-sensi-purple-kush-fem\/","title":{"rendered":"SENSI SEEDS BANK &#8211; SENSI PURPLE KUSH FEM"},"content":{"rendered":"<div style=\"text-align: justify\">Purple Kush Feminisiert ist das Produkt von drei Indica-dominanten Sorten, Hindu Kush, Skunk Kush und Maple Leaf Indica. Die Indica-Z\u00fcge in den exotischen, holzigen Terpenen und dem Moosprofil k\u00f6nnen Hindu Kush zugeschrieben werden. Maple Leaf Indica zeigt sich in den kompakten, dichten Bl\u00e4ttern. Ein gewisser Sativa-Einfluss von Skunk Kush l\u00e4sst sich in den fruchtigen Aromen erkennen, die das Geschmacksprofil pr\u00e4gen.<\/p>\n<\/div>\n<h2><strong>Eigenschaften Sensi Purple Kush Fem Sensi Seeds Bank:<\/strong><\/h2>\n<ul style=\"list-style-type: disc\">\n<li><strong>Gattung:<\/strong> Feminisiert<\/li>\n<li><strong>Genotyp: <\/strong>Indica-dominanter Hybrid<\/li>\n<li><strong>Genetik<\/strong> <span style=\"font-weight: 400\">: Hindu Kush x Skunk Kush x Maple Leaf Indica<\/span><\/li>\n<li><strong>Bl\u00fchende<\/strong> Tage<strong>:<\/strong> 55 &#8211; 60 Tage<\/li>\n<\/ul>\n<p><span style=\"font-size: 11pt\"><em><strong>WARNUNG:<\/strong> Hanfsamen sind vom gesetzlichen Begriff Cannabis ausgenommen, was bedeutet, dass sie nicht als Bet\u00e4ubungsmittel gelten (L. 412 von 1974, Art. 1, Absatz 1, Buchstabe B; Einheits\u00fcbereinkommen \u00fcber Bet\u00e4ubungsmittel von New York von 1961 und Tabelle II des Ministerialerlasses 27\/7\/1992). In Italien ist der Anbau von Hanf verboten (Artikel 28 und 73 des Pr\u00e4sidialdekrets 309\/90), es sei denn, es liegt eine Sondergenehmigung vor (Artikel 17 des Pr\u00e4sidialdekrets 309\/90). In Ermangelung einer solchen Genehmigung darf das Saatgut nur f\u00fcr andere Zwecke verwendet werden (zootechnische Zwecke, Sammeln usw.). Das Saatgut wird unter dem Vorbehalt verkauft, dass es nicht von Dritten im Widerspruch zu den gesetzlichen Bestimmungen verwendet wird.<\/em><\/span><\/p>\n","protected":false},"excerpt":{"rendered":"<p>\ud83c\udf3f SENSI PURPLE KUSH von SENSI SEEDS BANK \u00b7 \ud83e\uddec Indica Dominant (60%+) \u00b7 \ud83d\udce6 Ertrag XL.<\/p>\n","protected":false},"featured_media":197102,"comment_status":"open","ping_status":"closed","template":"","meta":[],"product_brand":[],"product_cat":[7952],"product_tag":[10126,10128,8510,8526,8934],"class_list":{"0":"post-172998","1":"product","2":"type-product","3":"status-publish","4":"has-post-thumbnail","6":"product_cat-seedshop-de","7":"product_tag-cannabis-samen","8":"product_tag-feminisierte-samen","9":"product_tag-indica","10":"product_tag-sensi-seeds-bank","11":"product_tag-sensi-purple-kush","13":"first","14":"instock","15":"sale","16":"taxable","17":"shipping-taxable","18":"purchasable","19":"product-type-variable"},"_links":{"self":[{"href":"https:\/\/www.budream.com\/de\/wp-json\/wp\/v2\/product\/172998","targetHints":{"allow":["GET"]}}],"collection":[{"href":"https:\/\/www.budream.com\/de\/wp-json\/wp\/v2\/product"}],"about":[{"href":"https:\/\/www.budream.com\/de\/wp-json\/wp\/v2\/types\/product"}],"replies":[{"embeddable":true,"href":"https:\/\/www.budream.com\/de\/wp-json\/wp\/v2\/comments?post=172998"}],"version-history":[{"count":2,"href":"https:\/\/www.budream.com\/de\/wp-json\/wp\/v2\/product\/172998\/revisions"}],"predecessor-version":[{"id":260893,"href":"https:\/\/www.budream.com\/de\/wp-json\/wp\/v2\/product\/172998\/revisions\/260893"}],"wp:featuredmedia":[{"embeddable":true,"href":"https:\/\/www.budream.com\/de\/wp-json\/wp\/v2\/media\/197102"}],"wp:attachment":[{"href":"https:\/\/www.budream.com\/de\/wp-json\/wp\/v2\/media?parent=172998"}],"wp:term":[{"taxonomy":"product_brand","embeddable":true,"href":"https:\/\/www.budream.com\/de\/wp-json\/wp\/v2\/product_brand?post=172998"},{"taxonomy":"product_cat","embeddable":true,"href":"https:\/\/www.budream.com\/de\/wp-json\/wp\/v2\/product_cat?post=172998"},{"taxonomy":"product_tag","embeddable":true,"href":"https:\/\/www.budream.com\/de\/wp-json\/wp\/v2\/product_tag?post=172998"}],"curies":[{"name":"wp","href":"https:\/\/api.w.org\/{rel}","templated":true}]}}