{"id":173053,"date":"2025-08-01T02:18:05","date_gmt":"2025-08-01T00:18:05","guid":{"rendered":"https:\/\/www.budream.com\/shop\/sensi-seeds-bank-blue-skunk-fem\/"},"modified":"2026-03-21T18:55:53","modified_gmt":"2026-03-21T16:55:53","slug":"sensi-seeds-bank-blue-skunk-fem","status":"publish","type":"product","link":"https:\/\/www.budream.com\/de\/shop\/sensi-seeds-bank-blue-skunk-fem\/","title":{"rendered":"SENSI SEEDS BANK &#8211; BLUE SKUNK FEM"},"content":{"rendered":"<p><strong>BLUE SKUNK<\/strong> ist ein Indica-dominanter Hybrid, der k\u00f6rperliche Entspannung mit reichlich Ertr\u00e4gen verbindet von SENSI SEEDS BANK. Verf\u00fcgbar in Packungen mit 1 Samen feminisiert. Im Anbau, hat einen mittleren Bl\u00fctezyklus von 10-12 Wochen und bietet au\u00dfergew\u00f6hnlich reichlich Ertr\u00e4ge. In der Nase und am Gaumen zeichnet sich sein \ud83c\udf3f Scharf-Aroma aus.<\/p>\n","protected":false},"excerpt":{"rendered":"<p>\ud83c\udf3f BLUE SKUNK von SENSI SEEDS BANK \u00b7 \ud83e\uddec Indica Dominant (60%+) \u00b7 \ud83c\udfc6 Ertrag XXL.<\/p>\n","protected":false},"featured_media":196981,"comment_status":"open","ping_status":"closed","template":"","meta":[],"product_brand":[],"product_cat":[7952],"product_tag":[8935,10125,10126,10127,10128,10320,8510,8526],"class_list":{"0":"post-173053","1":"product","2":"type-product","3":"status-publish","4":"has-post-thumbnail","6":"product_cat-seedshop-de","7":"product_tag-blue-skunk","8":"product_tag-ertrag-xxl","9":"product_tag-cannabis-samen","10":"product_tag-scharf","11":"product_tag-feminisierte-samen","12":"product_tag-alle","13":"product_tag-indica","14":"product_tag-sensi-seeds-bank","16":"first","17":"instock","18":"sale","19":"taxable","20":"shipping-taxable","21":"purchasable","22":"product-type-variable"},"_links":{"self":[{"href":"https:\/\/www.budream.com\/de\/wp-json\/wp\/v2\/product\/173053","targetHints":{"allow":["GET"]}}],"collection":[{"href":"https:\/\/www.budream.com\/de\/wp-json\/wp\/v2\/product"}],"about":[{"href":"https:\/\/www.budream.com\/de\/wp-json\/wp\/v2\/types\/product"}],"replies":[{"embeddable":true,"href":"https:\/\/www.budream.com\/de\/wp-json\/wp\/v2\/comments?post=173053"}],"version-history":[{"count":1,"href":"https:\/\/www.budream.com\/de\/wp-json\/wp\/v2\/product\/173053\/revisions"}],"predecessor-version":[{"id":259087,"href":"https:\/\/www.budream.com\/de\/wp-json\/wp\/v2\/product\/173053\/revisions\/259087"}],"wp:featuredmedia":[{"embeddable":true,"href":"https:\/\/www.budream.com\/de\/wp-json\/wp\/v2\/media\/196981"}],"wp:attachment":[{"href":"https:\/\/www.budream.com\/de\/wp-json\/wp\/v2\/media?parent=173053"}],"wp:term":[{"taxonomy":"product_brand","embeddable":true,"href":"https:\/\/www.budream.com\/de\/wp-json\/wp\/v2\/product_brand?post=173053"},{"taxonomy":"product_cat","embeddable":true,"href":"https:\/\/www.budream.com\/de\/wp-json\/wp\/v2\/product_cat?post=173053"},{"taxonomy":"product_tag","embeddable":true,"href":"https:\/\/www.budream.com\/de\/wp-json\/wp\/v2\/product_tag?post=173053"}],"curies":[{"name":"wp","href":"https:\/\/api.w.org\/{rel}","templated":true}]}}