{"id":173090,"date":"2025-08-01T02:19:48","date_gmt":"2025-08-01T00:19:48","guid":{"rendered":"https:\/\/www.budream.com\/shop\/sensi-seeds-bank-tangerine-sugar-fem\/"},"modified":"2026-03-24T00:04:27","modified_gmt":"2026-03-23T22:04:27","slug":"sensi-seeds-bank-tangerine-sugar-fem","status":"publish","type":"product","link":"https:\/\/www.budream.com\/de\/shop\/sensi-seeds-bank-tangerine-sugar-fem\/","title":{"rendered":"SENSI SEEDS BANK &#8211; TANGERINE SUGAR FEM"},"content":{"rendered":"<div style=\"text-align: justify\">Tangerine Sugar Feminisierte Samen haben eine Genetik von 70% Sativa und 30% Indica. Es handelt sich um eine Sorte, die aus einer Kreuzung zwischen einer California Indica und den Nachkommen einer Kreuzung aus Skunk #1 und Sensi Skunk entstanden ist. Der Sativa-Einfluss stammt von den beiden letzteren.<\/p>\n<\/div>\n<h2><strong>Eigenschaften <\/strong><strong>Tangerine Sugar Fem <\/strong><strong>Sensi Seeds<\/strong><strong>:<\/strong><\/h2>\n<ul style=\"list-style-type: disc\">\n<li><strong>Gattung:<\/strong> Feminisiert<\/li>\n<li><strong>Genotyp: <\/strong>Hybrid 30% Indica \/ 70% Sativa<\/li>\n<li><strong>Genetik:<\/strong> Kalifornische Indica x Skunk #1 x Sensi Skunk<\/li>\n<li><strong>Bl\u00fchende<\/strong> Tage<strong>:<\/strong> 63 &#8211; 70 Tage<\/li>\n<\/ul>\n<p><span style=\"font-size: 11pt\"><em><strong>WARNUNG:<\/strong> Hanfsamen sind vom gesetzlichen Begriff Cannabis ausgenommen, was bedeutet, dass sie nicht als Bet\u00e4ubungsmittel gelten (L. 412 von 1974, Art. 1, Absatz 1, Buchstabe B; Einheits\u00fcbereinkommen \u00fcber Bet\u00e4ubungsmittel von New York von 1961 und Tabelle II des Ministerialerlasses 27\/7\/1992). In Italien ist der Anbau von Hanf verboten (Artikel 28 und 73 des Pr\u00e4sidialdekrets 309\/90), es sei denn, es liegt eine Sondergenehmigung vor (Artikel 17 des Pr\u00e4sidialdekrets 309\/90). In Ermangelung einer solchen Genehmigung darf das Saatgut nur f\u00fcr andere Zwecke verwendet werden (zootechnische Zwecke, Sammeln usw.). Das Saatgut wird unter dem Vorbehalt verkauft, dass es nicht von Dritten im Widerspruch zu den gesetzlichen Bestimmungen verwendet wird.<\/em><\/span><\/p>\n","protected":false},"excerpt":{"rendered":"<p>\ud83c\udf3f TANGERINE SUGAR von SENSI SEEDS BANK \u00b7 \ud83e\uddec Sativa Dominant (60%+) \u00b7 \ud83c\udfc6 Ertrag XXL.<\/p>\n","protected":false},"featured_media":197192,"comment_status":"open","ping_status":"closed","template":"","meta":[],"product_brand":[],"product_cat":[7952],"product_tag":[10125,10126,10128,8511,8526,8937],"class_list":{"0":"post-173090","1":"product","2":"type-product","3":"status-publish","4":"has-post-thumbnail","6":"product_cat-seedshop-de","7":"product_tag-ertrag-xxl","8":"product_tag-cannabis-samen","9":"product_tag-feminisierte-samen","10":"product_tag-sativa","11":"product_tag-sensi-seeds-bank","12":"product_tag-tangerine-sugar","14":"first","15":"instock","16":"sale","17":"taxable","18":"shipping-taxable","19":"purchasable","20":"product-type-variable"},"_links":{"self":[{"href":"https:\/\/www.budream.com\/de\/wp-json\/wp\/v2\/product\/173090","targetHints":{"allow":["GET"]}}],"collection":[{"href":"https:\/\/www.budream.com\/de\/wp-json\/wp\/v2\/product"}],"about":[{"href":"https:\/\/www.budream.com\/de\/wp-json\/wp\/v2\/types\/product"}],"replies":[{"embeddable":true,"href":"https:\/\/www.budream.com\/de\/wp-json\/wp\/v2\/comments?post=173090"}],"version-history":[{"count":2,"href":"https:\/\/www.budream.com\/de\/wp-json\/wp\/v2\/product\/173090\/revisions"}],"predecessor-version":[{"id":260442,"href":"https:\/\/www.budream.com\/de\/wp-json\/wp\/v2\/product\/173090\/revisions\/260442"}],"wp:featuredmedia":[{"embeddable":true,"href":"https:\/\/www.budream.com\/de\/wp-json\/wp\/v2\/media\/197192"}],"wp:attachment":[{"href":"https:\/\/www.budream.com\/de\/wp-json\/wp\/v2\/media?parent=173090"}],"wp:term":[{"taxonomy":"product_brand","embeddable":true,"href":"https:\/\/www.budream.com\/de\/wp-json\/wp\/v2\/product_brand?post=173090"},{"taxonomy":"product_cat","embeddable":true,"href":"https:\/\/www.budream.com\/de\/wp-json\/wp\/v2\/product_cat?post=173090"},{"taxonomy":"product_tag","embeddable":true,"href":"https:\/\/www.budream.com\/de\/wp-json\/wp\/v2\/product_tag?post=173090"}],"curies":[{"name":"wp","href":"https:\/\/api.w.org\/{rel}","templated":true}]}}