{"id":173531,"date":"2025-08-01T02:41:38","date_gmt":"2025-08-01T00:41:38","guid":{"rendered":"https:\/\/www.budream.com\/shop\/indoorline-dry-sift-1x10m\/"},"modified":"2026-01-29T15:10:28","modified_gmt":"2026-01-29T13:10:28","slug":"indoorline-dry-sift-1x10m","status":"publish","type":"product","link":"https:\/\/www.budream.com\/de\/shop\/indoorline-dry-sift-1x10m\/","title":{"rendered":"INDOORLINE &#8211; DRY SIFT | 1X10m"},"content":{"rendered":"<p>Hier sind die Trockensiebe und Best\u00e4ubernetze von Indoorline! Diese zu 100 % in Italien hergestellten Netze aus Polyester sind ideal, um Ihr altes Netz zu ersetzen oder Ihre eigenen DIY-Extraktoren und -Siebe herzustellen!<\/p>\n<h2><span style=\"text-decoration: underline\"><strong>Merkmale Trockensiebnetze:<\/strong><\/span><\/h2>\n<ul style=\"list-style-type: disc\">\n<li><strong>Gr\u00f6\u00dfe:<\/strong> 1 X 10 Meter;<\/li>\n<li><strong>Verf\u00fcgbare Maschen: <\/strong>25&mu;, 45&mu;, 73&mu;, 90&mu;, 120&mu;, 160&mu;, 190&mu;, 220&mu; (Mikron);<\/li>\n<li><strong>100% Polyester;<\/strong><\/li>\n<li>Hochfestes, kalibriertes Polyester-Monofilament;<\/li>\n<li>Passend f\u00fcr alle Tumbler und Siebe;<\/li>\n<li>Perfekt f\u00fcr Trockensiebs\u00e4tze, Best\u00e4uber und Siebe;<\/li>\n<li>Erh\u00e4ltlich in verschiedenen Gr\u00f6\u00dfen und Mikrongr\u00f6\u00dfen;<\/li>\n<\/ul>\n","protected":false},"excerpt":{"rendered":"<p>Hier sind die Trockensiebe und Best\u00e4ubernetze von Indoorline! Diese zu 100 % in Italien hergestellten Netze aus Polyester sind ideal,<\/p>\n","protected":false},"featured_media":155531,"comment_status":"open","ping_status":"closed","template":"","meta":[],"product_brand":[],"product_cat":[7947],"product_tag":[],"class_list":{"0":"post-173531","1":"product","2":"type-product","3":"status-publish","4":"has-post-thumbnail","6":"product_cat-headshop-de","8":"first","9":"instock","10":"taxable","11":"shipping-taxable","12":"purchasable","13":"product-type-variable"},"aioseo_notices":[],"_links":{"self":[{"href":"https:\/\/www.budream.com\/de\/wp-json\/wp\/v2\/product\/173531","targetHints":{"allow":["GET"]}}],"collection":[{"href":"https:\/\/www.budream.com\/de\/wp-json\/wp\/v2\/product"}],"about":[{"href":"https:\/\/www.budream.com\/de\/wp-json\/wp\/v2\/types\/product"}],"replies":[{"embeddable":true,"href":"https:\/\/www.budream.com\/de\/wp-json\/wp\/v2\/comments?post=173531"}],"version-history":[{"count":0,"href":"https:\/\/www.budream.com\/de\/wp-json\/wp\/v2\/product\/173531\/revisions"}],"wp:featuredmedia":[{"embeddable":true,"href":"https:\/\/www.budream.com\/de\/wp-json\/wp\/v2\/media\/155531"}],"wp:attachment":[{"href":"https:\/\/www.budream.com\/de\/wp-json\/wp\/v2\/media?parent=173531"}],"wp:term":[{"taxonomy":"product_brand","embeddable":true,"href":"https:\/\/www.budream.com\/de\/wp-json\/wp\/v2\/product_brand?post=173531"},{"taxonomy":"product_cat","embeddable":true,"href":"https:\/\/www.budream.com\/de\/wp-json\/wp\/v2\/product_cat?post=173531"},{"taxonomy":"product_tag","embeddable":true,"href":"https:\/\/www.budream.com\/de\/wp-json\/wp\/v2\/product_tag?post=173531"}],"curies":[{"name":"wp","href":"https:\/\/api.w.org\/{rel}","templated":true}]}}