{"id":173592,"date":"2025-08-01T02:44:33","date_gmt":"2025-08-01T00:44:33","guid":{"rendered":"https:\/\/www.budream.com\/shop\/suesse-samen-gorilla-sherbet-f1-fast-version-fem-sws98\/"},"modified":"2026-05-04T11:56:18","modified_gmt":"2026-05-04T09:56:18","slug":"suesse-samen-gorilla-sherbet-f1-fast-version-fem-sws98","status":"publish","type":"product","link":"https:\/\/www.budream.com\/de\/shop\/suesse-samen-gorilla-sherbet-f1-fast-version-fem-sws98\/","title":{"rendered":"S\u00dcSSE SAMEN &#8211; GORILLA SHERBET F1 FAST VERSION\u00ae FEM (SWS98)"},"content":{"rendered":"<div style=\"text-align: justify\">Feminisierte, photoperiodenabh\u00e4ngige, ultraschnell bl\u00fchende Version der ber\u00fchmten Sorte aus den USA. Sunset Sherbet (Girl Scout Cookies x Pink Panties), einer der w\u00fcrdigsten Vertreter der Cookies-Familie.<\/div>\n<p><\/p>\n<h2><strong>Sweet Seeds Gorilla Sherbet F1 Fast Version&reg; Fem (SWS98):<\/strong><\/h2>\n<ul style=\"list-style-type: disc\">\n<li><strong>Gattung:<\/strong> Hybrid Feminisiert Autoflowering<\/li>\n<li><strong>Genotyp<\/strong>: Hybrid: Indica: 70% \/ Sativa: 30%<\/li>\n<li><strong>Genetik:<\/strong> Sunset Sherbet (Girl Scout Cookies x Pink Panties) x Gorilla Girl XL Auto&reg; (SWS82) [Gorilla Girl&reg; x Sweet Gelato Auto&reg; (SWS74 x SWS76)]<\/li>\n<li>Tage<strong>:<\/strong> 42 &#8211; 49 Tage<\/li>\n<\/ul>\n<p><\/p>\n<div style=\"text-align: justify\"><span style=\"font-size: 11pt\"><em><strong>ACHTUNG:<\/strong> Hanfsamen fallen nicht unter den Rechtsbegriff Cannabis, was bedeutet, dass sie nicht als Bet\u00e4ubungsmittel gelten (L. 412 von 1974, Art. 1, Absatz 1, Buchstabe B; Einheits\u00fcbereinkommen \u00fcber Suchtstoffe von New York von 1961 und Tabelle II des Ministerialerlasses vom 27.7.1992). In Italien ist der Anbau von Hanf verboten (Artikel 28 und 73 des Pr\u00e4sidialdekrets 309\/90), es sei denn, es liegt eine Sondergenehmigung vor (Artikel 17 des Pr\u00e4sidialdekrets 309\/90). In Ermangelung einer solchen Genehmigung darf das Saatgut nur f\u00fcr andere Zwecke verwendet werden (zootechnische Zwecke, Sammeln usw.). Das Saatgut wird unter dem Vorbehalt verkauft, dass es nicht von Dritten im Widerspruch zu den gesetzlichen Bestimmungen verwendet wird.<\/em><\/span><\/div>\n","protected":false},"excerpt":{"rendered":"<p>\ud83c\udf3f GORILLA SHERBET F1 FAST VERSION\u00ae FEM (SWS98) von SWEET SEEDS \u00b7 \ud83e\uddec Indica Dominant (60%+) \u00b7 \ud83d\udd25 THC sehr hoch (Sehr hoch (20\u202f%+)).<\/p>\n","protected":false},"featured_media":173581,"comment_status":"open","ping_status":"closed","template":"","meta":[],"product_brand":[],"product_cat":[7952],"product_tag":[10126,10128,10171,8510,8543,8947,10124],"class_list":{"0":"post-173592","1":"product","2":"type-product","3":"status-publish","4":"has-post-thumbnail","6":"product_cat-seedshop-de","7":"product_tag-cannabis-samen","8":"product_tag-feminisierte-samen","9":"product_tag-suess-fruchtig","10":"product_tag-indica","11":"product_tag-sweet-seeds","12":"product_tag-gorilla-sherbet-f1-fast-version-fem-sws98","13":"product_tag-thc-sehr-hoch","15":"first","16":"instock","17":"sale","18":"taxable","19":"shipping-taxable","20":"purchasable","21":"product-type-variable"},"aioseo_notices":[],"_links":{"self":[{"href":"https:\/\/www.budream.com\/de\/wp-json\/wp\/v2\/product\/173592","targetHints":{"allow":["GET"]}}],"collection":[{"href":"https:\/\/www.budream.com\/de\/wp-json\/wp\/v2\/product"}],"about":[{"href":"https:\/\/www.budream.com\/de\/wp-json\/wp\/v2\/types\/product"}],"replies":[{"embeddable":true,"href":"https:\/\/www.budream.com\/de\/wp-json\/wp\/v2\/comments?post=173592"}],"version-history":[{"count":2,"href":"https:\/\/www.budream.com\/de\/wp-json\/wp\/v2\/product\/173592\/revisions"}],"predecessor-version":[{"id":259850,"href":"https:\/\/www.budream.com\/de\/wp-json\/wp\/v2\/product\/173592\/revisions\/259850"}],"wp:featuredmedia":[{"embeddable":true,"href":"https:\/\/www.budream.com\/de\/wp-json\/wp\/v2\/media\/173581"}],"wp:attachment":[{"href":"https:\/\/www.budream.com\/de\/wp-json\/wp\/v2\/media?parent=173592"}],"wp:term":[{"taxonomy":"product_brand","embeddable":true,"href":"https:\/\/www.budream.com\/de\/wp-json\/wp\/v2\/product_brand?post=173592"},{"taxonomy":"product_cat","embeddable":true,"href":"https:\/\/www.budream.com\/de\/wp-json\/wp\/v2\/product_cat?post=173592"},{"taxonomy":"product_tag","embeddable":true,"href":"https:\/\/www.budream.com\/de\/wp-json\/wp\/v2\/product_tag?post=173592"}],"curies":[{"name":"wp","href":"https:\/\/api.w.org\/{rel}","templated":true}]}}