{"id":174320,"date":"2025-08-01T03:05:22","date_gmt":"2025-08-01T01:05:22","guid":{"rendered":"https:\/\/www.budream.com\/shop\/barneys-farm-og-kush-fem\/"},"modified":"2026-03-23T13:12:11","modified_gmt":"2026-03-23T11:12:11","slug":"barneys-farm-og-kush-fem-2","status":"publish","type":"product","link":"https:\/\/www.budream.com\/de\/shop\/barneys-farm-og-kush-fem-2\/","title":{"rendered":"BARNEY&#8217;S FARM &#8211; OG KUSH FEM"},"content":{"rendered":"<div style=\"text-align: justify\">Es ist an der Zeit, sich dem saftigen Charme dieser OG Kush-Sorte hinzugeben, einer renommierten Sorte mit einem starken genetischen Stammbaum. Als verlockende Kreuzung aus Chemdawg, Lemon Thai und Hindu Kush ist diese Sorte aufgrund ihrer komplexen chemischen Zusammensetzung und ihres ausgepr\u00e4gten Terpenprofils ein Dauerbrenner unter den Liebhabern.<\/div>\n<p><\/p>\n<h2><strong>Merkmale OG Kush Fem:<\/strong><\/h2>\n<ul style=\"list-style-type: disc\">\n<li><strong>Gattung:<\/strong> Feminisiert<\/li>\n<li><strong>Genotyp:<\/strong> 70% Indica \/ 30% Sativa<\/li>\n<li><strong>Genetik<\/strong>: Chemdawg x Lemon Thai x Hindu Kush<\/li>\n<li><strong>Bl\u00fchende<\/strong> Tage<strong>:<\/strong> 55 &#8211; 65 Tage<\/li>\n<\/ul>\n<p><\/p>\n<div style=\"text-align: justify\"><span style=\"font-size: 11pt\"><em><strong>WARNUNG:<\/strong> Hanfsamen sind vom gesetzlichen Begriff Cannabis ausgenommen, was bedeutet, dass sie nicht als Bet\u00e4ubungsmittel gelten (L. 412 von 1974, Art. 1, Absatz 1, Buchstabe B; Einheits\u00fcbereinkommen \u00fcber Bet\u00e4ubungsmittel von New York von 1961 und Tabelle II des Ministerialerlasses 27\/7\/1992). In Italien ist der Anbau von Hanf verboten (Artikel 28 und 73 des Pr\u00e4sidialdekrets 309\/90), es sei denn, es liegt eine Sondergenehmigung vor (Artikel 17 des Pr\u00e4sidialdekrets 309\/90). In Ermangelung einer solchen Genehmigung darf das Saatgut nur f\u00fcr andere Zwecke verwendet werden (zootechnische Zwecke, Sammeln usw.). Das Saatgut wird unter dem Vorbehalt verkauft, dass es nicht von Dritten im Widerspruch zu den gesetzlichen Bestimmungen verwendet wird.<\/em><\/span><\/div>\n","protected":false},"excerpt":{"rendered":"<p>\ud83c\udf3f OG KUSH von BARNEY&#8217;S FARM \u00b7 \ud83e\uddec Indica Dominant (60%+) \u00b7 \ud83d\udd25 THC sehr hoch (Sehr hoch (20\u202f%+)) \u00b7 \ud83c\udfc6 Ertrag XXL.<\/p>\n","protected":false},"featured_media":174294,"comment_status":"open","ping_status":"closed","template":"","meta":[],"product_brand":[],"product_cat":[7952],"product_tag":[10125,10126,10127,10128,8510,8645,8948,10124],"class_list":{"0":"post-174320","1":"product","2":"type-product","3":"status-publish","4":"has-post-thumbnail","6":"product_cat-seedshop-de","7":"product_tag-ertrag-xxl","8":"product_tag-cannabis-samen","9":"product_tag-scharf","10":"product_tag-feminisierte-samen","11":"product_tag-indica","12":"product_tag-barneys-farm","13":"product_tag-og-kush","14":"product_tag-thc-sehr-hoch","16":"first","17":"instock","18":"sale","19":"taxable","20":"shipping-taxable","21":"purchasable","22":"product-type-variable"},"aioseo_notices":[],"_links":{"self":[{"href":"https:\/\/www.budream.com\/de\/wp-json\/wp\/v2\/product\/174320","targetHints":{"allow":["GET"]}}],"collection":[{"href":"https:\/\/www.budream.com\/de\/wp-json\/wp\/v2\/product"}],"about":[{"href":"https:\/\/www.budream.com\/de\/wp-json\/wp\/v2\/types\/product"}],"replies":[{"embeddable":true,"href":"https:\/\/www.budream.com\/de\/wp-json\/wp\/v2\/comments?post=174320"}],"version-history":[{"count":2,"href":"https:\/\/www.budream.com\/de\/wp-json\/wp\/v2\/product\/174320\/revisions"}],"predecessor-version":[{"id":259835,"href":"https:\/\/www.budream.com\/de\/wp-json\/wp\/v2\/product\/174320\/revisions\/259835"}],"wp:featuredmedia":[{"embeddable":true,"href":"https:\/\/www.budream.com\/de\/wp-json\/wp\/v2\/media\/174294"}],"wp:attachment":[{"href":"https:\/\/www.budream.com\/de\/wp-json\/wp\/v2\/media?parent=174320"}],"wp:term":[{"taxonomy":"product_brand","embeddable":true,"href":"https:\/\/www.budream.com\/de\/wp-json\/wp\/v2\/product_brand?post=174320"},{"taxonomy":"product_cat","embeddable":true,"href":"https:\/\/www.budream.com\/de\/wp-json\/wp\/v2\/product_cat?post=174320"},{"taxonomy":"product_tag","embeddable":true,"href":"https:\/\/www.budream.com\/de\/wp-json\/wp\/v2\/product_tag?post=174320"}],"curies":[{"name":"wp","href":"https:\/\/api.w.org\/{rel}","templated":true}]}}