{"id":174375,"date":"2025-08-01T03:07:05","date_gmt":"2025-08-01T01:07:05","guid":{"rendered":"https:\/\/www.budream.com\/shop\/barneys-farm-gmo-fem-verfuegbar-solange-der-vorrat-reicht\/"},"modified":"2026-04-17T08:36:53","modified_gmt":"2026-04-17T06:36:53","slug":"barneys-farm-gmo-fem-verfuegbar-solange-der-vorrat-reicht","status":"publish","type":"product","link":"https:\/\/www.budream.com\/de\/shop\/barneys-farm-gmo-fem-verfuegbar-solange-der-vorrat-reicht\/","title":{"rendered":"BARNEY&#8217;S FARM &#8211; GMO FEM Verf\u00fcgbar solange der Vorrat reicht"},"content":{"rendered":"<div style=\"text-align: justify\">Sind Sie bereit, das Ultimative zu erleben? Bereiten Sie sich darauf vor, der bet\u00f6renden Anziehungskraft von GMO zu erliegen, einer Sorte, die Sie in ihren Bann ziehen wird. Mit ihrer Kombination aus Chemdowg-Genetik und Girl Scout Cookies verlockt GMO mit ihrer unbeschreiblichen Komplexit\u00e4t und ihrem einzigartigen Charakter.<\/div>\n<p><\/p>\n<h2><strong>Eigenschaften GMO Fem:<\/strong><\/h2>\n<ul style=\"list-style-type: disc\">\n<li><strong>Gattung:<\/strong> Feminisiert<\/li>\n<li><strong>Genotyp:<\/strong> 90% Indica \/ 10% Sativa<\/li>\n<li><strong>Genetik:<\/strong> Chemdawg-Sorte x Girl Scout Cookies-Sorte<\/li>\n<li><strong>Bl\u00fchende<\/strong> Tage<strong>:<\/strong> 75 &#8211; 80 Tage<\/li>\n<\/ul>\n<p><\/p>\n<div style=\"text-align: justify\"><span style=\"font-size: 11pt\"><em><strong>WARNUNG:<\/strong> Hanfsamen sind vom gesetzlichen Begriff Cannabis ausgenommen, was bedeutet, dass sie nicht als Bet\u00e4ubungsmittel gelten (L. 412 von 1974, Art. 1, Absatz 1, Buchstabe B; Einheits\u00fcbereinkommen \u00fcber Bet\u00e4ubungsmittel von New York von 1961 und Tabelle II des Ministerialerlasses 27\/7\/1992). In Italien ist der Anbau von Hanf verboten (Artikel 28 und 73 des Pr\u00e4sidialdekrets 309\/90), es sei denn, es liegt eine Sondergenehmigung vor (Artikel 17 des Pr\u00e4sidialdekrets 309\/90). In Ermangelung einer solchen Genehmigung darf das Saatgut nur f\u00fcr andere Zwecke verwendet werden (zootechnische Zwecke, Sammeln usw.). Das Saatgut wird unter dem Vorbehalt verkauft, dass es nicht von Dritten im Widerspruch zu den gesetzlichen Bestimmungen verwendet wird.<\/em><\/span><\/div>\n","protected":false},"excerpt":{"rendered":"<p>\ud83c\udf3f GMO von BARNEY&#8217;S FARM \u00b7 \ud83e\uddec Indica Dominant (60%+) \u00b7 \ud83d\udd25 THC sehr hoch (Sehr hoch (20\u202f%+)) \u00b7 \ud83d\udce6 Ertrag XL.<\/p>\n","protected":false},"featured_media":174364,"comment_status":"open","ping_status":"closed","template":"","meta":[],"product_brand":[],"product_cat":[7952],"product_tag":[10124,10126,10127,10128,10327,8510,8645],"class_list":{"0":"post-174375","1":"product","2":"type-product","3":"status-publish","4":"has-post-thumbnail","6":"product_cat-seedshop-de","7":"product_tag-thc-sehr-hoch","8":"product_tag-cannabis-samen","9":"product_tag-scharf","10":"product_tag-feminisierte-samen","11":"product_tag-gmo-fem-verfuegbar-solange-der-vorrat-reicht","12":"product_tag-indica","13":"product_tag-barneys-farm","15":"first","16":"outofstock","17":"sale","18":"taxable","19":"shipping-taxable","20":"purchasable","21":"product-type-variable"},"_links":{"self":[{"href":"https:\/\/www.budream.com\/de\/wp-json\/wp\/v2\/product\/174375","targetHints":{"allow":["GET"]}}],"collection":[{"href":"https:\/\/www.budream.com\/de\/wp-json\/wp\/v2\/product"}],"about":[{"href":"https:\/\/www.budream.com\/de\/wp-json\/wp\/v2\/types\/product"}],"replies":[{"embeddable":true,"href":"https:\/\/www.budream.com\/de\/wp-json\/wp\/v2\/comments?post=174375"}],"version-history":[{"count":2,"href":"https:\/\/www.budream.com\/de\/wp-json\/wp\/v2\/product\/174375\/revisions"}],"predecessor-version":[{"id":263165,"href":"https:\/\/www.budream.com\/de\/wp-json\/wp\/v2\/product\/174375\/revisions\/263165"}],"wp:featuredmedia":[{"embeddable":true,"href":"https:\/\/www.budream.com\/de\/wp-json\/wp\/v2\/media\/174364"}],"wp:attachment":[{"href":"https:\/\/www.budream.com\/de\/wp-json\/wp\/v2\/media?parent=174375"}],"wp:term":[{"taxonomy":"product_brand","embeddable":true,"href":"https:\/\/www.budream.com\/de\/wp-json\/wp\/v2\/product_brand?post=174375"},{"taxonomy":"product_cat","embeddable":true,"href":"https:\/\/www.budream.com\/de\/wp-json\/wp\/v2\/product_cat?post=174375"},{"taxonomy":"product_tag","embeddable":true,"href":"https:\/\/www.budream.com\/de\/wp-json\/wp\/v2\/product_tag?post=174375"}],"curies":[{"name":"wp","href":"https:\/\/api.w.org\/{rel}","templated":true}]}}