{"id":174410,"date":"2025-08-01T03:08:27","date_gmt":"2025-08-01T01:08:27","guid":{"rendered":"https:\/\/www.budream.com\/shop\/barneys-farm-fem-eiscreme\/"},"modified":"2026-04-28T12:12:41","modified_gmt":"2026-04-28T10:12:41","slug":"barneys-farm-fem-eiscreme","status":"publish","type":"product","link":"https:\/\/www.budream.com\/de\/shop\/barneys-farm-fem-eiscreme\/","title":{"rendered":"BARNEY&#8217;S FARM &#8211; FEM EISCREME"},"content":{"rendered":"<div style=\"text-align: justify\">Du sehnst dich nach einer Sorte, die dich mitrei\u00dft und dich in eine Welt der reinen Gl\u00fcckseligkeit entf\u00fchrt?<br \/>Suchen Sie nicht weiter als Gelato, die verf\u00fchrerische und unwiderstehliche Sorte, die Sie auf eine sensorische Reise wie keine andere mitnehmen wird.<br \/>Mit einem genetischen Profil, das das verlockende Blue Sunset Sherbet und die Thin Mint Girl Scout Cookies kombiniert, ist die Gelato-Sorte die ultimative Versuchung.<\/div>\n<p><\/p>\n<h2><strong>Eigenschaften Gelato Fem:<\/strong><\/h2>\n<ul style=\"list-style-type: disc\">\n<li><strong>Gattung:<\/strong> Feminisiert<\/li>\n<li><strong>Genotyp:<\/strong> 60% Indica \/ 40% Sativa<\/li>\n<li><strong>Genetik: <\/strong>Blue Sunset Sherbert Strain x Thin Mint Girl Scout Cookies Strai<\/li>\n<li><strong>Bl\u00fchende<\/strong> Tage<strong>:<\/strong> 65 &#8211; 70 Tage<\/li>\n<\/ul>\n<p><\/p>\n<div style=\"text-align: justify\"><span style=\"font-size: 11pt\"><em><strong>WARNUNG:<\/strong> Hanfsamen sind vom gesetzlichen Begriff Cannabis ausgenommen, was bedeutet, dass sie nicht als Bet\u00e4ubungsmittel gelten (L. 412 von 1974, Art. 1, Absatz 1, Buchstabe B; Einheits\u00fcbereinkommen \u00fcber Bet\u00e4ubungsmittel von New York von 1961 und Tabelle II des Ministerialerlasses 27\/7\/1992). In Italien ist der Anbau von Hanf verboten (Artikel 28 und 73 des Pr\u00e4sidialdekrets 309\/90), es sei denn, es liegt eine Sondergenehmigung vor (Artikel 17 des Pr\u00e4sidialdekrets 309\/90). In Ermangelung einer solchen Genehmigung darf das Saatgut nur f\u00fcr andere Zwecke verwendet werden (zootechnische Zwecke, Sammeln usw.). Das Saatgut wird unter dem Vorbehalt verkauft, dass es nicht von Dritten im Widerspruch zu den gesetzlichen Bestimmungen verwendet wird.<\/em><\/span><\/div>\n","protected":false},"excerpt":{"rendered":"<p>\ud83c\udf3f FEM EISCREME von BARNEY&#8217;S FARM \u00b7 \ud83e\uddec Indica Dominant (60%+) \u00b7 \ud83d\udd25 THC sehr hoch (Sehr hoch (20\u202f%+)) \u00b7 \ud83c\udfc6 Ertrag XXL.<\/p>\n","protected":false},"featured_media":174399,"comment_status":"open","ping_status":"closed","template":"","meta":[],"product_brand":[],"product_cat":[7952],"product_tag":[10171,10328,8510,8645,10124,10125,10126,10128],"class_list":{"0":"post-174410","1":"product","2":"type-product","3":"status-publish","4":"has-post-thumbnail","6":"product_cat-seedshop-de","7":"product_tag-suess-fruchtig","8":"product_tag-fem-eiscreme","9":"product_tag-indica","10":"product_tag-barneys-farm","11":"product_tag-thc-sehr-hoch","12":"product_tag-ertrag-xxl","13":"product_tag-cannabis-samen","14":"product_tag-feminisierte-samen","16":"first","17":"instock","18":"sale","19":"taxable","20":"shipping-taxable","21":"purchasable","22":"product-type-variable"},"_links":{"self":[{"href":"https:\/\/www.budream.com\/de\/wp-json\/wp\/v2\/product\/174410","targetHints":{"allow":["GET"]}}],"collection":[{"href":"https:\/\/www.budream.com\/de\/wp-json\/wp\/v2\/product"}],"about":[{"href":"https:\/\/www.budream.com\/de\/wp-json\/wp\/v2\/types\/product"}],"replies":[{"embeddable":true,"href":"https:\/\/www.budream.com\/de\/wp-json\/wp\/v2\/comments?post=174410"}],"version-history":[{"count":2,"href":"https:\/\/www.budream.com\/de\/wp-json\/wp\/v2\/product\/174410\/revisions"}],"predecessor-version":[{"id":259879,"href":"https:\/\/www.budream.com\/de\/wp-json\/wp\/v2\/product\/174410\/revisions\/259879"}],"wp:featuredmedia":[{"embeddable":true,"href":"https:\/\/www.budream.com\/de\/wp-json\/wp\/v2\/media\/174399"}],"wp:attachment":[{"href":"https:\/\/www.budream.com\/de\/wp-json\/wp\/v2\/media?parent=174410"}],"wp:term":[{"taxonomy":"product_brand","embeddable":true,"href":"https:\/\/www.budream.com\/de\/wp-json\/wp\/v2\/product_brand?post=174410"},{"taxonomy":"product_cat","embeddable":true,"href":"https:\/\/www.budream.com\/de\/wp-json\/wp\/v2\/product_cat?post=174410"},{"taxonomy":"product_tag","embeddable":true,"href":"https:\/\/www.budream.com\/de\/wp-json\/wp\/v2\/product_tag?post=174410"}],"curies":[{"name":"wp","href":"https:\/\/api.w.org\/{rel}","templated":true}]}}