{"id":174450,"date":"2025-08-01T03:10:06","date_gmt":"2025-08-01T01:10:06","guid":{"rendered":"https:\/\/www.budream.com\/shop\/barneys-farm-fem-kekse\/"},"modified":"2026-03-23T23:02:59","modified_gmt":"2026-03-23T21:02:59","slug":"barneys-farm-fem-kekse","status":"publish","type":"product","link":"https:\/\/www.budream.com\/de\/shop\/barneys-farm-fem-kekse\/","title":{"rendered":"BARNEY&#8217;S FARM &#8211; FEM KEKSE"},"content":{"rendered":"<div style=\"text-align: justify\">Wir pr\u00e4sentieren die faszinierende Cookies, eine Sorte, die sicher ist, um Ihre Sinne zu verf\u00fchren und lassen Sie in einem Zustand der reinen Gl\u00fcckseligkeit. Bereiten Sie sich darauf vor, von ihrer verlockenden Mischung aus Ice Cream, Girl Scout Cookies und OG Kush verf\u00fchrt zu werden, die alle miteinander verwoben sind, um ein Meisterwerk genetischer Perfektion zu schaffen.<\/div>\n<p><\/p>\n<h2><strong>Eigenschaften Cookies Fem:<\/strong><\/h2>\n<ul style=\"list-style-type: disc\">\n<li><strong>Gattung:<\/strong> Feminisiert<\/li>\n<li><strong>Genotyp:<\/strong> 80% Indica \/ 20% Sativa<\/li>\n<li><strong>Genetik: <\/strong>Ice Cream-Sorte x Girl Scout Cookies-Sorte x OG Kush-Sorte<\/li>\n<li><strong>Bl\u00fchende<\/strong> Tage<strong>:<\/strong> 65 &#8211; 70 Tage<\/li>\n<\/ul>\n<p><\/p>\n<div style=\"text-align: justify\"><span style=\"font-size: 11pt\"><em><strong>ACHTUNG:<\/strong> Hanfsamen fallen nicht unter den Rechtsbegriff Cannabis, was bedeutet, dass sie nicht als Bet\u00e4ubungsmittel gelten (L. 412 von 1974, Art. 1, Absatz 1, Buchstabe B; Einheits\u00fcbereinkommen \u00fcber Bet\u00e4ubungsmittel von New York von 1961 und Tabelle II des Ministerialerlasses vom 27.7.1992). In Italien ist der Anbau von Hanf verboten (Artikel 28 und 73 des Pr\u00e4sidialdekrets 309\/90), es sei denn, es liegt eine Sondergenehmigung vor (Artikel 17 des Pr\u00e4sidialdekrets 309\/90). In Ermangelung einer solchen Genehmigung darf das Saatgut nur f\u00fcr andere Zwecke verwendet werden (zootechnische Zwecke, Sammeln usw.). Das Saatgut wird unter dem Vorbehalt verkauft, dass es nicht von Dritten im Widerspruch zu den gesetzlichen Bestimmungen verwendet wird.<\/em><\/span><\/div>\n","protected":false},"excerpt":{"rendered":"<p>\ud83c\udf3f FEM KEKSE von BARNEY&#8217;S FARM \u00b7 \ud83e\uddec Indica Dominant (60%+) \u00b7 \ud83d\udd25 THC sehr hoch (Sehr hoch (20\u202f%+)) \u00b7 \ud83d\udce6 Ertrag XL.<\/p>\n","protected":false},"featured_media":174439,"comment_status":"open","ping_status":"closed","template":"","meta":[],"product_brand":[],"product_cat":[7952],"product_tag":[10124,10126,10128,10171,10329,8510,8645],"class_list":{"0":"post-174450","1":"product","2":"type-product","3":"status-publish","4":"has-post-thumbnail","6":"product_cat-seedshop-de","7":"product_tag-thc-sehr-hoch","8":"product_tag-cannabis-samen","9":"product_tag-feminisierte-samen","10":"product_tag-suess-fruchtig","11":"product_tag-fem-kekse","12":"product_tag-indica","13":"product_tag-barneys-farm","15":"first","16":"instock","17":"taxable","18":"shipping-taxable","19":"purchasable","20":"product-type-variable"},"aioseo_notices":[],"_links":{"self":[{"href":"https:\/\/www.budream.com\/de\/wp-json\/wp\/v2\/product\/174450","targetHints":{"allow":["GET"]}}],"collection":[{"href":"https:\/\/www.budream.com\/de\/wp-json\/wp\/v2\/product"}],"about":[{"href":"https:\/\/www.budream.com\/de\/wp-json\/wp\/v2\/types\/product"}],"replies":[{"embeddable":true,"href":"https:\/\/www.budream.com\/de\/wp-json\/wp\/v2\/comments?post=174450"}],"version-history":[{"count":2,"href":"https:\/\/www.budream.com\/de\/wp-json\/wp\/v2\/product\/174450\/revisions"}],"predecessor-version":[{"id":260346,"href":"https:\/\/www.budream.com\/de\/wp-json\/wp\/v2\/product\/174450\/revisions\/260346"}],"wp:featuredmedia":[{"embeddable":true,"href":"https:\/\/www.budream.com\/de\/wp-json\/wp\/v2\/media\/174439"}],"wp:attachment":[{"href":"https:\/\/www.budream.com\/de\/wp-json\/wp\/v2\/media?parent=174450"}],"wp:term":[{"taxonomy":"product_brand","embeddable":true,"href":"https:\/\/www.budream.com\/de\/wp-json\/wp\/v2\/product_brand?post=174450"},{"taxonomy":"product_cat","embeddable":true,"href":"https:\/\/www.budream.com\/de\/wp-json\/wp\/v2\/product_cat?post=174450"},{"taxonomy":"product_tag","embeddable":true,"href":"https:\/\/www.budream.com\/de\/wp-json\/wp\/v2\/product_tag?post=174450"}],"curies":[{"name":"wp","href":"https:\/\/api.w.org\/{rel}","templated":true}]}}