{"id":174571,"date":"2025-08-01T03:15:10","date_gmt":"2025-08-01T01:15:10","guid":{"rendered":"https:\/\/www.budream.com\/shop\/barneys-farm-lemon-haze-auto-fem-2\/"},"modified":"2026-04-27T14:31:21","modified_gmt":"2026-04-27T12:31:21","slug":"barneys-farm-lemon-haze-auto-fem-2","status":"publish","type":"product","link":"https:\/\/www.budream.com\/de\/shop\/barneys-farm-lemon-haze-auto-fem-2\/","title":{"rendered":"BARNEY&#8217;S FARM &#8211; LEMON HAZE AUTO FEM"},"content":{"rendered":"<div style=\"text-align: justify\">Diese au\u00dfergew\u00f6hnliche Sorte ist das Ergebnis einer leidenschaftlichen und verlockenden Vereinigung von au\u00dfergew\u00f6hnlicher Lemon Haze-Genetik und BF Super Auto #1. Es ist kein Wunder, dass diese preisgekr\u00f6nte Sorte bei Liebhabern sehr begehrt ist.<\/div>\n<p><\/p>\n<h2><strong>Eigenschaften Lemon Haze Auto Fem:<\/strong><\/h2>\n<ul style=\"list-style-type: disc\">\n<li><strong>Gattung:<\/strong> Atoflowering Feminisiert<\/li>\n<li><strong>Genotyp:<\/strong> 30% Indica \/ 70% Sativa<\/li>\n<li><strong>Genetik: <\/strong>Lemon Haze x BF Super Auto #1<\/li>\n<li><strong>Tage<\/strong><strong>:<\/strong> 65 &#8211; 70 Tage<\/li>\n<\/ul>\n<p><\/p>\n<div style=\"text-align: justify\"><span style=\"font-size: 11pt\"><em><strong>WARNUNG:<\/strong> Hanfsamen sind vom gesetzlichen Begriff Cannabis ausgenommen, was bedeutet, dass sie nicht als Bet\u00e4ubungsmittel gelten (L. 412 von 1974, Art. 1, Komma 1, Buchstabe B; Einheits\u00fcbereinkommen \u00fcber Bet\u00e4ubungsmittel von New York von 1961 und Tabelle II des Ministerialerlasses 27\/7\/1992). In Italien ist der Anbau von Hanf verboten (Artikel 28 und 73 des Pr\u00e4sidialdekrets 309\/90), es sei denn, es liegt eine Sondergenehmigung vor (Artikel 17 des Pr\u00e4sidialdekrets 309\/90). In Ermangelung einer solchen Genehmigung darf das Saatgut nur f\u00fcr andere Zwecke verwendet werden (zootechnische Zwecke, Sammeln usw.). Das Saatgut wird unter dem Vorbehalt verkauft, dass es nicht von Dritten im Widerspruch zu den gesetzlichen Bestimmungen verwendet wird.<\/em><\/span><\/div>\n","protected":false},"excerpt":{"rendered":"<p>\ud83c\udf3f LEMON HAZE AUTO von BARNEY&#8217;S FARM \u00b7 \ud83e\uddec Sativa Dominant (60%+) \u00b7 \ud83d\udd25 THC sehr hoch (Sehr hoch (20\u202f%+)).<\/p>\n","protected":false},"featured_media":174551,"comment_status":"open","ping_status":"closed","template":"","meta":[],"product_brand":[],"product_cat":[7952],"product_tag":[8511,8645,8953,10124,10126,10128,10150],"class_list":{"0":"post-174571","1":"product","2":"type-product","3":"status-publish","4":"has-post-thumbnail","6":"product_cat-seedshop-de","7":"product_tag-sativa","8":"product_tag-barneys-farm","9":"product_tag-lemon-haze-auto","10":"product_tag-thc-sehr-hoch","11":"product_tag-cannabis-samen","12":"product_tag-feminisierte-samen","13":"product_tag-zitrusartig","15":"first","16":"instock","17":"sale","18":"taxable","19":"shipping-taxable","20":"purchasable","21":"product-type-variable"},"_links":{"self":[{"href":"https:\/\/www.budream.com\/de\/wp-json\/wp\/v2\/product\/174571","targetHints":{"allow":["GET"]}}],"collection":[{"href":"https:\/\/www.budream.com\/de\/wp-json\/wp\/v2\/product"}],"about":[{"href":"https:\/\/www.budream.com\/de\/wp-json\/wp\/v2\/types\/product"}],"replies":[{"embeddable":true,"href":"https:\/\/www.budream.com\/de\/wp-json\/wp\/v2\/comments?post=174571"}],"version-history":[{"count":2,"href":"https:\/\/www.budream.com\/de\/wp-json\/wp\/v2\/product\/174571\/revisions"}],"predecessor-version":[{"id":259885,"href":"https:\/\/www.budream.com\/de\/wp-json\/wp\/v2\/product\/174571\/revisions\/259885"}],"wp:featuredmedia":[{"embeddable":true,"href":"https:\/\/www.budream.com\/de\/wp-json\/wp\/v2\/media\/174551"}],"wp:attachment":[{"href":"https:\/\/www.budream.com\/de\/wp-json\/wp\/v2\/media?parent=174571"}],"wp:term":[{"taxonomy":"product_brand","embeddable":true,"href":"https:\/\/www.budream.com\/de\/wp-json\/wp\/v2\/product_brand?post=174571"},{"taxonomy":"product_cat","embeddable":true,"href":"https:\/\/www.budream.com\/de\/wp-json\/wp\/v2\/product_cat?post=174571"},{"taxonomy":"product_tag","embeddable":true,"href":"https:\/\/www.budream.com\/de\/wp-json\/wp\/v2\/product_tag?post=174571"}],"curies":[{"name":"wp","href":"https:\/\/api.w.org\/{rel}","templated":true}]}}