{"id":174614,"date":"2025-08-01T03:16:42","date_gmt":"2025-08-01T01:16:42","guid":{"rendered":"https:\/\/www.budream.com\/shop\/barneys-farm-gmo-auto-fem-verfuegbar-solange-der-vorrat-reicht\/"},"modified":"2026-03-24T14:59:45","modified_gmt":"2026-03-24T12:59:45","slug":"barneys-farm-gmo-auto-fem-verfuegbar-solange-der-vorrat-reicht","status":"publish","type":"product","link":"https:\/\/www.budream.com\/de\/shop\/barneys-farm-gmo-auto-fem-verfuegbar-solange-der-vorrat-reicht\/","title":{"rendered":"BARNEY&#8217;S FARM &#8211; GMO AUTO FEM Verf\u00fcgbar solange der Vorrat reicht"},"content":{"rendered":"<div style=\"text-align: justify\">Diese au\u00dfergew\u00f6hnliche Sorte ist das Ergebnis einer leidenschaftlichen und attraktiven Kombination aus der hervorragenden Genetik von GMO Strain und BF Super Auto #1.<\/div>\n<p><\/p>\n<h2><strong>Merkmale GMO Auto Fem:<\/strong><\/h2>\n<ul style=\"list-style-type: disc\">\n<li><strong>Gattung:<\/strong> Autoflowering Feminisiert<\/li>\n<li><strong>Genotyp:<\/strong> 80% Indica \/ 20% Sativa<\/li>\n<li><strong>Genetik: <\/strong>GMO Strain x BF Super Auto #1<\/li>\n<li><strong>Tage<\/strong><strong>:<\/strong> 70-75 Tage<\/li>\n<\/ul>\n<p><\/p>\n<div style=\"text-align: justify\"><span style=\"font-size: 11pt\"><em><strong>WARNUNG:<\/strong> Hanfsamen sind vom gesetzlichen Begriff Cannabis ausgenommen, was bedeutet, dass sie nicht als Bet\u00e4ubungsmittel gelten (L. 412 von 1974, Art. 1, Absatz 1, Buchstabe B; Einheits\u00fcbereinkommen \u00fcber Bet\u00e4ubungsmittel von New York von 1961 und Tabelle II des Ministerialerlasses 27\/7\/1992). In Italien ist der Anbau von Hanf verboten (Artikel 28 und 73 des Pr\u00e4sidialdekrets 309\/90), es sei denn, es liegt eine Sondergenehmigung vor (Artikel 17 des Pr\u00e4sidialdekrets 309\/90). In Ermangelung einer solchen Genehmigung darf das Saatgut nur f\u00fcr andere Zwecke verwendet werden (zootechnische Zwecke, Sammeln usw.). Das Saatgut wird unter dem Vorbehalt verkauft, dass es nicht von Dritten im Widerspruch zu den gesetzlichen Bestimmungen verwendet wird.<\/em><\/span><\/div>\n","protected":false},"excerpt":{"rendered":"<p>\ud83c\udf3f GMO AUTO von BARNEY&#8217;S FARM \u00b7 \ud83e\uddec Indica Dominant (60%+) \u00b7 \ud83d\udd25 THC sehr hoch (Sehr hoch (20\u202f%+)).<\/p>\n","protected":false},"featured_media":174600,"comment_status":"open","ping_status":"closed","template":"","meta":[],"product_brand":[],"product_cat":[7952],"product_tag":[8510,8645,10124,10126,10128,10147,10330],"class_list":{"0":"post-174614","1":"product","2":"type-product","3":"status-publish","4":"has-post-thumbnail","6":"product_cat-seedshop-de","7":"product_tag-indica","8":"product_tag-barneys-farm","9":"product_tag-thc-sehr-hoch","10":"product_tag-cannabis-samen","11":"product_tag-feminisierte-samen","12":"product_tag-erdiger","13":"product_tag-gmo-auto-fem-verfuegbar-solange-der-vorrat-reicht","15":"first","16":"outofstock","17":"taxable","18":"shipping-taxable","19":"product-type-variable"},"_links":{"self":[{"href":"https:\/\/www.budream.com\/de\/wp-json\/wp\/v2\/product\/174614","targetHints":{"allow":["GET"]}}],"collection":[{"href":"https:\/\/www.budream.com\/de\/wp-json\/wp\/v2\/product"}],"about":[{"href":"https:\/\/www.budream.com\/de\/wp-json\/wp\/v2\/types\/product"}],"replies":[{"embeddable":true,"href":"https:\/\/www.budream.com\/de\/wp-json\/wp\/v2\/comments?post=174614"}],"version-history":[{"count":2,"href":"https:\/\/www.budream.com\/de\/wp-json\/wp\/v2\/product\/174614\/revisions"}],"predecessor-version":[{"id":260497,"href":"https:\/\/www.budream.com\/de\/wp-json\/wp\/v2\/product\/174614\/revisions\/260497"}],"wp:featuredmedia":[{"embeddable":true,"href":"https:\/\/www.budream.com\/de\/wp-json\/wp\/v2\/media\/174600"}],"wp:attachment":[{"href":"https:\/\/www.budream.com\/de\/wp-json\/wp\/v2\/media?parent=174614"}],"wp:term":[{"taxonomy":"product_brand","embeddable":true,"href":"https:\/\/www.budream.com\/de\/wp-json\/wp\/v2\/product_brand?post=174614"},{"taxonomy":"product_cat","embeddable":true,"href":"https:\/\/www.budream.com\/de\/wp-json\/wp\/v2\/product_cat?post=174614"},{"taxonomy":"product_tag","embeddable":true,"href":"https:\/\/www.budream.com\/de\/wp-json\/wp\/v2\/product_tag?post=174614"}],"curies":[{"name":"wp","href":"https:\/\/api.w.org\/{rel}","templated":true}]}}