{"id":174688,"date":"2025-08-01T03:20:04","date_gmt":"2025-08-01T01:20:04","guid":{"rendered":"https:\/\/www.budream.com\/shop\/royal-queen-seeds-og-kush-fem\/"},"modified":"2026-03-24T00:21:27","modified_gmt":"2026-03-23T22:21:27","slug":"royal-queen-seeds-og-kush-fem","status":"publish","type":"product","link":"https:\/\/www.budream.com\/de\/shop\/royal-queen-seeds-og-kush-fem\/","title":{"rendered":"ROYAL QUEEN SEEDS &#8211; OG KUSH FEM"},"content":{"rendered":"<p>Ihr tats\u00e4chliches genetisches Erbe ist unbekannt. Einige sagen, dass<em> OG Kush<\/em> eine Mischung aus ChemDawg mit Lemon Thai und Pakistani Kush ist. Andere sagen, es handele sich nur um einen speziellen Schnitt von ChemDawg, der auf die fr\u00fchen 1990er Jahre zur\u00fcckgeht. Sogar die Bedeutung der Abk\u00fcrzung OG ist umstritten; manche glauben, sie bedeute <em>Original Gangster<\/em>. Heute glauben die meisten jedoch, dass es aufgrund seiner Herkunft <em>Ocean Grown<\/em> bedeutet.<\/p>\n<h2><strong>Merkmale OG Kush Royal Queen Seeds:<\/strong><\/h2>\n<ul style=\"list-style-type: disc\">\n<li><strong>Gattung:<\/strong> Feminisiert<\/li>\n<li><strong>Genotyp:<\/strong> Hybrid 25% Sativa 75% Indica<\/li>\n<li><strong>Genetik<\/strong>: Chemdawg x Lemon Thai x Pakistani Kush<\/li>\n<li><strong>Tage:<\/strong> 49-56<\/li>\n<\/ul>\n<p><em><strong>WARNUNG:<\/strong> Hanfsamen sind vom gesetzlichen Begriff Cannabis ausgenommen, was bedeutet, dass sie nicht als Bet\u00e4ubungsmittel gelten (L. 412 von 1974, Art. 1, Absatz 1, Buchstabe B; Einheits\u00fcbereinkommen \u00fcber Bet\u00e4ubungsmittel von New York von 1961 und Tabelle II des Ministerialerlasses 27\/7\/1992). In Italien ist der Anbau von Hanf verboten (Artikel 28 und 73 des Pr\u00e4sidialdekrets 309\/90), es sei denn, es liegt eine Sondergenehmigung vor (Artikel 17 des Pr\u00e4sidialdekrets 309\/90). In Ermangelung einer solchen Genehmigung darf das Saatgut nur f\u00fcr andere Zwecke verwendet werden (zootechnische Zwecke, Sammeln usw.). Das Saatgut wird unter dem Vorbehalt verkauft, dass es nicht von Dritten im Widerspruch zu den gesetzlichen Bestimmungen verwendet wird.<\/em><\/p>\n","protected":false},"excerpt":{"rendered":"<p>\ud83c\udf3f OG KUSH von ROYAL QUEEN SEEDS \u00b7 \ud83e\uddec Indica Dominant (60%+) \u00b7 \ud83d\udcaa THC hoch (Hoch (15\u201319\u202f%)) \u00b7 \ud83d\udce6 Ertrag XL.<\/p>\n","protected":false},"featured_media":174677,"comment_status":"open","ping_status":"closed","template":"","meta":[],"product_brand":[],"product_cat":[7952],"product_tag":[8948,10126,10128,10140,10150,8510,8609],"class_list":{"0":"post-174688","1":"product","2":"type-product","3":"status-publish","4":"has-post-thumbnail","6":"product_cat-seedshop-de","7":"product_tag-og-kush","8":"product_tag-cannabis-samen","9":"product_tag-feminisierte-samen","10":"product_tag-thc-hoch","11":"product_tag-zitrusartig","12":"product_tag-indica","13":"product_tag-royal-queen-seeds","15":"first","16":"instock","17":"sale","18":"taxable","19":"shipping-taxable","20":"purchasable","21":"product-type-variable"},"_links":{"self":[{"href":"https:\/\/www.budream.com\/de\/wp-json\/wp\/v2\/product\/174688","targetHints":{"allow":["GET"]}}],"collection":[{"href":"https:\/\/www.budream.com\/de\/wp-json\/wp\/v2\/product"}],"about":[{"href":"https:\/\/www.budream.com\/de\/wp-json\/wp\/v2\/types\/product"}],"replies":[{"embeddable":true,"href":"https:\/\/www.budream.com\/de\/wp-json\/wp\/v2\/comments?post=174688"}],"version-history":[{"count":2,"href":"https:\/\/www.budream.com\/de\/wp-json\/wp\/v2\/product\/174688\/revisions"}],"predecessor-version":[{"id":260456,"href":"https:\/\/www.budream.com\/de\/wp-json\/wp\/v2\/product\/174688\/revisions\/260456"}],"wp:featuredmedia":[{"embeddable":true,"href":"https:\/\/www.budream.com\/de\/wp-json\/wp\/v2\/media\/174677"}],"wp:attachment":[{"href":"https:\/\/www.budream.com\/de\/wp-json\/wp\/v2\/media?parent=174688"}],"wp:term":[{"taxonomy":"product_brand","embeddable":true,"href":"https:\/\/www.budream.com\/de\/wp-json\/wp\/v2\/product_brand?post=174688"},{"taxonomy":"product_cat","embeddable":true,"href":"https:\/\/www.budream.com\/de\/wp-json\/wp\/v2\/product_cat?post=174688"},{"taxonomy":"product_tag","embeddable":true,"href":"https:\/\/www.budream.com\/de\/wp-json\/wp\/v2\/product_tag?post=174688"}],"curies":[{"name":"wp","href":"https:\/\/api.w.org\/{rel}","templated":true}]}}