{"id":175379,"date":"2025-08-01T03:50:05","date_gmt":"2025-08-01T01:50:05","guid":{"rendered":"https:\/\/www.budream.com\/shop\/sensi-seeds-research-mandarin-punch-auto-fem\/"},"modified":"2026-03-23T23:31:03","modified_gmt":"2026-03-23T21:31:03","slug":"sensi-seeds-research-mandarin-punch-auto-fem","status":"publish","type":"product","link":"https:\/\/www.budream.com\/de\/shop\/sensi-seeds-research-mandarin-punch-auto-fem\/","title":{"rendered":"SENSI SEEDS RESEARCH &#8211; MANDARIN PUNCH AUTO FEM"},"content":{"rendered":"<p>Diese Sorte, die von Sensi Seeds entwickelt wurde, verf\u00fcgt \u00fcber einen beachtlichen Genpool. Zu ihren Urspr\u00fcngen geh\u00f6ren White Widow, Maple Leaf Indica, NYC Diesel und Hindu Kush; Arten, die weltweit sehr gesch\u00e4tzt werden.<\/p>\n<h2><strong>Merkmale Mandarin Punch Auto Fem:<\/strong><\/h2>\n<ul style=\"list-style-type: disc\">\n<li><strong>Gattung:<\/strong> Hybrid Feminisiert Autoflowering<\/li>\n<li><strong>Genotyp:<\/strong> 60% Indica \/ 20% Sativa \/ 20 Ruderalis<\/li>\n<li><strong>Genetik:<\/strong> Maple Leaf Indica x White Widow x NYC Diesel x Hindu Kush<\/li>\n<li><strong>Bl\u00fchende Tage:<\/strong> 56 &#8211; 63 Tage<\/li>\n<\/ul>\n<p><span style=\"font-size: 11pt\"><em><strong>WARNUNG:<\/strong> Hanfsamen sind vom gesetzlichen Begriff Cannabis ausgenommen, was bedeutet, dass sie nicht als Bet\u00e4ubungsmittel gelten (L. 412 von 1974, Art. 1, Komma 1, Buchstabe B; Einheits\u00fcbereinkommen \u00fcber Bet\u00e4ubungsmittel von New York von 1961 und Tabelle II des Ministerialerlasses 27\/7\/1992). In Italien ist der Anbau von Hanf verboten (Artikel 28 und 73 des Pr\u00e4sidialdekrets 309\/90), es sei denn, es liegt eine Sondergenehmigung vor (Artikel 17 des Pr\u00e4sidialdekrets 309\/90). In Ermangelung einer solchen Genehmigung darf das Saatgut nur f\u00fcr andere Zwecke verwendet werden (zootechnische Zwecke, Sammeln usw.). Das Saatgut wird unter dem Vorbehalt verkauft, dass es nicht von Dritten im Widerspruch zu den gesetzlichen Bestimmungen verwendet wird.<\/em><\/span><\/p>\n","protected":false},"excerpt":{"rendered":"<p>\ud83c\udf3f MANDARIN PUNCH AUTO von SENSI SEEDS BANK \u00b7 \ud83e\uddec Indica Dominant (60%+) \u00b7 \ud83c\udfc6 Ertrag XXL.<\/p>\n","protected":false},"featured_media":197439,"comment_status":"open","ping_status":"closed","template":"","meta":[],"product_brand":[],"product_cat":[7952],"product_tag":[10125,10126,10128,8510,8526,8972],"class_list":{"0":"post-175379","1":"product","2":"type-product","3":"status-publish","4":"has-post-thumbnail","6":"product_cat-seedshop-de","7":"product_tag-ertrag-xxl","8":"product_tag-cannabis-samen","9":"product_tag-feminisierte-samen","10":"product_tag-indica","11":"product_tag-sensi-seeds-bank","12":"product_tag-mandarin-punch-auto","14":"first","15":"instock","16":"sale","17":"taxable","18":"shipping-taxable","19":"purchasable","20":"product-type-variable"},"aioseo_notices":[],"_links":{"self":[{"href":"https:\/\/www.budream.com\/de\/wp-json\/wp\/v2\/product\/175379","targetHints":{"allow":["GET"]}}],"collection":[{"href":"https:\/\/www.budream.com\/de\/wp-json\/wp\/v2\/product"}],"about":[{"href":"https:\/\/www.budream.com\/de\/wp-json\/wp\/v2\/types\/product"}],"replies":[{"embeddable":true,"href":"https:\/\/www.budream.com\/de\/wp-json\/wp\/v2\/comments?post=175379"}],"version-history":[{"count":2,"href":"https:\/\/www.budream.com\/de\/wp-json\/wp\/v2\/product\/175379\/revisions"}],"predecessor-version":[{"id":260382,"href":"https:\/\/www.budream.com\/de\/wp-json\/wp\/v2\/product\/175379\/revisions\/260382"}],"wp:featuredmedia":[{"embeddable":true,"href":"https:\/\/www.budream.com\/de\/wp-json\/wp\/v2\/media\/197439"}],"wp:attachment":[{"href":"https:\/\/www.budream.com\/de\/wp-json\/wp\/v2\/media?parent=175379"}],"wp:term":[{"taxonomy":"product_brand","embeddable":true,"href":"https:\/\/www.budream.com\/de\/wp-json\/wp\/v2\/product_brand?post=175379"},{"taxonomy":"product_cat","embeddable":true,"href":"https:\/\/www.budream.com\/de\/wp-json\/wp\/v2\/product_cat?post=175379"},{"taxonomy":"product_tag","embeddable":true,"href":"https:\/\/www.budream.com\/de\/wp-json\/wp\/v2\/product_tag?post=175379"}],"curies":[{"name":"wp","href":"https:\/\/api.w.org\/{rel}","templated":true}]}}