{"id":176123,"date":"2025-08-01T04:29:34","date_gmt":"2025-08-01T02:29:34","guid":{"rendered":"https:\/\/www.budream.com\/shop\/suesse-samen-lila-punsch-og-xl-auto-fem-sws96\/"},"modified":"2026-04-22T11:18:08","modified_gmt":"2026-04-22T09:18:08","slug":"suesse-samen-lila-punsch-og-xl-auto-fem-sws96","status":"publish","type":"product","link":"https:\/\/www.budream.com\/de\/shop\/suesse-samen-lila-punsch-og-xl-auto-fem-sws96\/","title":{"rendered":"S\u00dcSSE SAMEN &#8211; LILA PUNSCH OG XL AUTO\u00ae FEM (SWS96)"},"content":{"rendered":"<div id=\"ficha_imagen\">\n<p style=\"text-align: justify\">5. Generation Autoflowering. Autoflowering-Version unserer Sorte Purple Punch OG&reg; (SWS93). Das Ergebnis einer Kreuzung zwischen einem elit\u00e4r selektierten Klon von Purple Punch OG&reg; [Purple Punch (Larry OG x Grand Daddy Purple) x Star Killer (Skywalker OG Kush x Rare Dankness #2)] und unserer hoch angesehenen autoflowering Sorte Killer Kush Auto&reg; (SWS56).<\/p>\n<\/div>\n<h2><strong>Eigenschaften Purple Punch OG XL Auto Fem:<\/strong><\/h2>\n<ul style=\"list-style-type: disc\">\n<li><strong>Gattung:<\/strong> Feminisiert Autoflowering<\/li>\n<li><strong>Genotyp<\/strong>: Hybrid: Indica\/Sativa\/Ruderalis<\/li>\n<li><strong>Genetik:<\/strong> Purple Punch OG&reg; (Larry OG x Grand Daddy Purple) x Star Killer (Skywalker OG Kush x Rare Dankness #2) x Killer Kush Auto&reg; (SWS56)<\/li>\n<li>Tage<strong>:<\/strong> 56 Tage<\/li>\n<\/ul>\n<p><\/p>\n<div style=\"text-align: justify\"><span style=\"font-size: 11pt\"><em><strong>WARNUNG:<\/strong> Hanfsamen sind vom gesetzlichen Begriff Cannabis ausgenommen, was bedeutet, dass sie nicht als Bet\u00e4ubungsmittel gelten (L. 412 von 1974, Art. 1, Komma 1, Buchstabe B; Einheits\u00fcbereinkommen \u00fcber Bet\u00e4ubungsmittel von New York von 1961 und Tabelle II des Ministerialerlasses 27\/7\/1992). In Italien ist der Anbau von Hanf verboten (Artikel 28 und 73 des Pr\u00e4sidialdekrets 309\/90), es sei denn, es liegt eine Sondergenehmigung vor (Artikel 17 des Pr\u00e4sidialdekrets 309\/90). In Ermangelung einer solchen Genehmigung darf das Saatgut nur f\u00fcr andere Zwecke verwendet werden (zootechnische Zwecke, Sammeln usw.). Das Saatgut wird unter dem Vorbehalt verkauft, dass es nicht von Dritten im Widerspruch zu den gesetzlichen Bestimmungen verwendet wird.<\/em><\/span><\/div>\n","protected":false},"excerpt":{"rendered":"<p>\ud83c\udf3f LILA PUNSCH OG XL AUTO\u00ae FEM (SWS96) von SWEET SEEDS \u00b7 \ud83e\uddec Indica Dominant (60%+) \u00b7 \ud83d\udd25 THC sehr hoch (Sehr hoch (20\u202f%+)) \u00b7 \ud83d\udce6 Ertrag XL.<\/p>\n","protected":false},"featured_media":176112,"comment_status":"open","ping_status":"closed","template":"","meta":[],"product_brand":[],"product_cat":[1175],"product_tag":[8510,8543,10124,10126,10128,10171,10338],"class_list":{"0":"post-176123","1":"product","2":"type-product","3":"status-publish","4":"has-post-thumbnail","6":"product_cat-seedshop","7":"product_tag-indica","8":"product_tag-sweet-seeds","9":"product_tag-thc-sehr-hoch","10":"product_tag-cannabis-samen","11":"product_tag-feminisierte-samen","12":"product_tag-suess-fruchtig","13":"product_tag-lila-punsch-og-xl-auto-fem-sws96","15":"first","16":"instock","17":"taxable","18":"shipping-taxable","19":"purchasable","20":"product-type-variable"},"aioseo_notices":[],"_links":{"self":[{"href":"https:\/\/www.budream.com\/de\/wp-json\/wp\/v2\/product\/176123","targetHints":{"allow":["GET"]}}],"collection":[{"href":"https:\/\/www.budream.com\/de\/wp-json\/wp\/v2\/product"}],"about":[{"href":"https:\/\/www.budream.com\/de\/wp-json\/wp\/v2\/types\/product"}],"replies":[{"embeddable":true,"href":"https:\/\/www.budream.com\/de\/wp-json\/wp\/v2\/comments?post=176123"}],"version-history":[{"count":2,"href":"https:\/\/www.budream.com\/de\/wp-json\/wp\/v2\/product\/176123\/revisions"}],"predecessor-version":[{"id":259929,"href":"https:\/\/www.budream.com\/de\/wp-json\/wp\/v2\/product\/176123\/revisions\/259929"}],"wp:featuredmedia":[{"embeddable":true,"href":"https:\/\/www.budream.com\/de\/wp-json\/wp\/v2\/media\/176112"}],"wp:attachment":[{"href":"https:\/\/www.budream.com\/de\/wp-json\/wp\/v2\/media?parent=176123"}],"wp:term":[{"taxonomy":"product_brand","embeddable":true,"href":"https:\/\/www.budream.com\/de\/wp-json\/wp\/v2\/product_brand?post=176123"},{"taxonomy":"product_cat","embeddable":true,"href":"https:\/\/www.budream.com\/de\/wp-json\/wp\/v2\/product_cat?post=176123"},{"taxonomy":"product_tag","embeddable":true,"href":"https:\/\/www.budream.com\/de\/wp-json\/wp\/v2\/product_tag?post=176123"}],"curies":[{"name":"wp","href":"https:\/\/api.w.org\/{rel}","templated":true}]}}