{"id":176794,"date":"2025-08-01T05:06:40","date_gmt":"2025-08-01T03:06:40","guid":{"rendered":"https:\/\/www.budream.com\/shop\/barneys-farm-sauer-diesel-fem\/"},"modified":"2026-03-24T01:33:56","modified_gmt":"2026-03-23T23:33:56","slug":"barneys-farm-sauer-diesel-fem","status":"publish","type":"product","link":"https:\/\/www.budream.com\/de\/shop\/barneys-farm-sauer-diesel-fem\/","title":{"rendered":"BARNEY&#8217;S FARM &#8211; SAUER DIESEL FEM"},"content":{"rendered":"<div style=\"text-align: justify\">Diese Sativa-dominante Sorte ist ein einzigartiger Hybrid, das Ergebnis einer verlockenden Mischung aus Chemdawg und Super Skunk. Sour Diesel ist eine Sorte, die selbst von den anspruchsvollsten Kennern Aufmerksamkeit und Respekt verlangt. Mit ihren au\u00dfergew\u00f6hnlichen Eigenschaften und ihrem legend\u00e4ren Status ist es kein Wunder, dass sie sehr begehrt ist.<\/div>\n<p><\/p>\n<h2><strong>Eigenschaften Sour Diesel Fem Barney&#8217;s Farm:<\/strong><\/h2>\n<ul style=\"list-style-type: disc\">\n<li><strong>Gattung:<\/strong> Feminisiert<\/li>\n<li><strong>Genotyp:<\/strong> 30% Indica \/ 70% Sativa<\/li>\n<li><strong>Genetik:<\/strong> Super Skunk-Stamm x Chemdawg-Stamm<\/li>\n<li><strong>Bl\u00fchende Tage:<\/strong> 70 &#8211; 75 Tage<\/li>\n<\/ul>\n<p><\/p>\n<div style=\"text-align: justify\"><span style=\"font-size: 11pt\"><em><strong>WARNUNG:<\/strong> Hanfsamen sind vom gesetzlichen Begriff Cannabis ausgenommen, was bedeutet, dass sie nicht als Bet\u00e4ubungsmittel gelten (L. 412 von 1974, Art. 1, Absatz 1, Buchstabe B; Einheits\u00fcbereinkommen \u00fcber Bet\u00e4ubungsmittel von New York von 1961 und Tabelle II des Ministerialerlasses 27\/7\/1992). In Italien ist der Anbau von Hanf verboten (Artikel 28 und 73 des Pr\u00e4sidialdekrets 309\/90), es sei denn, es liegt eine Sondergenehmigung vor (Artikel 17 des Pr\u00e4sidialdekrets 309\/90). In Ermangelung einer solchen Genehmigung darf das Saatgut nur f\u00fcr andere Zwecke verwendet werden (zootechnische Zwecke, Sammeln usw.). Das Saatgut wird unter dem Vorbehalt verkauft, dass es nicht von Dritten im Widerspruch zu den gesetzlichen Bestimmungen verwendet wird.<\/em><\/span><\/div>\n","protected":false},"excerpt":{"rendered":"<p>\ud83c\udf3f SAUER DIESEL von BARNEY&#8217;S FARM \u00b7 \ud83e\uddec Sativa Dominant (60%+) \u00b7 \ud83d\udd25 THC sehr hoch (Sehr hoch (20\u202f%+)) \u00b7 \ud83c\udfc6 Ertrag XXL.<\/p>\n","protected":false},"featured_media":176777,"comment_status":"open","ping_status":"closed","template":"","meta":[],"product_brand":[],"product_cat":[7952],"product_tag":[10343,8511,8645,10124,10125,10126,10127,10128],"class_list":{"0":"post-176794","1":"product","2":"type-product","3":"status-publish","4":"has-post-thumbnail","6":"product_cat-seedshop-de","7":"product_tag-sauer-diesel","8":"product_tag-sativa","9":"product_tag-barneys-farm","10":"product_tag-thc-sehr-hoch","11":"product_tag-ertrag-xxl","12":"product_tag-cannabis-samen","13":"product_tag-scharf","14":"product_tag-feminisierte-samen","16":"first","17":"instock","18":"sale","19":"taxable","20":"shipping-taxable","21":"purchasable","22":"product-type-variable"},"_links":{"self":[{"href":"https:\/\/www.budream.com\/de\/wp-json\/wp\/v2\/product\/176794","targetHints":{"allow":["GET"]}}],"collection":[{"href":"https:\/\/www.budream.com\/de\/wp-json\/wp\/v2\/product"}],"about":[{"href":"https:\/\/www.budream.com\/de\/wp-json\/wp\/v2\/types\/product"}],"replies":[{"embeddable":true,"href":"https:\/\/www.budream.com\/de\/wp-json\/wp\/v2\/comments?post=176794"}],"version-history":[{"count":2,"href":"https:\/\/www.budream.com\/de\/wp-json\/wp\/v2\/product\/176794\/revisions"}],"predecessor-version":[{"id":260476,"href":"https:\/\/www.budream.com\/de\/wp-json\/wp\/v2\/product\/176794\/revisions\/260476"}],"wp:featuredmedia":[{"embeddable":true,"href":"https:\/\/www.budream.com\/de\/wp-json\/wp\/v2\/media\/176777"}],"wp:attachment":[{"href":"https:\/\/www.budream.com\/de\/wp-json\/wp\/v2\/media?parent=176794"}],"wp:term":[{"taxonomy":"product_brand","embeddable":true,"href":"https:\/\/www.budream.com\/de\/wp-json\/wp\/v2\/product_brand?post=176794"},{"taxonomy":"product_cat","embeddable":true,"href":"https:\/\/www.budream.com\/de\/wp-json\/wp\/v2\/product_cat?post=176794"},{"taxonomy":"product_tag","embeddable":true,"href":"https:\/\/www.budream.com\/de\/wp-json\/wp\/v2\/product_tag?post=176794"}],"curies":[{"name":"wp","href":"https:\/\/api.w.org\/{rel}","templated":true}]}}