{"id":178144,"date":"2025-08-01T06:10:43","date_gmt":"2025-08-01T04:10:43","guid":{"rendered":"https:\/\/www.budream.com\/shop\/koenigliche-koenigin-samen-traube-traube-auto-fem-usa-premium-2\/"},"modified":"2026-03-23T22:00:04","modified_gmt":"2026-03-23T20:00:04","slug":"koenigliche-koenigin-samen-traube-traube-auto-fem-usa-premium-2","status":"publish","type":"product","link":"https:\/\/www.budream.com\/de\/shop\/koenigliche-koenigin-samen-traube-traube-auto-fem-usa-premium-2\/","title":{"rendered":"K\u00d6NIGLICHE K\u00d6NIGIN SAMEN &#8211; TRAUBE TRAUBE AUTO FEM (USA PREMIUM)"},"content":{"rendered":"<div style=\"text-align: justify\">Die Sorte Grape Ape Auto ist nicht einfach eine autoflowering Version von Grape Ape. Die Einf\u00fchrung der OG Kush Auto Genetik bringt verschiedene Eigenschaften mit sich, die sie vom Original unterscheiden.<\/div>\n<p><\/p>\n<h2><strong>Eigenschaften Grape Ape Auto Fem Royal Queen Seeds:<\/strong><\/h2>\n<ul style=\"list-style-type: disc\">\n<li><strong>Gattung:<\/strong> Feminisierte Autoflowering<\/li>\n<li><strong>Genotyp:<\/strong> 85% Indica \/ 10% Sativa \/ 5% Ruderalis-Hybrid<\/li>\n<li><strong>Genetik:<\/strong> Grape Ape x OG Kush Auto<\/li>\n<li><strong>Tage:<\/strong> 70-77<\/li>\n<\/ul>\n<p><\/p>\n<div style=\"text-align: justify\"><em><strong>WARNUNG:<\/strong> Hanfsamen sind vom gesetzlichen Begriff Cannabis ausgenommen, was bedeutet, dass sie nicht als Bet\u00e4ubungsmittel gelten (L. 412 von 1974, Art. 1, Komma 1, Buchstabe B; Einheits\u00fcbereinkommen \u00fcber Bet\u00e4ubungsmittel von New York von 1961 und Tabelle II des Ministerialerlasses 27\/7\/1992). In Italien ist der Anbau von Hanf verboten (Artikel 28 und 73 des Pr\u00e4sidialdekrets 309\/90), es sei denn, es liegt eine Sondergenehmigung vor (Artikel 17 des Pr\u00e4sidialdekrets 309\/90). In Ermangelung einer solchen Genehmigung darf das Saatgut nur f\u00fcr andere Zwecke verwendet werden (zootechnische Zwecke, Sammeln usw.). Das Saatgut wird unter dem Vorbehalt verkauft, dass es nicht von Dritten im Widerspruch zu den gesetzlichen Bestimmungen verwendet wird.<\/em><\/div>\n","protected":false},"excerpt":{"rendered":"<p>\ud83c\udf3f TRAUBE TRAUBE AUTO FEM (USA PREMIUM) von ROYAL QUEEN SEEDS \u00b7 \ud83e\uddec Indica Dominant (60%+) \u00b7 \ud83d\udcaa THC hoch (Hoch (15\u201319\u202f%)) \u00b7 \ud83d\udce6 Ertrag XL.<\/p>\n","protected":false},"featured_media":178124,"comment_status":"open","ping_status":"closed","template":"","meta":[],"product_brand":[],"product_cat":[7952],"product_tag":[10126,10127,10128,10140,10349,8510,8609],"class_list":{"0":"post-178144","1":"product","2":"type-product","3":"status-publish","4":"has-post-thumbnail","6":"product_cat-seedshop-de","7":"product_tag-cannabis-samen","8":"product_tag-scharf","9":"product_tag-feminisierte-samen","10":"product_tag-thc-hoch","11":"product_tag-traube-traube-auto-fem-usa-premium","12":"product_tag-indica","13":"product_tag-royal-queen-seeds","15":"first","16":"instock","17":"sale","18":"taxable","19":"shipping-taxable","20":"purchasable","21":"product-type-variable"},"aioseo_notices":[],"_links":{"self":[{"href":"https:\/\/www.budream.com\/de\/wp-json\/wp\/v2\/product\/178144","targetHints":{"allow":["GET"]}}],"collection":[{"href":"https:\/\/www.budream.com\/de\/wp-json\/wp\/v2\/product"}],"about":[{"href":"https:\/\/www.budream.com\/de\/wp-json\/wp\/v2\/types\/product"}],"replies":[{"embeddable":true,"href":"https:\/\/www.budream.com\/de\/wp-json\/wp\/v2\/comments?post=178144"}],"version-history":[{"count":2,"href":"https:\/\/www.budream.com\/de\/wp-json\/wp\/v2\/product\/178144\/revisions"}],"predecessor-version":[{"id":260288,"href":"https:\/\/www.budream.com\/de\/wp-json\/wp\/v2\/product\/178144\/revisions\/260288"}],"wp:featuredmedia":[{"embeddable":true,"href":"https:\/\/www.budream.com\/de\/wp-json\/wp\/v2\/media\/178124"}],"wp:attachment":[{"href":"https:\/\/www.budream.com\/de\/wp-json\/wp\/v2\/media?parent=178144"}],"wp:term":[{"taxonomy":"product_brand","embeddable":true,"href":"https:\/\/www.budream.com\/de\/wp-json\/wp\/v2\/product_brand?post=178144"},{"taxonomy":"product_cat","embeddable":true,"href":"https:\/\/www.budream.com\/de\/wp-json\/wp\/v2\/product_cat?post=178144"},{"taxonomy":"product_tag","embeddable":true,"href":"https:\/\/www.budream.com\/de\/wp-json\/wp\/v2\/product_tag?post=178144"}],"curies":[{"name":"wp","href":"https:\/\/api.w.org\/{rel}","templated":true}]}}