{"id":178294,"date":"2025-08-01T06:16:57","date_gmt":"2025-08-01T04:16:57","guid":{"rendered":"https:\/\/www.budream.com\/shop\/royal-queen-seeds-green-ice-cream-fem-usa-premium\/"},"modified":"2026-03-25T19:34:14","modified_gmt":"2026-03-25T17:34:14","slug":"royal-queen-seeds-green-ice-cream-fem-usa-premium","status":"publish","type":"product","link":"https:\/\/www.budream.com\/de\/shop\/royal-queen-seeds-green-ice-cream-fem-usa-premium\/","title":{"rendered":"ROYAL QUEEN SEEDS &#8211; GREEN ICE CREAM FEM (USA PREMIUM)"},"content":{"rendered":"<p>Thin Mint Cookies und Sunset Sherbet haben sich zusammengetan, um eine neue &#8222;Dessertsorte&#8220; zu entwickeln, die noch reichhaltiger und saftiger ist. Green Gelato ist das st\u00e4rkste und geschmackvollste Ergebnis dieses Projekts.<\/p>\n<h2><strong>Eigenschaften Green Gelato Royal Queen Seeds:<\/strong><\/h2>\n<ul style=\"list-style-type: disc\">\n<li><strong>Gattung:<\/strong> Feminisiert<\/li>\n<li><strong>Genotyp:<\/strong> 45% Sativa \/ 55% Indica<\/li>\n<li><strong>Genetik:<\/strong> Sunset Sherbet x Thin Mint Girl Scout Cookies<\/li>\n<li><strong>Tage:<\/strong> 56-70<\/li>\n<\/ul>\n<p><em><strong>WARNUNG:<\/strong> Hanfsamen sind vom gesetzlichen Begriff Cannabis ausgenommen, was bedeutet, dass sie nicht als Bet\u00e4ubungsmittel gelten (L. 412 von 1974, Art. 1, Absatz 1, Buchstabe B; Einheits\u00fcbereinkommen \u00fcber Bet\u00e4ubungsmittel von New York von 1961 und Tabelle II des Ministerialerlasses 27\/7\/1992). In Italien ist der Anbau von Hanf verboten (Artikel 28 und 73 des Pr\u00e4sidialdekrets 309\/90), es sei denn, es liegt eine Sondergenehmigung vor (Artikel 17 des Pr\u00e4sidialdekrets 309\/90). In Ermangelung einer solchen Genehmigung darf das Saatgut nur f\u00fcr andere Zwecke verwendet werden (zootechnische Zwecke, Sammeln usw.). Das Saatgut wird unter dem Vorbehalt verkauft, dass es nicht von Dritten im Widerspruch zu den gesetzlichen Bestimmungen verwendet wird.<\/em><\/p>\n","protected":false},"excerpt":{"rendered":"<p>\ud83c\udf3f GREEN ICE CREAM FEM (USA PREMIUM) von ROYAL QUEEN SEEDS \u00b7 \ud83e\uddec Indica \/ Sativa \u00b7 \ud83d\udd25 THC sehr hoch (Sehr hoch (20\u202f%+)) \u00b7 \ud83c\udfc6 Ertrag XXL.<\/p>\n","protected":false},"featured_media":178281,"comment_status":"open","ping_status":"closed","template":"","meta":[],"product_brand":[],"product_cat":[7952],"product_tag":[8609,9931,10060,10124,10125,10126,10128,10150,8510,8511],"class_list":{"0":"post-178294","1":"product","2":"type-product","3":"status-publish","4":"has-post-thumbnail","6":"product_cat-seedshop-de","7":"product_tag-royal-queen-seeds","8":"product_tag-hybrid","9":"product_tag-green-ice-cream-fem-usa-premium","10":"product_tag-thc-sehr-hoch","11":"product_tag-ertrag-xxl","12":"product_tag-cannabis-samen","13":"product_tag-feminisierte-samen","14":"product_tag-zitrusartig","15":"product_tag-indica","16":"product_tag-sativa","18":"first","19":"instock","20":"taxable","21":"shipping-taxable","22":"purchasable","23":"product-type-variable"},"aioseo_notices":[],"_links":{"self":[{"href":"https:\/\/www.budream.com\/de\/wp-json\/wp\/v2\/product\/178294","targetHints":{"allow":["GET"]}}],"collection":[{"href":"https:\/\/www.budream.com\/de\/wp-json\/wp\/v2\/product"}],"about":[{"href":"https:\/\/www.budream.com\/de\/wp-json\/wp\/v2\/types\/product"}],"replies":[{"embeddable":true,"href":"https:\/\/www.budream.com\/de\/wp-json\/wp\/v2\/comments?post=178294"}],"version-history":[{"count":2,"href":"https:\/\/www.budream.com\/de\/wp-json\/wp\/v2\/product\/178294\/revisions"}],"predecessor-version":[{"id":261016,"href":"https:\/\/www.budream.com\/de\/wp-json\/wp\/v2\/product\/178294\/revisions\/261016"}],"wp:featuredmedia":[{"embeddable":true,"href":"https:\/\/www.budream.com\/de\/wp-json\/wp\/v2\/media\/178281"}],"wp:attachment":[{"href":"https:\/\/www.budream.com\/de\/wp-json\/wp\/v2\/media?parent=178294"}],"wp:term":[{"taxonomy":"product_brand","embeddable":true,"href":"https:\/\/www.budream.com\/de\/wp-json\/wp\/v2\/product_brand?post=178294"},{"taxonomy":"product_cat","embeddable":true,"href":"https:\/\/www.budream.com\/de\/wp-json\/wp\/v2\/product_cat?post=178294"},{"taxonomy":"product_tag","embeddable":true,"href":"https:\/\/www.budream.com\/de\/wp-json\/wp\/v2\/product_tag?post=178294"}],"curies":[{"name":"wp","href":"https:\/\/api.w.org\/{rel}","templated":true}]}}