{"id":178488,"date":"2025-08-01T06:26:32","date_gmt":"2025-08-01T04:26:32","guid":{"rendered":"https:\/\/www.budream.com\/shop\/royal-queen-seeds-lemon-shining-silver-haze\/"},"modified":"2026-03-24T16:56:28","modified_gmt":"2026-03-24T14:56:28","slug":"royal-queen-seeds-lemon-shining-silver-haze","status":"publish","type":"product","link":"https:\/\/www.budream.com\/de\/shop\/royal-queen-seeds-lemon-shining-silver-haze\/","title":{"rendered":"ROYAL QUEEN SEEDS &#8211; LEMON SHINING SILVER HAZE"},"content":{"rendered":"<div style=\"text-align: justify\">Lemon Shining Silver Haze ist eine bekannte sativadominierte Marihuanasorte. Wie viele andere Lemon-Sorten hat diese Pflanze einen starken Zitrusgeschmack, den viele als bitter, kalt, skunkartig, aber auch s\u00fc\u00df und erfrischend bezeichnen.<\/div>\n<p><\/p>\n<h2><strong>Eigenschaften Lemon Shining Silver Haze Fem Royal Queen Seeds:<\/strong><\/h2>\n<ul style=\"list-style-type: disc\">\n<li><strong>Gattung:<\/strong> Feminisiert<\/li>\n<li><strong>Genotyp:<\/strong> Hybrid 75% Sativa \/ 25% Indica<\/li>\n<li><strong>Genetik:<\/strong> Lemon Skunk x Amnesia Haze<\/li>\n<li><strong>Tage:<\/strong> 56-63<\/li>\n<\/ul>\n<p><\/p>\n<div style=\"text-align: justify\"><em><strong>WARNUNG:<\/strong> Hanfsamen sind vom gesetzlichen Begriff Cannabis ausgenommen, was bedeutet, dass sie nicht als Bet\u00e4ubungsmittel gelten (L. 412 von 1974, Art. 1, Absatz 1, Buchstabe B; Einheits\u00fcbereinkommen \u00fcber Bet\u00e4ubungsmittel von New York von 1961 und Tabelle II des Ministerialerlasses 27\/7\/1992). In Italien ist der Anbau von Hanf verboten (Artikel 28 und 73 des Pr\u00e4sidialdekrets 309\/90), es sei denn, es liegt eine Sondergenehmigung vor (Artikel 17 des Pr\u00e4sidialdekrets 309\/90). In Ermangelung einer solchen Genehmigung darf das Saatgut nur f\u00fcr andere Zwecke verwendet werden (zootechnische Zwecke, Sammeln usw.). Das Saatgut wird unter dem Vorbehalt verkauft, dass es nicht von Dritten im Widerspruch zu den gesetzlichen Bestimmungen verwendet wird.<\/em><\/div>\n","protected":false},"excerpt":{"rendered":"<p>\ud83c\udf3f LEMON SHINING SILVER HAZE von ROYAL QUEEN SEEDS \u00b7 \ud83e\uddec Sativa Dominant (60%+) \u00b7 \ud83d\udd25 THC sehr hoch (Sehr hoch (20\u202f%+)).<\/p>\n","protected":false},"featured_media":178477,"comment_status":"open","ping_status":"closed","template":"","meta":[],"product_brand":[],"product_cat":[7952],"product_tag":[10126,10128,9009,8609,8511,10124,10150],"class_list":{"0":"post-178488","1":"product","2":"type-product","3":"status-publish","4":"has-post-thumbnail","6":"product_cat-seedshop-de","7":"product_tag-cannabis-samen","8":"product_tag-feminisierte-samen","9":"product_tag-lemon-shining-silver-haze","10":"product_tag-royal-queen-seeds","11":"product_tag-sativa","12":"product_tag-thc-sehr-hoch","13":"product_tag-zitrusartig","15":"first","16":"instock","17":"taxable","18":"shipping-taxable","19":"purchasable","20":"product-type-variable"},"aioseo_notices":[],"_links":{"self":[{"href":"https:\/\/www.budream.com\/de\/wp-json\/wp\/v2\/product\/178488","targetHints":{"allow":["GET"]}}],"collection":[{"href":"https:\/\/www.budream.com\/de\/wp-json\/wp\/v2\/product"}],"about":[{"href":"https:\/\/www.budream.com\/de\/wp-json\/wp\/v2\/types\/product"}],"replies":[{"embeddable":true,"href":"https:\/\/www.budream.com\/de\/wp-json\/wp\/v2\/comments?post=178488"}],"version-history":[{"count":2,"href":"https:\/\/www.budream.com\/de\/wp-json\/wp\/v2\/product\/178488\/revisions"}],"predecessor-version":[{"id":260662,"href":"https:\/\/www.budream.com\/de\/wp-json\/wp\/v2\/product\/178488\/revisions\/260662"}],"wp:featuredmedia":[{"embeddable":true,"href":"https:\/\/www.budream.com\/de\/wp-json\/wp\/v2\/media\/178477"}],"wp:attachment":[{"href":"https:\/\/www.budream.com\/de\/wp-json\/wp\/v2\/media?parent=178488"}],"wp:term":[{"taxonomy":"product_brand","embeddable":true,"href":"https:\/\/www.budream.com\/de\/wp-json\/wp\/v2\/product_brand?post=178488"},{"taxonomy":"product_cat","embeddable":true,"href":"https:\/\/www.budream.com\/de\/wp-json\/wp\/v2\/product_cat?post=178488"},{"taxonomy":"product_tag","embeddable":true,"href":"https:\/\/www.budream.com\/de\/wp-json\/wp\/v2\/product_tag?post=178488"}],"curies":[{"name":"wp","href":"https:\/\/api.w.org\/{rel}","templated":true}]}}